{"id":9657,"date":"2024-10-08T23:03:19","date_gmt":"2024-10-09T04:03:19","guid":{"rendered":"https:\/\/coexcorporation.com\/?post_type=product&#038;p=9657"},"modified":"2024-10-08T23:03:20","modified_gmt":"2024-10-09T04:03:20","slug":"participar-en-ruedas-de-negocios-internacionales","status":"publish","type":"product","link":"https:\/\/coexcorporation.com\/en\/product\/participar-en-ruedas-de-negocios-internacionales\/","title":{"rendered":"Participate in international business meetings"},"content":{"rendered":"<ul>\n<li>Foreword<\/li>\n<li>Acknowledgments<\/li>\n<li>Author biography<\/li>\n<li>Guide to participate in international business meetings<\/li>\n<\/ul>\n<ol>\n<li>Business rounds\n<ol>\n<li>What are business rounds?<\/li>\n<li>Characteristics of the business roundtables<\/li>\n<li>Operation of the business roundtables<\/li>\n<li>Types of business rounds<\/li>\n<li>Advantages of participating in business rounds<\/li>\n<\/ol>\n<\/li>\n<li>Stages of the business roundtables\n<ol>\n<li>Planning stage<\/li>\n<li>Participation stage<\/li>\n<li>Evaluation and follow-up stage<\/li>\n<\/ol>\n<\/li>\n<\/ol>\n<ul>\n<li>Conclusions<\/li>\n<li>List of references<\/li>\n<\/ul>","protected":false},"excerpt":{"rendered":"<h5>Mitigates risks, boosts results, increases productivity.<\/h5>\n<p>This document is a guide for people and companies that are looking for a practical way to know the important aspects to participate in international business meetings. It is intended to provide, from a simple point of view and with some anecdotes, various tips and relevant information that I have gathered from my real experience of participating for several years in multiple events of this type. This guide describes precisely the three stages that must be taken into account to participate in a business roundtable, mitigating risks, enhancing results, and increasing productivity.<\/p>","protected":false},"featured_media":9658,"comment_status":"open","ping_status":"closed","template":"","meta":{"content-type":"","_monsterinsights_skip_tracking":false,"_monsterinsights_sitenote_active":false,"_monsterinsights_sitenote_note":"","_monsterinsights_sitenote_category":0},"product_brand":[],"product_cat":[408],"product_tag":[],"class_list":{"0":"post-9657","1":"product","2":"type-product","3":"status-publish","4":"has-post-thumbnail","6":"product_cat-e-book","8":"first","9":"instock","10":"product-type-external"},"yoast_head":"<!-- This site is optimized with the Yoast SEO Premium plugin v23.5 (Yoast SEO v27.2) - https:\/\/yoast.com\/product\/yoast-seo-premium-wordpress\/ -->\n<title>Participar en ruedas de negocios internacionales &#187; COEX Corporation<\/title>\n<meta name=\"robots\" content=\"index, follow, max-snippet:-1, max-image-preview:large, max-video-preview:-1\" \/>\n<link rel=\"canonical\" href=\"https:\/\/coexcorporation.com\/en\/product\/participar-en-ruedas-de-negocios-internacionales\/\" \/>\n<meta property=\"og:locale\" content=\"en_US\" \/>\n<meta property=\"og:type\" content=\"article\" \/>\n<meta property=\"og:title\" content=\"Participar en ruedas de negocios internacionales\" \/>\n<meta property=\"og:description\" content=\"Mitiga riesgos, potencia resultados, aumenta la productividad. Este documento es una gu\u00eda para personas y empresas que buscan de forma pr\u00e1ctica conocer los aspectos importantes para participar en ruedas de negocios internacionales. Se busca dar a conocer desde una mirada simple y con algunas an\u00e9cdotas, diversos consejos, e informaci\u00f3n relevante, que desde mi experiencia real he recopilado al participar durante varios a\u00f1os en m\u00faltiples eventos de este tipo.Esta gu\u00eda describe de forma precisa las tres etapas que se deben tener en cuenta para participar en una rueda de negocios, mitigando riesgos, potenciando resultados, y aumentando productividad.\" \/>\n<meta property=\"og:url\" content=\"https:\/\/coexcorporation.com\/en\/product\/participar-en-ruedas-de-negocios-internacionales\/\" \/>\n<meta property=\"og:site_name\" content=\"COEX Corporation\" \/>\n<meta property=\"article:publisher\" content=\"https:\/\/www.facebook.com\/coexcorporation\" \/>\n<meta property=\"article:modified_time\" content=\"2024-10-09T04:03:20+00:00\" \/>\n<meta property=\"og:image\" content=\"https:\/\/coexcorporation.com\/wp-content\/uploads\/2024\/10\/participar-en-ruedas-de-negocios-internacionales.jpg\" \/>\n\t<meta property=\"og:image:width\" content=\"380\" \/>\n\t<meta property=\"og:image:height\" content=\"538\" \/>\n\t<meta property=\"og:image:type\" content=\"image\/jpeg\" \/>\n<meta name=\"twitter:card\" content=\"summary_large_image\" \/>\n<meta name=\"twitter:site\" content=\"@coexgroup\" \/>\n<meta name=\"twitter:label1\" content=\"Price\" \/>\n\t<meta name=\"twitter:data1\" content=\"&#036;&nbsp;14,0\" \/>\n\t<meta name=\"twitter:label2\" content=\"Availability\" \/>\n\t<meta name=\"twitter:data2\" content=\"In stock\" \/>\n<script type=\"application\/ld+json\" class=\"yoast-schema-graph\">{\"@context\":\"https:\/\/schema.org\",\"@graph\":[{\"@type\":\"WebPage\",\"@id\":\"https:\/\/coexcorporation.com\/producto\/participar-en-ruedas-de-negocios-internacionales\/\",\"url\":\"https:\/\/coexcorporation.com\/producto\/participar-en-ruedas-de-negocios-internacionales\/\",\"name\":\"Participar en ruedas de negocios internacionales &#187; COEX Corporation\",\"isPartOf\":{\"@id\":\"https:\/\/coexcorporation.com\/#website\"},\"primaryImageOfPage\":{\"@id\":\"https:\/\/coexcorporation.com\/producto\/participar-en-ruedas-de-negocios-internacionales\/#primaryimage\"},\"image\":{\"@id\":\"https:\/\/coexcorporation.com\/producto\/participar-en-ruedas-de-negocios-internacionales\/#primaryimage\"},\"thumbnailUrl\":\"https:\/\/coexcorporation.com\/wp-content\/uploads\/2024\/10\/participar-en-ruedas-de-negocios-internacionales.jpg\",\"datePublished\":\"2024-10-09T04:03:19+00:00\",\"dateModified\":\"2024-10-09T04:03:20+00:00\",\"breadcrumb\":{\"@id\":\"https:\/\/coexcorporation.com\/producto\/participar-en-ruedas-de-negocios-internacionales\/#breadcrumb\"},\"inLanguage\":\"en-US\",\"potentialAction\":[{\"@type\":\"ReadAction\",\"target\":[\"https:\/\/coexcorporation.com\/producto\/participar-en-ruedas-de-negocios-internacionales\/\"]}]},{\"@type\":\"ImageObject\",\"inLanguage\":\"en-US\",\"@id\":\"https:\/\/coexcorporation.com\/producto\/participar-en-ruedas-de-negocios-internacionales\/#primaryimage\",\"url\":\"https:\/\/coexcorporation.com\/wp-content\/uploads\/2024\/10\/participar-en-ruedas-de-negocios-internacionales.jpg\",\"contentUrl\":\"https:\/\/coexcorporation.com\/wp-content\/uploads\/2024\/10\/participar-en-ruedas-de-negocios-internacionales.jpg\",\"width\":380,\"height\":538},{\"@type\":\"BreadcrumbList\",\"@id\":\"https:\/\/coexcorporation.com\/producto\/participar-en-ruedas-de-negocios-internacionales\/#breadcrumb\",\"itemListElement\":[{\"@type\":\"ListItem\",\"position\":1,\"name\":\"Tienda\",\"item\":\"https:\/\/coexcorporation.com\/tienda\/\"},{\"@type\":\"ListItem\",\"position\":2,\"name\":\"Participar en ruedas de negocios internacionales\"}]},{\"@type\":\"WebSite\",\"@id\":\"https:\/\/coexcorporation.com\/#website\",\"url\":\"https:\/\/coexcorporation.com\/\",\"name\":\"COEX Corporation\",\"description\":\"COEX\",\"publisher\":{\"@id\":\"https:\/\/coexcorporation.com\/#organization\"},\"potentialAction\":[{\"@type\":\"SearchAction\",\"target\":{\"@type\":\"EntryPoint\",\"urlTemplate\":\"https:\/\/coexcorporation.com\/?s={search_term_string}\"},\"query-input\":{\"@type\":\"PropertyValueSpecification\",\"valueRequired\":true,\"valueName\":\"search_term_string\"}}],\"inLanguage\":\"en-US\"},{\"@type\":\"Organization\",\"@id\":\"https:\/\/coexcorporation.com\/#organization\",\"name\":\"COEX Corporation\",\"url\":\"https:\/\/coexcorporation.com\/\",\"logo\":{\"@type\":\"ImageObject\",\"inLanguage\":\"en-US\",\"@id\":\"https:\/\/coexcorporation.com\/#\/schema\/logo\/image\/\",\"url\":\"https:\/\/coexcorporation.com\/wp-content\/uploads\/2021\/09\/COEX_Corp-SF_Baja.png\",\"contentUrl\":\"https:\/\/coexcorporation.com\/wp-content\/uploads\/2021\/09\/COEX_Corp-SF_Baja.png\",\"width\":709,\"height\":321,\"caption\":\"COEX Corporation\"},\"image\":{\"@id\":\"https:\/\/coexcorporation.com\/#\/schema\/logo\/image\/\"},\"sameAs\":[\"https:\/\/www.facebook.com\/coexcorporation\",\"https:\/\/x.com\/coexgroup\",\"https:\/\/www.instagram.com\/coexcorporation\/\",\"https:\/\/www.linkedin.com\/company\/coexcorporation\/\",\"https:\/\/www.youtube.com\/c\/COEXCORPORATION\"],\"hasMerchantReturnPolicy\":{\"@type\":\"MerchantReturnPolicy\",\"merchantReturnLink\":\"https:\/\/coexcorporation.com\/en\/reembolso_devoluciones\/\"}}]}<\/script>\n<meta property=\"product:price:amount\" content=\"14.0\" \/>\n<meta property=\"product:price:currency\" content=\"USD\" \/>\n<meta property=\"og:availability\" content=\"instock\" \/>\n<meta property=\"product:availability\" content=\"instock\" \/>\n<meta property=\"product:condition\" content=\"new\" \/>\n<!-- \/ Yoast SEO Premium plugin. -->","yoast_head_json":{"title":"Participar en ruedas de negocios internacionales &#187; COEX Corporation","robots":{"index":"index","follow":"follow","max-snippet":"max-snippet:-1","max-image-preview":"max-image-preview:large","max-video-preview":"max-video-preview:-1"},"canonical":"https:\/\/coexcorporation.com\/en\/product\/participar-en-ruedas-de-negocios-internacionales\/","og_locale":"en_US","og_type":"article","og_title":"Participar en ruedas de negocios internacionales","og_description":"Mitiga riesgos, potencia resultados, aumenta la productividad. Este documento es una gu\u00eda para personas y empresas que buscan de forma pr\u00e1ctica conocer los aspectos importantes para participar en ruedas de negocios internacionales. Se busca dar a conocer desde una mirada simple y con algunas an\u00e9cdotas, diversos consejos, e informaci\u00f3n relevante, que desde mi experiencia real he recopilado al participar durante varios a\u00f1os en m\u00faltiples eventos de este tipo.Esta gu\u00eda describe de forma precisa las tres etapas que se deben tener en cuenta para participar en una rueda de negocios, mitigando riesgos, potenciando resultados, y aumentando productividad.","og_url":"https:\/\/coexcorporation.com\/en\/product\/participar-en-ruedas-de-negocios-internacionales\/","og_site_name":"COEX Corporation","article_publisher":"https:\/\/www.facebook.com\/coexcorporation","article_modified_time":"2024-10-09T04:03:20+00:00","og_image":[{"width":380,"height":538,"url":"https:\/\/coexcorporation.com\/wp-content\/uploads\/2024\/10\/participar-en-ruedas-de-negocios-internacionales.jpg","type":"image\/jpeg"}],"twitter_card":"summary_large_image","twitter_site":"@coexgroup","twitter_misc":{"Price":"&#36;&nbsp;14,0","Availability":"In stock"},"schema":{"@context":"https:\/\/schema.org","@graph":[{"@type":"WebPage","@id":"https:\/\/coexcorporation.com\/producto\/participar-en-ruedas-de-negocios-internacionales\/","url":"https:\/\/coexcorporation.com\/producto\/participar-en-ruedas-de-negocios-internacionales\/","name":"Participar en ruedas de negocios internacionales &#187; COEX Corporation","isPartOf":{"@id":"https:\/\/coexcorporation.com\/#website"},"primaryImageOfPage":{"@id":"https:\/\/coexcorporation.com\/producto\/participar-en-ruedas-de-negocios-internacionales\/#primaryimage"},"image":{"@id":"https:\/\/coexcorporation.com\/producto\/participar-en-ruedas-de-negocios-internacionales\/#primaryimage"},"thumbnailUrl":"https:\/\/coexcorporation.com\/wp-content\/uploads\/2024\/10\/participar-en-ruedas-de-negocios-internacionales.jpg","datePublished":"2024-10-09T04:03:19+00:00","dateModified":"2024-10-09T04:03:20+00:00","breadcrumb":{"@id":"https:\/\/coexcorporation.com\/producto\/participar-en-ruedas-de-negocios-internacionales\/#breadcrumb"},"inLanguage":"en-US","potentialAction":[{"@type":"ReadAction","target":["https:\/\/coexcorporation.com\/producto\/participar-en-ruedas-de-negocios-internacionales\/"]}]},{"@type":"ImageObject","inLanguage":"en-US","@id":"https:\/\/coexcorporation.com\/producto\/participar-en-ruedas-de-negocios-internacionales\/#primaryimage","url":"https:\/\/coexcorporation.com\/wp-content\/uploads\/2024\/10\/participar-en-ruedas-de-negocios-internacionales.jpg","contentUrl":"https:\/\/coexcorporation.com\/wp-content\/uploads\/2024\/10\/participar-en-ruedas-de-negocios-internacionales.jpg","width":380,"height":538},{"@type":"BreadcrumbList","@id":"https:\/\/coexcorporation.com\/producto\/participar-en-ruedas-de-negocios-internacionales\/#breadcrumb","itemListElement":[{"@type":"ListItem","position":1,"name":"Tienda","item":"https:\/\/coexcorporation.com\/tienda\/"},{"@type":"ListItem","position":2,"name":"Participar en ruedas de negocios internacionales"}]},{"@type":"WebSite","@id":"https:\/\/coexcorporation.com\/#website","url":"https:\/\/coexcorporation.com\/","name":"COEX Corporation","description":"COEX","publisher":{"@id":"https:\/\/coexcorporation.com\/#organization"},"potentialAction":[{"@type":"SearchAction","target":{"@type":"EntryPoint","urlTemplate":"https:\/\/coexcorporation.com\/?s={search_term_string}"},"query-input":{"@type":"PropertyValueSpecification","valueRequired":true,"valueName":"search_term_string"}}],"inLanguage":"en-US"},{"@type":"Organization","@id":"https:\/\/coexcorporation.com\/#organization","name":"COEX Corporation","url":"https:\/\/coexcorporation.com\/","logo":{"@type":"ImageObject","inLanguage":"en-US","@id":"https:\/\/coexcorporation.com\/#\/schema\/logo\/image\/","url":"https:\/\/coexcorporation.com\/wp-content\/uploads\/2021\/09\/COEX_Corp-SF_Baja.png","contentUrl":"https:\/\/coexcorporation.com\/wp-content\/uploads\/2021\/09\/COEX_Corp-SF_Baja.png","width":709,"height":321,"caption":"COEX Corporation"},"image":{"@id":"https:\/\/coexcorporation.com\/#\/schema\/logo\/image\/"},"sameAs":["https:\/\/www.facebook.com\/coexcorporation","https:\/\/x.com\/coexgroup","https:\/\/www.instagram.com\/coexcorporation\/","https:\/\/www.linkedin.com\/company\/coexcorporation\/","https:\/\/www.youtube.com\/c\/COEXCORPORATION"],"hasMerchantReturnPolicy":{"@type":"MerchantReturnPolicy","merchantReturnLink":"https:\/\/coexcorporation.com\/en\/reembolso_devoluciones\/"}}]},"product_price_amount":"14.0","product_price_currency":"USD","og_availability":"instock","product_availability":"instock","product_condition":"new"},"_links":{"self":[{"href":"https:\/\/coexcorporation.com\/en\/wp-json\/wp\/v2\/product\/9657","targetHints":{"allow":["GET"]}}],"collection":[{"href":"https:\/\/coexcorporation.com\/en\/wp-json\/wp\/v2\/product"}],"about":[{"href":"https:\/\/coexcorporation.com\/en\/wp-json\/wp\/v2\/types\/product"}],"replies":[{"embeddable":true,"href":"https:\/\/coexcorporation.com\/en\/wp-json\/wp\/v2\/comments?post=9657"}],"wp:featuredmedia":[{"embeddable":true,"href":"https:\/\/coexcorporation.com\/en\/wp-json\/wp\/v2\/media\/9658"}],"wp:attachment":[{"href":"https:\/\/coexcorporation.com\/en\/wp-json\/wp\/v2\/media?parent=9657"}],"wp:term":[{"taxonomy":"product_brand","embeddable":true,"href":"https:\/\/coexcorporation.com\/en\/wp-json\/wp\/v2\/product_brand?post=9657"},{"taxonomy":"product_cat","embeddable":true,"href":"https:\/\/coexcorporation.com\/en\/wp-json\/wp\/v2\/product_cat?post=9657"},{"taxonomy":"product_tag","embeddable":true,"href":"https:\/\/coexcorporation.com\/en\/wp-json\/wp\/v2\/product_tag?post=9657"}],"curies":[{"name":"wp","href":"https:\/\/api.w.org\/{rel}","templated":true}]}}