{"id":9650,"date":"2024-10-08T22:26:06","date_gmt":"2024-10-09T03:26:06","guid":{"rendered":"https:\/\/coexcorporation.com\/?post_type=product&#038;p=9650"},"modified":"2024-10-08T22:42:25","modified_gmt":"2024-10-09T03:42:25","slug":"herramientas-para-hacer-inteligencia-de-mercados","status":"publish","type":"product","link":"https:\/\/coexcorporation.com\/en\/product\/herramientas-para-hacer-inteligencia-de-mercados\/","title":{"rendered":"Market intelligence tools"},"content":{"rendered":"<p>Chapter 1. Market intelligence tools.<\/p>\n<ul>\n<li>1.1 What is market intelligence?<\/li>\n<li>1.2 Why is it important?<\/li>\n<li>1.3 What does market intelligence involve?<\/li>\n<li>1.4 Benefits of market intelligence<\/li>\n<li>1.5 Mistakes in market intelligence<\/li>\n<li>1.6 How to do the analysis<\/li>\n<\/ul>\n<p>Chapter 2. How to do business intelligence?<\/p>\n<ul>\n<li>2.1 Locate the tariff item<\/li>\n<li>2.2 How to do market intelligence in the world?\n<ul>\n<li>2.2.1 #1 Trade Map tool<\/li>\n<li>2.2.2 Tool #2 Global Trade Helpdesk (beta)<\/li>\n<li>2.2.3 #3 MacMap Tool<\/li>\n<li>2.2.4 Tool #4 Export Power Map<\/li>\n<li>2.2.5 Tool #5 Market Price Information - Real-Time Market Analysis<\/li>\n<li>2.2.6 Tool #6 Global Trade Alert - Global Trade Alert<\/li>\n<li>2.2.7 #7 Abrams Wiki Tool<\/li>\n<\/ul>\n<\/li>\n<li>2.3 How to do market intelligence in the European Union?\n<ul>\n<li>2.3.1 #8 Trade Hepdesk tool<\/li>\n<\/ul>\n<\/li>\n<li>2.4 How to conduct market intelligence in Latin American countries?\n<ul>\n<li>2.4.1 #9 Export Access Tool<\/li>\n<li>2.4.2 #10 Aladi Tool<\/li>\n<li>2.4.3 Tool #11 MARO - Regional Opportunity Map - Colombia<\/li>\n<\/ul>\n<\/li>\n<\/ul>\n<p>Chapter 3. What's the next step?<\/p>\n<p>Conclusions<\/p>\n<p>List of references<\/p>\n<p>Author biography<\/p>\n<p>&nbsp;<\/p>","protected":false},"excerpt":{"rendered":"<h5>Locate the international market for your product<\/h5>\n<p>In this e-book you will find tools for market intelligence, which will allow you to identify the country to which you can export your products, taking into account statistical data that will be the fundamental basis for analyzing markets, generating the internationalization strategy and reaching new consumers in the right way.<\/p>","protected":false},"featured_media":9651,"comment_status":"open","ping_status":"closed","template":"","meta":{"content-type":"","_monsterinsights_skip_tracking":false,"_monsterinsights_sitenote_active":false,"_monsterinsights_sitenote_note":"","_monsterinsights_sitenote_category":0},"product_brand":[],"product_cat":[408],"product_tag":[],"class_list":{"0":"post-9650","1":"product","2":"type-product","3":"status-publish","4":"has-post-thumbnail","6":"product_cat-e-book","8":"first","9":"instock","10":"product-type-external"},"yoast_head":"<!-- This site is optimized with the Yoast SEO Premium plugin v23.5 (Yoast SEO v27.2) - https:\/\/yoast.com\/product\/yoast-seo-premium-wordpress\/ -->\n<title>Herramientas para hacer inteligencia de mercados &#187; COEX Corporation<\/title>\n<meta name=\"robots\" content=\"index, follow, max-snippet:-1, max-image-preview:large, max-video-preview:-1\" \/>\n<link rel=\"canonical\" href=\"https:\/\/coexcorporation.com\/en\/product\/herramientas-para-hacer-inteligencia-de-mercados\/\" \/>\n<meta property=\"og:locale\" content=\"en_US\" \/>\n<meta property=\"og:type\" content=\"article\" \/>\n<meta property=\"og:title\" content=\"Herramientas para hacer inteligencia de mercados\" \/>\n<meta property=\"og:description\" content=\"Ubica el mercado internacional para tu producto En este e-book podr\u00e1s encontrar herramientas para realizar inteligencia de mercados, las cuales te permitir\u00e1n identificar el pa\u00eds al que puedes exportar tus productos, teniendo en cuenta los datos estad\u00edsticos que ser\u00e1n la base fundamental para analizar los mercados, generar la estrategia de internacionalizaci\u00f3n y llegar a nuevos consumidores de forma acertada.\" \/>\n<meta property=\"og:url\" content=\"https:\/\/coexcorporation.com\/en\/product\/herramientas-para-hacer-inteligencia-de-mercados\/\" \/>\n<meta property=\"og:site_name\" content=\"COEX Corporation\" \/>\n<meta property=\"article:publisher\" content=\"https:\/\/www.facebook.com\/coexcorporation\" \/>\n<meta property=\"article:modified_time\" content=\"2024-10-09T03:42:25+00:00\" \/>\n<meta property=\"og:image\" content=\"https:\/\/coexcorporation.com\/wp-content\/uploads\/2024\/10\/Libro-Herramientas-para-hacer-inteligencia-de-mercados.jpg\" \/>\n\t<meta property=\"og:image:width\" content=\"943\" \/>\n\t<meta property=\"og:image:height\" content=\"1500\" \/>\n\t<meta property=\"og:image:type\" content=\"image\/jpeg\" \/>\n<meta name=\"twitter:card\" content=\"summary_large_image\" \/>\n<meta name=\"twitter:site\" content=\"@coexgroup\" \/>\n<meta name=\"twitter:label1\" content=\"Price\" \/>\n\t<meta name=\"twitter:data1\" content=\"&#036;&nbsp;10,0\" \/>\n\t<meta name=\"twitter:label2\" content=\"Availability\" \/>\n\t<meta name=\"twitter:data2\" content=\"In stock\" \/>\n<script type=\"application\/ld+json\" class=\"yoast-schema-graph\">{\"@context\":\"https:\/\/schema.org\",\"@graph\":[{\"@type\":\"WebPage\",\"@id\":\"https:\/\/coexcorporation.com\/producto\/herramientas-para-hacer-inteligencia-de-mercados\/\",\"url\":\"https:\/\/coexcorporation.com\/producto\/herramientas-para-hacer-inteligencia-de-mercados\/\",\"name\":\"Herramientas para hacer inteligencia de mercados &#187; COEX Corporation\",\"isPartOf\":{\"@id\":\"https:\/\/coexcorporation.com\/#website\"},\"primaryImageOfPage\":{\"@id\":\"https:\/\/coexcorporation.com\/producto\/herramientas-para-hacer-inteligencia-de-mercados\/#primaryimage\"},\"image\":{\"@id\":\"https:\/\/coexcorporation.com\/producto\/herramientas-para-hacer-inteligencia-de-mercados\/#primaryimage\"},\"thumbnailUrl\":\"https:\/\/coexcorporation.com\/wp-content\/uploads\/2024\/10\/Libro-Herramientas-para-hacer-inteligencia-de-mercados.jpg\",\"datePublished\":\"2024-10-09T03:26:06+00:00\",\"dateModified\":\"2024-10-09T03:42:25+00:00\",\"breadcrumb\":{\"@id\":\"https:\/\/coexcorporation.com\/producto\/herramientas-para-hacer-inteligencia-de-mercados\/#breadcrumb\"},\"inLanguage\":\"en-US\",\"potentialAction\":[{\"@type\":\"ReadAction\",\"target\":[\"https:\/\/coexcorporation.com\/producto\/herramientas-para-hacer-inteligencia-de-mercados\/\"]}]},{\"@type\":\"ImageObject\",\"inLanguage\":\"en-US\",\"@id\":\"https:\/\/coexcorporation.com\/producto\/herramientas-para-hacer-inteligencia-de-mercados\/#primaryimage\",\"url\":\"https:\/\/coexcorporation.com\/wp-content\/uploads\/2024\/10\/Libro-Herramientas-para-hacer-inteligencia-de-mercados.jpg\",\"contentUrl\":\"https:\/\/coexcorporation.com\/wp-content\/uploads\/2024\/10\/Libro-Herramientas-para-hacer-inteligencia-de-mercados.jpg\",\"width\":943,\"height\":1500},{\"@type\":\"BreadcrumbList\",\"@id\":\"https:\/\/coexcorporation.com\/producto\/herramientas-para-hacer-inteligencia-de-mercados\/#breadcrumb\",\"itemListElement\":[{\"@type\":\"ListItem\",\"position\":1,\"name\":\"Tienda\",\"item\":\"https:\/\/coexcorporation.com\/tienda\/\"},{\"@type\":\"ListItem\",\"position\":2,\"name\":\"Herramientas para hacer inteligencia de mercados\"}]},{\"@type\":\"WebSite\",\"@id\":\"https:\/\/coexcorporation.com\/#website\",\"url\":\"https:\/\/coexcorporation.com\/\",\"name\":\"COEX Corporation\",\"description\":\"COEX\",\"publisher\":{\"@id\":\"https:\/\/coexcorporation.com\/#organization\"},\"potentialAction\":[{\"@type\":\"SearchAction\",\"target\":{\"@type\":\"EntryPoint\",\"urlTemplate\":\"https:\/\/coexcorporation.com\/?s={search_term_string}\"},\"query-input\":{\"@type\":\"PropertyValueSpecification\",\"valueRequired\":true,\"valueName\":\"search_term_string\"}}],\"inLanguage\":\"en-US\"},{\"@type\":\"Organization\",\"@id\":\"https:\/\/coexcorporation.com\/#organization\",\"name\":\"COEX Corporation\",\"url\":\"https:\/\/coexcorporation.com\/\",\"logo\":{\"@type\":\"ImageObject\",\"inLanguage\":\"en-US\",\"@id\":\"https:\/\/coexcorporation.com\/#\/schema\/logo\/image\/\",\"url\":\"https:\/\/coexcorporation.com\/wp-content\/uploads\/2021\/09\/COEX_Corp-SF_Baja.png\",\"contentUrl\":\"https:\/\/coexcorporation.com\/wp-content\/uploads\/2021\/09\/COEX_Corp-SF_Baja.png\",\"width\":709,\"height\":321,\"caption\":\"COEX Corporation\"},\"image\":{\"@id\":\"https:\/\/coexcorporation.com\/#\/schema\/logo\/image\/\"},\"sameAs\":[\"https:\/\/www.facebook.com\/coexcorporation\",\"https:\/\/x.com\/coexgroup\",\"https:\/\/www.instagram.com\/coexcorporation\/\",\"https:\/\/www.linkedin.com\/company\/coexcorporation\/\",\"https:\/\/www.youtube.com\/c\/COEXCORPORATION\"],\"hasMerchantReturnPolicy\":{\"@type\":\"MerchantReturnPolicy\",\"merchantReturnLink\":\"https:\/\/coexcorporation.com\/en\/reembolso_devoluciones\/\"}}]}<\/script>\n<meta property=\"product:price:amount\" content=\"10.0\" \/>\n<meta property=\"product:price:currency\" content=\"USD\" \/>\n<meta property=\"og:availability\" content=\"instock\" \/>\n<meta property=\"product:availability\" content=\"instock\" \/>\n<meta property=\"product:condition\" content=\"new\" \/>\n<!-- \/ Yoast SEO Premium plugin. -->","yoast_head_json":{"title":"Market Intelligence Tools \u00bb COEX Corporation","robots":{"index":"index","follow":"follow","max-snippet":"max-snippet:-1","max-image-preview":"max-image-preview:large","max-video-preview":"max-video-preview:-1"},"canonical":"https:\/\/coexcorporation.com\/en\/product\/herramientas-para-hacer-inteligencia-de-mercados\/","og_locale":"en_US","og_type":"article","og_title":"Herramientas para hacer inteligencia de mercados","og_description":"Ubica el mercado internacional para tu producto En este e-book podr\u00e1s encontrar herramientas para realizar inteligencia de mercados, las cuales te permitir\u00e1n identificar el pa\u00eds al que puedes exportar tus productos, teniendo en cuenta los datos estad\u00edsticos que ser\u00e1n la base fundamental para analizar los mercados, generar la estrategia de internacionalizaci\u00f3n y llegar a nuevos consumidores de forma acertada.","og_url":"https:\/\/coexcorporation.com\/en\/product\/herramientas-para-hacer-inteligencia-de-mercados\/","og_site_name":"COEX Corporation","article_publisher":"https:\/\/www.facebook.com\/coexcorporation","article_modified_time":"2024-10-09T03:42:25+00:00","og_image":[{"width":943,"height":1500,"url":"https:\/\/coexcorporation.com\/wp-content\/uploads\/2024\/10\/Libro-Herramientas-para-hacer-inteligencia-de-mercados.jpg","type":"image\/jpeg"}],"twitter_card":"summary_large_image","twitter_site":"@coexgroup","twitter_misc":{"Price":"&#36;&nbsp;10,0","Availability":"In stock"},"schema":{"@context":"https:\/\/schema.org","@graph":[{"@type":"WebPage","@id":"https:\/\/coexcorporation.com\/producto\/herramientas-para-hacer-inteligencia-de-mercados\/","url":"https:\/\/coexcorporation.com\/producto\/herramientas-para-hacer-inteligencia-de-mercados\/","name":"Market Intelligence Tools \u00bb COEX Corporation","isPartOf":{"@id":"https:\/\/coexcorporation.com\/#website"},"primaryImageOfPage":{"@id":"https:\/\/coexcorporation.com\/producto\/herramientas-para-hacer-inteligencia-de-mercados\/#primaryimage"},"image":{"@id":"https:\/\/coexcorporation.com\/producto\/herramientas-para-hacer-inteligencia-de-mercados\/#primaryimage"},"thumbnailUrl":"https:\/\/coexcorporation.com\/wp-content\/uploads\/2024\/10\/Libro-Herramientas-para-hacer-inteligencia-de-mercados.jpg","datePublished":"2024-10-09T03:26:06+00:00","dateModified":"2024-10-09T03:42:25+00:00","breadcrumb":{"@id":"https:\/\/coexcorporation.com\/producto\/herramientas-para-hacer-inteligencia-de-mercados\/#breadcrumb"},"inLanguage":"en-US","potentialAction":[{"@type":"ReadAction","target":["https:\/\/coexcorporation.com\/producto\/herramientas-para-hacer-inteligencia-de-mercados\/"]}]},{"@type":"ImageObject","inLanguage":"en-US","@id":"https:\/\/coexcorporation.com\/producto\/herramientas-para-hacer-inteligencia-de-mercados\/#primaryimage","url":"https:\/\/coexcorporation.com\/wp-content\/uploads\/2024\/10\/Libro-Herramientas-para-hacer-inteligencia-de-mercados.jpg","contentUrl":"https:\/\/coexcorporation.com\/wp-content\/uploads\/2024\/10\/Libro-Herramientas-para-hacer-inteligencia-de-mercados.jpg","width":943,"height":1500},{"@type":"BreadcrumbList","@id":"https:\/\/coexcorporation.com\/producto\/herramientas-para-hacer-inteligencia-de-mercados\/#breadcrumb","itemListElement":[{"@type":"ListItem","position":1,"name":"Tienda","item":"https:\/\/coexcorporation.com\/tienda\/"},{"@type":"ListItem","position":2,"name":"Herramientas para hacer inteligencia de mercados"}]},{"@type":"WebSite","@id":"https:\/\/coexcorporation.com\/#website","url":"https:\/\/coexcorporation.com\/","name":"COEX Corporation","description":"COEX","publisher":{"@id":"https:\/\/coexcorporation.com\/#organization"},"potentialAction":[{"@type":"SearchAction","target":{"@type":"EntryPoint","urlTemplate":"https:\/\/coexcorporation.com\/?s={search_term_string}"},"query-input":{"@type":"PropertyValueSpecification","valueRequired":true,"valueName":"search_term_string"}}],"inLanguage":"en-US"},{"@type":"Organization","@id":"https:\/\/coexcorporation.com\/#organization","name":"COEX Corporation","url":"https:\/\/coexcorporation.com\/","logo":{"@type":"ImageObject","inLanguage":"en-US","@id":"https:\/\/coexcorporation.com\/#\/schema\/logo\/image\/","url":"https:\/\/coexcorporation.com\/wp-content\/uploads\/2021\/09\/COEX_Corp-SF_Baja.png","contentUrl":"https:\/\/coexcorporation.com\/wp-content\/uploads\/2021\/09\/COEX_Corp-SF_Baja.png","width":709,"height":321,"caption":"COEX Corporation"},"image":{"@id":"https:\/\/coexcorporation.com\/#\/schema\/logo\/image\/"},"sameAs":["https:\/\/www.facebook.com\/coexcorporation","https:\/\/x.com\/coexgroup","https:\/\/www.instagram.com\/coexcorporation\/","https:\/\/www.linkedin.com\/company\/coexcorporation\/","https:\/\/www.youtube.com\/c\/COEXCORPORATION"],"hasMerchantReturnPolicy":{"@type":"MerchantReturnPolicy","merchantReturnLink":"https:\/\/coexcorporation.com\/en\/reembolso_devoluciones\/"}}]},"product_price_amount":"10.0","product_price_currency":"USD","og_availability":"instock","product_availability":"instock","product_condition":"new"},"_links":{"self":[{"href":"https:\/\/coexcorporation.com\/en\/wp-json\/wp\/v2\/product\/9650","targetHints":{"allow":["GET"]}}],"collection":[{"href":"https:\/\/coexcorporation.com\/en\/wp-json\/wp\/v2\/product"}],"about":[{"href":"https:\/\/coexcorporation.com\/en\/wp-json\/wp\/v2\/types\/product"}],"replies":[{"embeddable":true,"href":"https:\/\/coexcorporation.com\/en\/wp-json\/wp\/v2\/comments?post=9650"}],"wp:featuredmedia":[{"embeddable":true,"href":"https:\/\/coexcorporation.com\/en\/wp-json\/wp\/v2\/media\/9651"}],"wp:attachment":[{"href":"https:\/\/coexcorporation.com\/en\/wp-json\/wp\/v2\/media?parent=9650"}],"wp:term":[{"taxonomy":"product_brand","embeddable":true,"href":"https:\/\/coexcorporation.com\/en\/wp-json\/wp\/v2\/product_brand?post=9650"},{"taxonomy":"product_cat","embeddable":true,"href":"https:\/\/coexcorporation.com\/en\/wp-json\/wp\/v2\/product_cat?post=9650"},{"taxonomy":"product_tag","embeddable":true,"href":"https:\/\/coexcorporation.com\/en\/wp-json\/wp\/v2\/product_tag?post=9650"}],"curies":[{"name":"wp","href":"https:\/\/api.w.org\/{rel}","templated":true}]}}