{"id":9634,"date":"2024-10-08T17:30:41","date_gmt":"2024-10-08T22:30:41","guid":{"rendered":"https:\/\/coexcorporation.com\/?post_type=product&#038;p=9634"},"modified":"2025-02-27T18:14:01","modified_gmt":"2025-02-27T23:14:01","slug":"diagnostico-exportador-productos","status":"publish","type":"product","link":"https:\/\/coexcorporation.com\/en\/product\/diagnostico-exportador-productos\/","title":{"rendered":"Export Diagnosis - Products"},"content":{"rendered":"<p>The <strong>Export Readiness Diagnosis<\/strong> is a tool designed by experts in international trade and reinforced with Artificial Intelligence that will help you identify your company's strengths and areas for improvement in the internationalization process. Through a comprehensive analysis in key areas such as business strategy, finance, production, logistics, regulatory compliance and foreign trade, you will receive a detailed report with personalized recommendations to strengthen your export capacity.<\/p>\n<h3>What does this diagnosis include?<\/h3>\n<ul>\n<li><strong>Customized SWOT matrix<\/strong>An analysis of your company's Weaknesses, Opportunities, Strengths and Threats.<\/li>\n<li><strong>Executive Report<\/strong>An executive report with the results of your export capacity.<\/li>\n<li><strong>Personalized improvement plan<\/strong>An action plan with specific steps to successfully meet the challenges of international trade.<\/li>\n<li><b>Availability:<\/b> 30 days of availability for you to perform a new diagnosis if required.<\/li>\n<\/ul>\n<h3>Benefits:<\/h3>\n<ul>\n<li>Optimize your operations and strategy to access international markets.<\/li>\n<li>Increase your company's competitiveness in the face of global challenges.<\/li>\n<li>Receive a clear and personalized action plan to strengthen your export process.<\/li>\n<\/ul>\n<p>At the end you will get a <strong>report in PDF format<\/strong>which will be sent to the e-mail account registered in our system.<\/p>\n<p><iframe title=\"#DiagnosticsExporter powered by #Irtificial Intelligence\" width=\"800\" height=\"450\" src=\"https:\/\/www.youtube.com\/embed\/mUEVRUNO7rM?feature=oembed\" frameborder=\"0\" allow=\"accelerometer; autoplay; clipboard-write; encrypted-media; gyroscope; picture-in-picture; web-share\" referrerpolicy=\"strict-origin-when-cross-origin\" allowfullscreen><\/iframe><\/p>","protected":false},"excerpt":{"rendered":"<div class=\"flex max-w-full flex-col flex-grow\">\n<div class=\"min-h-8 text-message flex w-full flex-col items-end gap-2 whitespace-normal break-words [.text-message+&amp;]:mt-5\" dir=\"auto\" data-message-author-role=\"assistant\" data-message-id=\"5f33d879-59d8-417a-8a63-1856a04d7796\">\n<div class=\"flex w-full flex-col gap-1 empty:hidden first:pt-[3px]\">\n<div class=\"markdown prose w-full break-words dark:prose-invert light\">\n<h5><strong>\u00a1Prep\u00e1rate para conquistar mercados internacionales!<\/strong><\/h5>\n<\/div>\n<p>Eval\u00faa el nivel de preparaci\u00f3n de tu empresa para exportar productos a mercados internacionales. Obt\u00e9n de los <strong>expertos<\/strong> y el apoyo de <strong>Inteligencia Artificial<\/strong> un plan de mejora personalizado y enfocado en optimizar tus oportunidades de crecimiento global.<\/p>\n<\/div>\n<\/div>\n<\/div>\n","protected":false},"featured_media":9388,"comment_status":"open","ping_status":"closed","template":"","meta":{"content-type":"","_monsterinsights_skip_tracking":false,"_monsterinsights_sitenote_active":false,"_monsterinsights_sitenote_note":"","_monsterinsights_sitenote_category":0},"product_brand":[],"product_cat":[403],"product_tag":[],"class_list":{"0":"post-9634","1":"product","2":"type-product","3":"status-publish","4":"has-post-thumbnail","6":"product_cat-herramientas-de-internacionalizacion","8":"first","9":"instock","10":"sale","11":"virtual","12":"sold-individually","13":"purchasable","14":"product-type-simple"},"yoast_head":"<!-- This site is optimized with the Yoast SEO Premium plugin v23.5 (Yoast SEO v27.5) - https:\/\/yoast.com\/product\/yoast-seo-premium-wordpress\/ -->\n<title>Diagn\u00f3stico Exportador \u2013 Productos &#187; COEX Corporation<\/title>\n<meta name=\"robots\" content=\"index, follow, max-snippet:-1, max-image-preview:large, max-video-preview:-1\" \/>\n<link rel=\"canonical\" href=\"https:\/\/coexcorporation.com\/en\/product\/diagnostico-exportador-productos\/\" \/>\n<meta property=\"og:locale\" content=\"en_US\" \/>\n<meta property=\"og:type\" content=\"article\" \/>\n<meta property=\"og:title\" content=\"Diagn\u00f3stico Exportador \u2013 Productos\" \/>\n<meta property=\"og:description\" content=\"\u00a1Prep\u00e1rate para conquistar mercados internacionales!  Eval\u00faa el nivel de preparaci\u00f3n de tu empresa para exportar productos a mercados internacionales. Obt\u00e9n de los expertos y el apoyo de Inteligencia Artificial un plan de mejora personalizado y enfocado en optimizar tus oportunidades de crecimiento global.\" \/>\n<meta property=\"og:url\" content=\"https:\/\/coexcorporation.com\/en\/product\/diagnostico-exportador-productos\/\" \/>\n<meta property=\"og:site_name\" content=\"COEX Corporation\" \/>\n<meta property=\"article:publisher\" content=\"https:\/\/www.facebook.com\/coexcorporation\" \/>\n<meta property=\"article:modified_time\" content=\"2025-02-27T23:14:01+00:00\" \/>\n<meta property=\"og:image\" content=\"https:\/\/coexcorporation.com\/wp-content\/uploads\/2024\/10\/Diagnostico-exportador-productos.jpg\" \/>\n\t<meta property=\"og:image:width\" content=\"1280\" \/>\n\t<meta property=\"og:image:height\" content=\"853\" \/>\n\t<meta property=\"og:image:type\" content=\"image\/jpeg\" \/>\n<meta name=\"twitter:card\" content=\"summary_large_image\" \/>\n<meta name=\"twitter:site\" content=\"@coexgroup\" \/>\n<meta name=\"twitter:label1\" content=\"Price\" \/>\n\t<meta name=\"twitter:data1\" content=\"&#036;&nbsp;12,9\" \/>\n\t<meta name=\"twitter:label2\" content=\"Availability\" \/>\n\t<meta name=\"twitter:data2\" content=\"In stock\" \/>\n<script type=\"application\/ld+json\" class=\"yoast-schema-graph\">{\"@context\":\"https:\\\/\\\/schema.org\",\"@graph\":[{\"@type\":\"WebPage\",\"@id\":\"https:\\\/\\\/coexcorporation.com\\\/producto\\\/diagnostico-exportador-productos\\\/\",\"url\":\"https:\\\/\\\/coexcorporation.com\\\/producto\\\/diagnostico-exportador-productos\\\/\",\"name\":\"Diagn\u00f3stico Exportador \u2013 Productos &#187; COEX Corporation\",\"isPartOf\":{\"@id\":\"https:\\\/\\\/coexcorporation.com\\\/#website\"},\"primaryImageOfPage\":{\"@id\":\"https:\\\/\\\/coexcorporation.com\\\/producto\\\/diagnostico-exportador-productos\\\/#primaryimage\"},\"image\":{\"@id\":\"https:\\\/\\\/coexcorporation.com\\\/producto\\\/diagnostico-exportador-productos\\\/#primaryimage\"},\"thumbnailUrl\":\"https:\\\/\\\/coexcorporation.com\\\/wp-content\\\/uploads\\\/2024\\\/10\\\/Diagnostico-exportador-productos.jpg\",\"datePublished\":\"2024-10-08T22:30:41+00:00\",\"dateModified\":\"2025-02-27T23:14:01+00:00\",\"breadcrumb\":{\"@id\":\"https:\\\/\\\/coexcorporation.com\\\/producto\\\/diagnostico-exportador-productos\\\/#breadcrumb\"},\"inLanguage\":\"en-US\",\"potentialAction\":[{\"@type\":\"ReadAction\",\"target\":[\"https:\\\/\\\/coexcorporation.com\\\/producto\\\/diagnostico-exportador-productos\\\/\"]}]},{\"@type\":\"ImageObject\",\"inLanguage\":\"en-US\",\"@id\":\"https:\\\/\\\/coexcorporation.com\\\/producto\\\/diagnostico-exportador-productos\\\/#primaryimage\",\"url\":\"https:\\\/\\\/coexcorporation.com\\\/wp-content\\\/uploads\\\/2024\\\/10\\\/Diagnostico-exportador-productos.jpg\",\"contentUrl\":\"https:\\\/\\\/coexcorporation.com\\\/wp-content\\\/uploads\\\/2024\\\/10\\\/Diagnostico-exportador-productos.jpg\",\"width\":1280,\"height\":853},{\"@type\":\"BreadcrumbList\",\"@id\":\"https:\\\/\\\/coexcorporation.com\\\/producto\\\/diagnostico-exportador-productos\\\/#breadcrumb\",\"itemListElement\":[{\"@type\":\"ListItem\",\"position\":1,\"name\":\"Tienda\",\"item\":\"https:\\\/\\\/coexcorporation.com\\\/tienda\\\/\"},{\"@type\":\"ListItem\",\"position\":2,\"name\":\"Diagn\u00f3stico Exportador \u2013 Productos\"}]},{\"@type\":\"WebSite\",\"@id\":\"https:\\\/\\\/coexcorporation.com\\\/#website\",\"url\":\"https:\\\/\\\/coexcorporation.com\\\/\",\"name\":\"COEX Corporation\",\"description\":\"COEX\",\"publisher\":{\"@id\":\"https:\\\/\\\/coexcorporation.com\\\/#organization\"},\"potentialAction\":[{\"@type\":\"SearchAction\",\"target\":{\"@type\":\"EntryPoint\",\"urlTemplate\":\"https:\\\/\\\/coexcorporation.com\\\/?s={search_term_string}\"},\"query-input\":{\"@type\":\"PropertyValueSpecification\",\"valueRequired\":true,\"valueName\":\"search_term_string\"}}],\"inLanguage\":\"en-US\"},{\"@type\":\"Organization\",\"@id\":\"https:\\\/\\\/coexcorporation.com\\\/#organization\",\"name\":\"COEX Corporation\",\"url\":\"https:\\\/\\\/coexcorporation.com\\\/\",\"logo\":{\"@type\":\"ImageObject\",\"inLanguage\":\"en-US\",\"@id\":\"https:\\\/\\\/coexcorporation.com\\\/#\\\/schema\\\/logo\\\/image\\\/\",\"url\":\"https:\\\/\\\/coexcorporation.com\\\/wp-content\\\/uploads\\\/2021\\\/09\\\/COEX_Corp-SF_Baja.png\",\"contentUrl\":\"https:\\\/\\\/coexcorporation.com\\\/wp-content\\\/uploads\\\/2021\\\/09\\\/COEX_Corp-SF_Baja.png\",\"width\":709,\"height\":321,\"caption\":\"COEX Corporation\"},\"image\":{\"@id\":\"https:\\\/\\\/coexcorporation.com\\\/#\\\/schema\\\/logo\\\/image\\\/\"},\"sameAs\":[\"https:\\\/\\\/www.facebook.com\\\/coexcorporation\",\"https:\\\/\\\/x.com\\\/coexgroup\",\"https:\\\/\\\/www.instagram.com\\\/coexcorporation\\\/\",\"https:\\\/\\\/www.linkedin.com\\\/company\\\/coexcorporation\\\/\",\"https:\\\/\\\/www.youtube.com\\\/c\\\/COEXCORPORATION\"],\"hasMerchantReturnPolicy\":{\"@type\":\"MerchantReturnPolicy\",\"merchantReturnLink\":\"https:\\\/\\\/coexcorporation.com\\\/en\\\/reembolso_devoluciones\\\/\"}}]}<\/script>\n<meta property=\"product:price:amount\" content=\"12.9\" \/>\n<meta property=\"product:price:currency\" content=\"USD\" \/>\n<meta property=\"og:availability\" content=\"instock\" \/>\n<meta property=\"product:availability\" content=\"instock\" \/>\n<meta property=\"product:condition\" content=\"new\" \/>\n<!-- \/ Yoast SEO Premium plugin. -->","yoast_head_json":{"title":"Export Diagnosis - Products \u00bb COEX Corporation","robots":{"index":"index","follow":"follow","max-snippet":"max-snippet:-1","max-image-preview":"max-image-preview:large","max-video-preview":"max-video-preview:-1"},"canonical":"https:\/\/coexcorporation.com\/en\/product\/diagnostico-exportador-productos\/","og_locale":"en_US","og_type":"article","og_title":"Diagn\u00f3stico Exportador \u2013 Productos","og_description":"\u00a1Prep\u00e1rate para conquistar mercados internacionales!  Eval\u00faa el nivel de preparaci\u00f3n de tu empresa para exportar productos a mercados internacionales. Obt\u00e9n de los expertos y el apoyo de Inteligencia Artificial un plan de mejora personalizado y enfocado en optimizar tus oportunidades de crecimiento global.","og_url":"https:\/\/coexcorporation.com\/en\/product\/diagnostico-exportador-productos\/","og_site_name":"COEX Corporation","article_publisher":"https:\/\/www.facebook.com\/coexcorporation","article_modified_time":"2025-02-27T23:14:01+00:00","og_image":[{"width":1280,"height":853,"url":"https:\/\/coexcorporation.com\/wp-content\/uploads\/2024\/10\/Diagnostico-exportador-productos.jpg","type":"image\/jpeg"}],"twitter_card":"summary_large_image","twitter_site":"@coexgroup","twitter_misc":{"Price":"&#36;&nbsp;12,9","Availability":"In stock"},"schema":{"@context":"https:\/\/schema.org","@graph":[{"@type":"WebPage","@id":"https:\/\/coexcorporation.com\/producto\/diagnostico-exportador-productos\/","url":"https:\/\/coexcorporation.com\/producto\/diagnostico-exportador-productos\/","name":"Export Diagnosis - Products \u00bb COEX Corporation","isPartOf":{"@id":"https:\/\/coexcorporation.com\/#website"},"primaryImageOfPage":{"@id":"https:\/\/coexcorporation.com\/producto\/diagnostico-exportador-productos\/#primaryimage"},"image":{"@id":"https:\/\/coexcorporation.com\/producto\/diagnostico-exportador-productos\/#primaryimage"},"thumbnailUrl":"https:\/\/coexcorporation.com\/wp-content\/uploads\/2024\/10\/Diagnostico-exportador-productos.jpg","datePublished":"2024-10-08T22:30:41+00:00","dateModified":"2025-02-27T23:14:01+00:00","breadcrumb":{"@id":"https:\/\/coexcorporation.com\/producto\/diagnostico-exportador-productos\/#breadcrumb"},"inLanguage":"en-US","potentialAction":[{"@type":"ReadAction","target":["https:\/\/coexcorporation.com\/producto\/diagnostico-exportador-productos\/"]}]},{"@type":"ImageObject","inLanguage":"en-US","@id":"https:\/\/coexcorporation.com\/producto\/diagnostico-exportador-productos\/#primaryimage","url":"https:\/\/coexcorporation.com\/wp-content\/uploads\/2024\/10\/Diagnostico-exportador-productos.jpg","contentUrl":"https:\/\/coexcorporation.com\/wp-content\/uploads\/2024\/10\/Diagnostico-exportador-productos.jpg","width":1280,"height":853},{"@type":"BreadcrumbList","@id":"https:\/\/coexcorporation.com\/producto\/diagnostico-exportador-productos\/#breadcrumb","itemListElement":[{"@type":"ListItem","position":1,"name":"Tienda","item":"https:\/\/coexcorporation.com\/tienda\/"},{"@type":"ListItem","position":2,"name":"Diagn\u00f3stico Exportador \u2013 Productos"}]},{"@type":"WebSite","@id":"https:\/\/coexcorporation.com\/#website","url":"https:\/\/coexcorporation.com\/","name":"COEX Corporation","description":"COEX","publisher":{"@id":"https:\/\/coexcorporation.com\/#organization"},"potentialAction":[{"@type":"SearchAction","target":{"@type":"EntryPoint","urlTemplate":"https:\/\/coexcorporation.com\/?s={search_term_string}"},"query-input":{"@type":"PropertyValueSpecification","valueRequired":true,"valueName":"search_term_string"}}],"inLanguage":"en-US"},{"@type":"Organization","@id":"https:\/\/coexcorporation.com\/#organization","name":"COEX Corporation","url":"https:\/\/coexcorporation.com\/","logo":{"@type":"ImageObject","inLanguage":"en-US","@id":"https:\/\/coexcorporation.com\/#\/schema\/logo\/image\/","url":"https:\/\/coexcorporation.com\/wp-content\/uploads\/2021\/09\/COEX_Corp-SF_Baja.png","contentUrl":"https:\/\/coexcorporation.com\/wp-content\/uploads\/2021\/09\/COEX_Corp-SF_Baja.png","width":709,"height":321,"caption":"COEX Corporation"},"image":{"@id":"https:\/\/coexcorporation.com\/#\/schema\/logo\/image\/"},"sameAs":["https:\/\/www.facebook.com\/coexcorporation","https:\/\/x.com\/coexgroup","https:\/\/www.instagram.com\/coexcorporation\/","https:\/\/www.linkedin.com\/company\/coexcorporation\/","https:\/\/www.youtube.com\/c\/COEXCORPORATION"],"hasMerchantReturnPolicy":{"@type":"MerchantReturnPolicy","merchantReturnLink":"https:\/\/coexcorporation.com\/en\/reembolso_devoluciones\/"}}]},"product_price_amount":"12.9","product_price_currency":"USD","og_availability":"instock","product_availability":"instock","product_condition":"new"},"_links":{"self":[{"href":"https:\/\/coexcorporation.com\/en\/wp-json\/wp\/v2\/product\/9634","targetHints":{"allow":["GET"]}}],"collection":[{"href":"https:\/\/coexcorporation.com\/en\/wp-json\/wp\/v2\/product"}],"about":[{"href":"https:\/\/coexcorporation.com\/en\/wp-json\/wp\/v2\/types\/product"}],"replies":[{"embeddable":true,"href":"https:\/\/coexcorporation.com\/en\/wp-json\/wp\/v2\/comments?post=9634"}],"wp:featuredmedia":[{"embeddable":true,"href":"https:\/\/coexcorporation.com\/en\/wp-json\/wp\/v2\/media\/9388"}],"wp:attachment":[{"href":"https:\/\/coexcorporation.com\/en\/wp-json\/wp\/v2\/media?parent=9634"}],"wp:term":[{"taxonomy":"product_brand","embeddable":true,"href":"https:\/\/coexcorporation.com\/en\/wp-json\/wp\/v2\/product_brand?post=9634"},{"taxonomy":"product_cat","embeddable":true,"href":"https:\/\/coexcorporation.com\/en\/wp-json\/wp\/v2\/product_cat?post=9634"},{"taxonomy":"product_tag","embeddable":true,"href":"https:\/\/coexcorporation.com\/en\/wp-json\/wp\/v2\/product_tag?post=9634"}],"curies":[{"name":"wp","href":"https:\/\/api.w.org\/{rel}","templated":true}]}}