{"id":9465,"date":"2024-10-04T16:12:36","date_gmt":"2024-10-04T21:12:36","guid":{"rendered":"https:\/\/coexcorporation.com\/?post_type=product&#038;p=9465"},"modified":"2025-10-23T22:14:26","modified_gmt":"2025-10-24T03:14:26","slug":"mision-empresarial-multisectorial-comex-connect","status":"publish","type":"product","link":"https:\/\/coexcorporation.com\/en\/product\/mision-empresarial-multisectorial-comex-connect\/","title":{"rendered":"Third Edition of the Comex Connect Multisectorial Business Mission !"},"content":{"rendered":"<ul>\n<li>Lodging in double occupancy<\/li>\n<li>Breakfast<\/li>\n<li>Transportation airport-hotel-hotel-airport<\/li>\n<li>Local transportation<\/li>\n<li>Agenda of diplomatic and business visits<\/li>\n<li>Welcome Kit<\/li>\n<\/ul>\n<blockquote class=\"wp-embedded-content\" data-secret=\"x1ZTv3p4lQ\"><p><a href=\"https:\/\/coexcorporation.com\/en\/eventos\/tercera-edicion-de-la-mision-empresarial-multisectorial-comex-connect\/\">Third Edition of the Comex Connect Multisectorial Business Mission !<\/a><\/p><\/blockquote>\n<p><iframe class=\"wp-embedded-content\" sandbox=\"allow-scripts\" security=\"restricted\" style=\"position: absolute; visibility: hidden;\" title=\"\u00abThird Edition of the Comex Connect Multisectorial Business Mission \u00a1\u00bb - COEX Corporation\" src=\"https:\/\/coexcorporation.com\/eventos\/tercera-edicion-de-la-mision-empresarial-multisectorial-comex-connect\/embed\/#?secret=FEKkeQgZXb#?secret=x1ZTv3p4lQ\" data-secret=\"x1ZTv3p4lQ\" width=\"600\" height=\"338\" frameborder=\"0\" marginwidth=\"0\" marginheight=\"0\" scrolling=\"no\"><\/iframe><\/p>","protected":false},"excerpt":{"rendered":"<h5><b>A Week of Exploration and Connections in Panama<\/b><\/h5>\n<ul>\n<li>Expand your network and meet leaders in foreign trade and logistics.<\/li>\n<li>Acquire key skills to boost your career in a global environment<\/li>\n<li>Visit the most relevant fairs in Panama and locate suppliers of products and services.<\/li>\n<li>Experience the beauty and vibrant culture of Panama.<\/li>\n<\/ul>","protected":false},"featured_media":11517,"comment_status":"open","ping_status":"closed","template":"","meta":{"content-type":"","_monsterinsights_skip_tracking":false,"_monsterinsights_sitenote_active":false,"_monsterinsights_sitenote_note":"","_monsterinsights_sitenote_category":0},"product_brand":[],"product_cat":[405],"product_tag":[],"class_list":{"0":"post-9465","1":"product","2":"type-product","3":"status-publish","4":"has-post-thumbnail","6":"product_cat-mision-empresarial","8":"first","9":"instock","10":"virtual","11":"purchasable","12":"product-type-simple"},"yoast_head":"<!-- This site is optimized with the Yoast SEO Premium plugin v23.5 (Yoast SEO v27.5) - https:\/\/yoast.com\/product\/yoast-seo-premium-wordpress\/ -->\n<title>\u00a1 Tercera Edici\u00f3n de la Misi\u00f3n Empresarial Multisectorial Comex Connect \u00a1 &#187; COEX Corporation<\/title>\n<meta name=\"robots\" content=\"index, follow, max-snippet:-1, max-image-preview:large, max-video-preview:-1\" \/>\n<link rel=\"canonical\" href=\"https:\/\/coexcorporation.com\/en\/product\/mision-empresarial-multisectorial-comex-connect\/\" \/>\n<meta property=\"og:locale\" content=\"en_US\" \/>\n<meta property=\"og:type\" content=\"article\" \/>\n<meta property=\"og:title\" content=\"\u00a1 Tercera Edici\u00f3n de la Misi\u00f3n Empresarial Multisectorial Comex Connect \u00a1\" \/>\n<meta property=\"og:description\" content=\"Una Semana de Exploraci\u00f3n y Conexiones en Panam\u00e1   Ampl\u00eda tu red de contactos y conoce a l\u00edderes en comercio exterior y log\u00edstica  Adquiere conocimientos clave para impulsar tu carrera en un entorno global  Visita las ferias m\u00e1s relevantes de Panam\u00e1 y ubica proveedores de productos y servicios  Experimenta la belleza y la cultura vibrante de Panam\u00e1\" \/>\n<meta property=\"og:url\" content=\"https:\/\/coexcorporation.com\/en\/product\/mision-empresarial-multisectorial-comex-connect\/\" \/>\n<meta property=\"og:site_name\" content=\"COEX Corporation\" \/>\n<meta property=\"article:publisher\" content=\"https:\/\/www.facebook.com\/coexcorporation\" \/>\n<meta property=\"article:modified_time\" content=\"2025-10-24T03:14:26+00:00\" \/>\n<meta property=\"og:image\" content=\"https:\/\/coexcorporation.com\/wp-content\/uploads\/2025\/10\/mision-Panama-2026.png\" \/>\n\t<meta property=\"og:image:width\" content=\"1080\" \/>\n\t<meta property=\"og:image:height\" content=\"1350\" \/>\n\t<meta property=\"og:image:type\" content=\"image\/png\" \/>\n<meta name=\"twitter:card\" content=\"summary_large_image\" \/>\n<meta name=\"twitter:site\" content=\"@coexgroup\" \/>\n<meta name=\"twitter:label1\" content=\"Price\" \/>\n\t<meta name=\"twitter:data1\" content=\"&#036;&nbsp;1.380,0\" \/>\n\t<meta name=\"twitter:label2\" content=\"Availability\" \/>\n\t<meta name=\"twitter:data2\" content=\"In stock\" \/>\n<script type=\"application\/ld+json\" class=\"yoast-schema-graph\">{\"@context\":\"https:\\\/\\\/schema.org\",\"@graph\":[{\"@type\":\"WebPage\",\"@id\":\"https:\\\/\\\/coexcorporation.com\\\/producto\\\/mision-empresarial-multisectorial-comex-connect\\\/\",\"url\":\"https:\\\/\\\/coexcorporation.com\\\/producto\\\/mision-empresarial-multisectorial-comex-connect\\\/\",\"name\":\"\u00a1 Tercera Edici\u00f3n de la Misi\u00f3n Empresarial Multisectorial Comex Connect \u00a1 &#187; COEX Corporation\",\"isPartOf\":{\"@id\":\"https:\\\/\\\/coexcorporation.com\\\/#website\"},\"primaryImageOfPage\":{\"@id\":\"https:\\\/\\\/coexcorporation.com\\\/producto\\\/mision-empresarial-multisectorial-comex-connect\\\/#primaryimage\"},\"image\":{\"@id\":\"https:\\\/\\\/coexcorporation.com\\\/producto\\\/mision-empresarial-multisectorial-comex-connect\\\/#primaryimage\"},\"thumbnailUrl\":\"https:\\\/\\\/coexcorporation.com\\\/wp-content\\\/uploads\\\/2025\\\/10\\\/mision-Panama-2026.png\",\"datePublished\":\"2024-10-04T21:12:36+00:00\",\"dateModified\":\"2025-10-24T03:14:26+00:00\",\"breadcrumb\":{\"@id\":\"https:\\\/\\\/coexcorporation.com\\\/producto\\\/mision-empresarial-multisectorial-comex-connect\\\/#breadcrumb\"},\"inLanguage\":\"en-US\",\"potentialAction\":[{\"@type\":\"ReadAction\",\"target\":[\"https:\\\/\\\/coexcorporation.com\\\/producto\\\/mision-empresarial-multisectorial-comex-connect\\\/\"]}]},{\"@type\":\"ImageObject\",\"inLanguage\":\"en-US\",\"@id\":\"https:\\\/\\\/coexcorporation.com\\\/producto\\\/mision-empresarial-multisectorial-comex-connect\\\/#primaryimage\",\"url\":\"https:\\\/\\\/coexcorporation.com\\\/wp-content\\\/uploads\\\/2025\\\/10\\\/mision-Panama-2026.png\",\"contentUrl\":\"https:\\\/\\\/coexcorporation.com\\\/wp-content\\\/uploads\\\/2025\\\/10\\\/mision-Panama-2026.png\",\"width\":1080,\"height\":1350},{\"@type\":\"BreadcrumbList\",\"@id\":\"https:\\\/\\\/coexcorporation.com\\\/producto\\\/mision-empresarial-multisectorial-comex-connect\\\/#breadcrumb\",\"itemListElement\":[{\"@type\":\"ListItem\",\"position\":1,\"name\":\"Tienda\",\"item\":\"https:\\\/\\\/coexcorporation.com\\\/tienda\\\/\"},{\"@type\":\"ListItem\",\"position\":2,\"name\":\"\u00a1 Tercera Edici\u00f3n de la Misi\u00f3n Empresarial Multisectorial Comex Connect \u00a1\"}]},{\"@type\":\"WebSite\",\"@id\":\"https:\\\/\\\/coexcorporation.com\\\/#website\",\"url\":\"https:\\\/\\\/coexcorporation.com\\\/\",\"name\":\"COEX Corporation\",\"description\":\"COEX\",\"publisher\":{\"@id\":\"https:\\\/\\\/coexcorporation.com\\\/#organization\"},\"potentialAction\":[{\"@type\":\"SearchAction\",\"target\":{\"@type\":\"EntryPoint\",\"urlTemplate\":\"https:\\\/\\\/coexcorporation.com\\\/?s={search_term_string}\"},\"query-input\":{\"@type\":\"PropertyValueSpecification\",\"valueRequired\":true,\"valueName\":\"search_term_string\"}}],\"inLanguage\":\"en-US\"},{\"@type\":\"Organization\",\"@id\":\"https:\\\/\\\/coexcorporation.com\\\/#organization\",\"name\":\"COEX Corporation\",\"url\":\"https:\\\/\\\/coexcorporation.com\\\/\",\"logo\":{\"@type\":\"ImageObject\",\"inLanguage\":\"en-US\",\"@id\":\"https:\\\/\\\/coexcorporation.com\\\/#\\\/schema\\\/logo\\\/image\\\/\",\"url\":\"https:\\\/\\\/coexcorporation.com\\\/wp-content\\\/uploads\\\/2021\\\/09\\\/COEX_Corp-SF_Baja.png\",\"contentUrl\":\"https:\\\/\\\/coexcorporation.com\\\/wp-content\\\/uploads\\\/2021\\\/09\\\/COEX_Corp-SF_Baja.png\",\"width\":709,\"height\":321,\"caption\":\"COEX Corporation\"},\"image\":{\"@id\":\"https:\\\/\\\/coexcorporation.com\\\/#\\\/schema\\\/logo\\\/image\\\/\"},\"sameAs\":[\"https:\\\/\\\/www.facebook.com\\\/coexcorporation\",\"https:\\\/\\\/x.com\\\/coexgroup\",\"https:\\\/\\\/www.instagram.com\\\/coexcorporation\\\/\",\"https:\\\/\\\/www.linkedin.com\\\/company\\\/coexcorporation\\\/\",\"https:\\\/\\\/www.youtube.com\\\/c\\\/COEXCORPORATION\"],\"hasMerchantReturnPolicy\":{\"@type\":\"MerchantReturnPolicy\",\"merchantReturnLink\":\"https:\\\/\\\/coexcorporation.com\\\/en\\\/reembolso_devoluciones\\\/\"}}]}<\/script>\n<meta property=\"product:price:amount\" content=\"1380.0\" \/>\n<meta property=\"product:price:currency\" content=\"USD\" \/>\n<meta property=\"og:availability\" content=\"instock\" \/>\n<meta property=\"product:availability\" content=\"instock\" \/>\n<meta property=\"product:condition\" content=\"new\" \/>\n<!-- \/ Yoast SEO Premium plugin. -->","yoast_head_json":{"title":"Third Edition of the Comex Connect Multisectorial Business Mission \u00a1 \u00bb COEX Corporation","robots":{"index":"index","follow":"follow","max-snippet":"max-snippet:-1","max-image-preview":"max-image-preview:large","max-video-preview":"max-video-preview:-1"},"canonical":"https:\/\/coexcorporation.com\/en\/product\/mision-empresarial-multisectorial-comex-connect\/","og_locale":"en_US","og_type":"article","og_title":"\u00a1 Tercera Edici\u00f3n de la Misi\u00f3n Empresarial Multisectorial Comex Connect \u00a1","og_description":"Una Semana de Exploraci\u00f3n y Conexiones en Panam\u00e1   Ampl\u00eda tu red de contactos y conoce a l\u00edderes en comercio exterior y log\u00edstica  Adquiere conocimientos clave para impulsar tu carrera en un entorno global  Visita las ferias m\u00e1s relevantes de Panam\u00e1 y ubica proveedores de productos y servicios  Experimenta la belleza y la cultura vibrante de Panam\u00e1","og_url":"https:\/\/coexcorporation.com\/en\/product\/mision-empresarial-multisectorial-comex-connect\/","og_site_name":"COEX Corporation","article_publisher":"https:\/\/www.facebook.com\/coexcorporation","article_modified_time":"2025-10-24T03:14:26+00:00","og_image":[{"width":1080,"height":1350,"url":"https:\/\/coexcorporation.com\/wp-content\/uploads\/2025\/10\/mision-Panama-2026.png","type":"image\/png"}],"twitter_card":"summary_large_image","twitter_site":"@coexgroup","twitter_misc":{"Price":"&#36;&nbsp;1.380,0","Availability":"In stock"},"schema":{"@context":"https:\/\/schema.org","@graph":[{"@type":"WebPage","@id":"https:\/\/coexcorporation.com\/producto\/mision-empresarial-multisectorial-comex-connect\/","url":"https:\/\/coexcorporation.com\/producto\/mision-empresarial-multisectorial-comex-connect\/","name":"Third Edition of the Comex Connect Multisectorial Business Mission \u00a1 \u00bb COEX Corporation","isPartOf":{"@id":"https:\/\/coexcorporation.com\/#website"},"primaryImageOfPage":{"@id":"https:\/\/coexcorporation.com\/producto\/mision-empresarial-multisectorial-comex-connect\/#primaryimage"},"image":{"@id":"https:\/\/coexcorporation.com\/producto\/mision-empresarial-multisectorial-comex-connect\/#primaryimage"},"thumbnailUrl":"https:\/\/coexcorporation.com\/wp-content\/uploads\/2025\/10\/mision-Panama-2026.png","datePublished":"2024-10-04T21:12:36+00:00","dateModified":"2025-10-24T03:14:26+00:00","breadcrumb":{"@id":"https:\/\/coexcorporation.com\/producto\/mision-empresarial-multisectorial-comex-connect\/#breadcrumb"},"inLanguage":"en-US","potentialAction":[{"@type":"ReadAction","target":["https:\/\/coexcorporation.com\/producto\/mision-empresarial-multisectorial-comex-connect\/"]}]},{"@type":"ImageObject","inLanguage":"en-US","@id":"https:\/\/coexcorporation.com\/producto\/mision-empresarial-multisectorial-comex-connect\/#primaryimage","url":"https:\/\/coexcorporation.com\/wp-content\/uploads\/2025\/10\/mision-Panama-2026.png","contentUrl":"https:\/\/coexcorporation.com\/wp-content\/uploads\/2025\/10\/mision-Panama-2026.png","width":1080,"height":1350},{"@type":"BreadcrumbList","@id":"https:\/\/coexcorporation.com\/producto\/mision-empresarial-multisectorial-comex-connect\/#breadcrumb","itemListElement":[{"@type":"ListItem","position":1,"name":"Tienda","item":"https:\/\/coexcorporation.com\/tienda\/"},{"@type":"ListItem","position":2,"name":"\u00a1 Tercera Edici\u00f3n de la Misi\u00f3n Empresarial Multisectorial Comex Connect \u00a1"}]},{"@type":"WebSite","@id":"https:\/\/coexcorporation.com\/#website","url":"https:\/\/coexcorporation.com\/","name":"COEX Corporation","description":"COEX","publisher":{"@id":"https:\/\/coexcorporation.com\/#organization"},"potentialAction":[{"@type":"SearchAction","target":{"@type":"EntryPoint","urlTemplate":"https:\/\/coexcorporation.com\/?s={search_term_string}"},"query-input":{"@type":"PropertyValueSpecification","valueRequired":true,"valueName":"search_term_string"}}],"inLanguage":"en-US"},{"@type":"Organization","@id":"https:\/\/coexcorporation.com\/#organization","name":"COEX Corporation","url":"https:\/\/coexcorporation.com\/","logo":{"@type":"ImageObject","inLanguage":"en-US","@id":"https:\/\/coexcorporation.com\/#\/schema\/logo\/image\/","url":"https:\/\/coexcorporation.com\/wp-content\/uploads\/2021\/09\/COEX_Corp-SF_Baja.png","contentUrl":"https:\/\/coexcorporation.com\/wp-content\/uploads\/2021\/09\/COEX_Corp-SF_Baja.png","width":709,"height":321,"caption":"COEX Corporation"},"image":{"@id":"https:\/\/coexcorporation.com\/#\/schema\/logo\/image\/"},"sameAs":["https:\/\/www.facebook.com\/coexcorporation","https:\/\/x.com\/coexgroup","https:\/\/www.instagram.com\/coexcorporation\/","https:\/\/www.linkedin.com\/company\/coexcorporation\/","https:\/\/www.youtube.com\/c\/COEXCORPORATION"],"hasMerchantReturnPolicy":{"@type":"MerchantReturnPolicy","merchantReturnLink":"https:\/\/coexcorporation.com\/en\/reembolso_devoluciones\/"}}]},"product_price_amount":"1380.0","product_price_currency":"USD","og_availability":"instock","product_availability":"instock","product_condition":"new"},"_links":{"self":[{"href":"https:\/\/coexcorporation.com\/en\/wp-json\/wp\/v2\/product\/9465","targetHints":{"allow":["GET"]}}],"collection":[{"href":"https:\/\/coexcorporation.com\/en\/wp-json\/wp\/v2\/product"}],"about":[{"href":"https:\/\/coexcorporation.com\/en\/wp-json\/wp\/v2\/types\/product"}],"replies":[{"embeddable":true,"href":"https:\/\/coexcorporation.com\/en\/wp-json\/wp\/v2\/comments?post=9465"}],"wp:featuredmedia":[{"embeddable":true,"href":"https:\/\/coexcorporation.com\/en\/wp-json\/wp\/v2\/media\/11517"}],"wp:attachment":[{"href":"https:\/\/coexcorporation.com\/en\/wp-json\/wp\/v2\/media?parent=9465"}],"wp:term":[{"taxonomy":"product_brand","embeddable":true,"href":"https:\/\/coexcorporation.com\/en\/wp-json\/wp\/v2\/product_brand?post=9465"},{"taxonomy":"product_cat","embeddable":true,"href":"https:\/\/coexcorporation.com\/en\/wp-json\/wp\/v2\/product_cat?post=9465"},{"taxonomy":"product_tag","embeddable":true,"href":"https:\/\/coexcorporation.com\/en\/wp-json\/wp\/v2\/product_tag?post=9465"}],"curies":[{"name":"wp","href":"https:\/\/api.w.org\/{rel}","templated":true}]}}