{"id":9263,"date":"2024-09-30T15:08:31","date_gmt":"2024-09-30T20:08:31","guid":{"rendered":"https:\/\/coexcorporation.com\/?post_type=product&#038;p=9263"},"modified":"2025-02-27T18:14:15","modified_gmt":"2025-02-27T23:14:15","slug":"diagnostico-ferias-eventos-internacionales","status":"publish","type":"product","link":"https:\/\/coexcorporation.com\/en\/product\/diagnostico-ferias-eventos-internacionales\/","title":{"rendered":"Diagnosis of International Fairs and Events"},"content":{"rendered":"<p>This Diagnosis has been developed by COEX Corporation's team of international trade experts, who, based on more than 15 years of experience working with multi-sector companies, have designed this online tool, powered by artificial intelligence, to optimize business participation in international events. The diagnosis <strong>evaluates and enhances<\/strong> the readiness of companies to participate in international trade fairs and events through a multiple-choice questionnaire, which measures a variety of critical factors.<\/p>\n<p>Once payment has been confirmed, you will have access to the form for a period of <strong>30 days<\/strong>In this time, you will be able to complete the diagnosis up to two times.<\/p>\n<p>The form consists of\u00a0<strong>multiple choice questions<\/strong>designed to measure a variety of critical factors. In addition, it includes a section in each question, where you can provide additional details or comments to enrich your answers (optional).<\/p>\n<p>The aspects to be evaluated are the following:<\/p>\n<ul>\n<li><strong>Strategic planning<\/strong><\/li>\n<li><strong>Research and regulations<\/strong><\/li>\n<li><strong>Production capacity and logistics<\/strong><\/li>\n<li><strong>Marketing and sales strategies<\/strong><\/li>\n<li><strong>Post-event follow-up<\/strong><\/li>\n<\/ul>\n<p>At the end you will get a <strong>report in PDF format<\/strong>The report will be sent to the e-mail account registered in our system. This report will include a <strong>fully customized work plan<\/strong>designed by a team of international trade experts and developed with the assistance of artificial intelligence.<\/p>","protected":false},"excerpt":{"rendered":"<div class=\"flex max-w-full flex-col flex-grow\">\n<div class=\"min-h-8 text-message flex w-full flex-col items-end gap-2 whitespace-normal break-words [.text-message+&amp;]:mt-5\" dir=\"auto\" data-message-author-role=\"assistant\" data-message-id=\"5f33d879-59d8-417a-8a63-1856a04d7796\">\n<div class=\"flex w-full flex-col gap-1 empty:hidden first:pt-[3px]\">\n<div class=\"markdown prose w-full break-words dark:prose-invert light\">\n<h5><strong>\u00a1Optimiza tu participaci\u00f3n en eventos internacionales!<\/strong><\/h5>\n<\/div>\n<p>Realiza nuestro Diagn\u00f3stico especializado, dise\u00f1ado por expertos y potenciado por <strong>inteligencia artificial<\/strong>, y recibe un plan de trabajo personalizado para llevar tu empresa al \u00e9xito en ferias globales. \u00a1Accede hoy y prep\u00e1rate para conquistar nuevos mercados!\u00bb<\/p>\n<\/div>\n<\/div>\n<\/div>\n","protected":false},"featured_media":9271,"comment_status":"open","ping_status":"closed","template":"","meta":{"content-type":"","_monsterinsights_skip_tracking":false,"_monsterinsights_sitenote_active":false,"_monsterinsights_sitenote_note":"","_monsterinsights_sitenote_category":0},"product_brand":[],"product_cat":[403],"product_tag":[],"class_list":{"0":"post-9263","1":"product","2":"type-product","3":"status-publish","4":"has-post-thumbnail","6":"product_cat-herramientas-de-internacionalizacion","8":"first","9":"instock","10":"sale","11":"virtual","12":"sold-individually","13":"purchasable","14":"product-type-simple"},"yoast_head":"<!-- This site is optimized with the Yoast SEO Premium plugin v23.5 (Yoast SEO v27.5) - https:\/\/yoast.com\/product\/yoast-seo-premium-wordpress\/ -->\n<title>Diagn\u00f3stico Ferias y Eventos Internacionales &#187; COEX Corporation<\/title>\n<meta name=\"robots\" content=\"index, follow, max-snippet:-1, max-image-preview:large, max-video-preview:-1\" \/>\n<link rel=\"canonical\" href=\"https:\/\/coexcorporation.com\/en\/product\/diagnostico-ferias-eventos-internacionales\/\" \/>\n<meta property=\"og:locale\" content=\"en_US\" \/>\n<meta property=\"og:type\" content=\"article\" \/>\n<meta property=\"og:title\" content=\"Diagn\u00f3stico Ferias y Eventos Internacionales\" \/>\n<meta property=\"og:description\" content=\"\u00a1Optimiza tu participaci\u00f3n en eventos internacionales!  Realiza nuestro Diagn\u00f3stico especializado, dise\u00f1ado por expertos y potenciado por inteligencia artificial, y recibe un plan de trabajo personalizado para llevar tu empresa al \u00e9xito en ferias globales. \u00a1Accede hoy y prep\u00e1rate para conquistar nuevos mercados!&quot;\" \/>\n<meta property=\"og:url\" content=\"https:\/\/coexcorporation.com\/en\/product\/diagnostico-ferias-eventos-internacionales\/\" \/>\n<meta property=\"og:site_name\" content=\"COEX Corporation\" \/>\n<meta property=\"article:publisher\" content=\"https:\/\/www.facebook.com\/coexcorporation\" \/>\n<meta property=\"article:modified_time\" content=\"2025-02-27T23:14:15+00:00\" \/>\n<meta property=\"og:image\" content=\"https:\/\/coexcorporation.com\/wp-content\/uploads\/2024\/09\/Diagnostico-eventos-internacionales.jpg\" \/>\n\t<meta property=\"og:image:width\" content=\"1250\" \/>\n\t<meta property=\"og:image:height\" content=\"769\" \/>\n\t<meta property=\"og:image:type\" content=\"image\/jpeg\" \/>\n<meta name=\"twitter:card\" content=\"summary_large_image\" \/>\n<meta name=\"twitter:site\" content=\"@coexgroup\" \/>\n<meta name=\"twitter:label1\" content=\"Price\" \/>\n\t<meta name=\"twitter:data1\" content=\"&#036;&nbsp;9,9\" \/>\n\t<meta name=\"twitter:label2\" content=\"Availability\" \/>\n\t<meta name=\"twitter:data2\" content=\"In stock\" \/>\n<script type=\"application\/ld+json\" class=\"yoast-schema-graph\">{\"@context\":\"https:\\\/\\\/schema.org\",\"@graph\":[{\"@type\":\"WebPage\",\"@id\":\"https:\\\/\\\/coexcorporation.com\\\/producto\\\/diagnostico-ferias-eventos-internacionales\\\/\",\"url\":\"https:\\\/\\\/coexcorporation.com\\\/producto\\\/diagnostico-ferias-eventos-internacionales\\\/\",\"name\":\"Diagn\u00f3stico Ferias y Eventos Internacionales &#187; COEX Corporation\",\"isPartOf\":{\"@id\":\"https:\\\/\\\/coexcorporation.com\\\/#website\"},\"primaryImageOfPage\":{\"@id\":\"https:\\\/\\\/coexcorporation.com\\\/producto\\\/diagnostico-ferias-eventos-internacionales\\\/#primaryimage\"},\"image\":{\"@id\":\"https:\\\/\\\/coexcorporation.com\\\/producto\\\/diagnostico-ferias-eventos-internacionales\\\/#primaryimage\"},\"thumbnailUrl\":\"https:\\\/\\\/coexcorporation.com\\\/wp-content\\\/uploads\\\/2024\\\/09\\\/Diagnostico-eventos-internacionales.jpg\",\"datePublished\":\"2024-09-30T20:08:31+00:00\",\"dateModified\":\"2025-02-27T23:14:15+00:00\",\"breadcrumb\":{\"@id\":\"https:\\\/\\\/coexcorporation.com\\\/producto\\\/diagnostico-ferias-eventos-internacionales\\\/#breadcrumb\"},\"inLanguage\":\"en-US\",\"potentialAction\":[{\"@type\":\"ReadAction\",\"target\":[\"https:\\\/\\\/coexcorporation.com\\\/producto\\\/diagnostico-ferias-eventos-internacionales\\\/\"]}]},{\"@type\":\"ImageObject\",\"inLanguage\":\"en-US\",\"@id\":\"https:\\\/\\\/coexcorporation.com\\\/producto\\\/diagnostico-ferias-eventos-internacionales\\\/#primaryimage\",\"url\":\"https:\\\/\\\/coexcorporation.com\\\/wp-content\\\/uploads\\\/2024\\\/09\\\/Diagnostico-eventos-internacionales.jpg\",\"contentUrl\":\"https:\\\/\\\/coexcorporation.com\\\/wp-content\\\/uploads\\\/2024\\\/09\\\/Diagnostico-eventos-internacionales.jpg\",\"width\":1250,\"height\":769,\"caption\":\"Business People Meeting Conference Seminar Sharing Strategy Concept\"},{\"@type\":\"BreadcrumbList\",\"@id\":\"https:\\\/\\\/coexcorporation.com\\\/producto\\\/diagnostico-ferias-eventos-internacionales\\\/#breadcrumb\",\"itemListElement\":[{\"@type\":\"ListItem\",\"position\":1,\"name\":\"Tienda\",\"item\":\"https:\\\/\\\/coexcorporation.com\\\/tienda\\\/\"},{\"@type\":\"ListItem\",\"position\":2,\"name\":\"Diagn\u00f3stico Ferias y Eventos Internacionales\"}]},{\"@type\":\"WebSite\",\"@id\":\"https:\\\/\\\/coexcorporation.com\\\/#website\",\"url\":\"https:\\\/\\\/coexcorporation.com\\\/\",\"name\":\"COEX Corporation\",\"description\":\"COEX\",\"publisher\":{\"@id\":\"https:\\\/\\\/coexcorporation.com\\\/#organization\"},\"potentialAction\":[{\"@type\":\"SearchAction\",\"target\":{\"@type\":\"EntryPoint\",\"urlTemplate\":\"https:\\\/\\\/coexcorporation.com\\\/?s={search_term_string}\"},\"query-input\":{\"@type\":\"PropertyValueSpecification\",\"valueRequired\":true,\"valueName\":\"search_term_string\"}}],\"inLanguage\":\"en-US\"},{\"@type\":\"Organization\",\"@id\":\"https:\\\/\\\/coexcorporation.com\\\/#organization\",\"name\":\"COEX Corporation\",\"url\":\"https:\\\/\\\/coexcorporation.com\\\/\",\"logo\":{\"@type\":\"ImageObject\",\"inLanguage\":\"en-US\",\"@id\":\"https:\\\/\\\/coexcorporation.com\\\/#\\\/schema\\\/logo\\\/image\\\/\",\"url\":\"https:\\\/\\\/coexcorporation.com\\\/wp-content\\\/uploads\\\/2021\\\/09\\\/COEX_Corp-SF_Baja.png\",\"contentUrl\":\"https:\\\/\\\/coexcorporation.com\\\/wp-content\\\/uploads\\\/2021\\\/09\\\/COEX_Corp-SF_Baja.png\",\"width\":709,\"height\":321,\"caption\":\"COEX Corporation\"},\"image\":{\"@id\":\"https:\\\/\\\/coexcorporation.com\\\/#\\\/schema\\\/logo\\\/image\\\/\"},\"sameAs\":[\"https:\\\/\\\/www.facebook.com\\\/coexcorporation\",\"https:\\\/\\\/x.com\\\/coexgroup\",\"https:\\\/\\\/www.instagram.com\\\/coexcorporation\\\/\",\"https:\\\/\\\/www.linkedin.com\\\/company\\\/coexcorporation\\\/\",\"https:\\\/\\\/www.youtube.com\\\/c\\\/COEXCORPORATION\"],\"hasMerchantReturnPolicy\":{\"@type\":\"MerchantReturnPolicy\",\"merchantReturnLink\":\"https:\\\/\\\/coexcorporation.com\\\/en\\\/reembolso_devoluciones\\\/\"}}]}<\/script>\n<meta property=\"product:price:amount\" content=\"9.9\" \/>\n<meta property=\"product:price:currency\" content=\"USD\" \/>\n<meta property=\"og:availability\" content=\"instock\" \/>\n<meta property=\"product:availability\" content=\"instock\" \/>\n<meta property=\"product:condition\" content=\"new\" \/>\n<!-- \/ Yoast SEO Premium plugin. -->","yoast_head_json":{"title":"Diagnosis of International Fairs and Events \u00bb COEX Corporation","robots":{"index":"index","follow":"follow","max-snippet":"max-snippet:-1","max-image-preview":"max-image-preview:large","max-video-preview":"max-video-preview:-1"},"canonical":"https:\/\/coexcorporation.com\/en\/product\/diagnostico-ferias-eventos-internacionales\/","og_locale":"en_US","og_type":"article","og_title":"Diagn\u00f3stico Ferias y Eventos Internacionales","og_description":"\u00a1Optimiza tu participaci\u00f3n en eventos internacionales!  Realiza nuestro Diagn\u00f3stico especializado, dise\u00f1ado por expertos y potenciado por inteligencia artificial, y recibe un plan de trabajo personalizado para llevar tu empresa al \u00e9xito en ferias globales. \u00a1Accede hoy y prep\u00e1rate para conquistar nuevos mercados!\"","og_url":"https:\/\/coexcorporation.com\/en\/product\/diagnostico-ferias-eventos-internacionales\/","og_site_name":"COEX Corporation","article_publisher":"https:\/\/www.facebook.com\/coexcorporation","article_modified_time":"2025-02-27T23:14:15+00:00","og_image":[{"width":1250,"height":769,"url":"https:\/\/coexcorporation.com\/wp-content\/uploads\/2024\/09\/Diagnostico-eventos-internacionales.jpg","type":"image\/jpeg"}],"twitter_card":"summary_large_image","twitter_site":"@coexgroup","twitter_misc":{"Price":"&#36;&nbsp;9,9","Availability":"In stock"},"schema":{"@context":"https:\/\/schema.org","@graph":[{"@type":"WebPage","@id":"https:\/\/coexcorporation.com\/producto\/diagnostico-ferias-eventos-internacionales\/","url":"https:\/\/coexcorporation.com\/producto\/diagnostico-ferias-eventos-internacionales\/","name":"Diagnosis of International Fairs and Events \u00bb COEX Corporation","isPartOf":{"@id":"https:\/\/coexcorporation.com\/#website"},"primaryImageOfPage":{"@id":"https:\/\/coexcorporation.com\/producto\/diagnostico-ferias-eventos-internacionales\/#primaryimage"},"image":{"@id":"https:\/\/coexcorporation.com\/producto\/diagnostico-ferias-eventos-internacionales\/#primaryimage"},"thumbnailUrl":"https:\/\/coexcorporation.com\/wp-content\/uploads\/2024\/09\/Diagnostico-eventos-internacionales.jpg","datePublished":"2024-09-30T20:08:31+00:00","dateModified":"2025-02-27T23:14:15+00:00","breadcrumb":{"@id":"https:\/\/coexcorporation.com\/producto\/diagnostico-ferias-eventos-internacionales\/#breadcrumb"},"inLanguage":"en-US","potentialAction":[{"@type":"ReadAction","target":["https:\/\/coexcorporation.com\/producto\/diagnostico-ferias-eventos-internacionales\/"]}]},{"@type":"ImageObject","inLanguage":"en-US","@id":"https:\/\/coexcorporation.com\/producto\/diagnostico-ferias-eventos-internacionales\/#primaryimage","url":"https:\/\/coexcorporation.com\/wp-content\/uploads\/2024\/09\/Diagnostico-eventos-internacionales.jpg","contentUrl":"https:\/\/coexcorporation.com\/wp-content\/uploads\/2024\/09\/Diagnostico-eventos-internacionales.jpg","width":1250,"height":769,"caption":"Business People Meeting Conference Seminar Sharing Strategy Concept"},{"@type":"BreadcrumbList","@id":"https:\/\/coexcorporation.com\/producto\/diagnostico-ferias-eventos-internacionales\/#breadcrumb","itemListElement":[{"@type":"ListItem","position":1,"name":"Tienda","item":"https:\/\/coexcorporation.com\/tienda\/"},{"@type":"ListItem","position":2,"name":"Diagn\u00f3stico Ferias y Eventos Internacionales"}]},{"@type":"WebSite","@id":"https:\/\/coexcorporation.com\/#website","url":"https:\/\/coexcorporation.com\/","name":"COEX Corporation","description":"COEX","publisher":{"@id":"https:\/\/coexcorporation.com\/#organization"},"potentialAction":[{"@type":"SearchAction","target":{"@type":"EntryPoint","urlTemplate":"https:\/\/coexcorporation.com\/?s={search_term_string}"},"query-input":{"@type":"PropertyValueSpecification","valueRequired":true,"valueName":"search_term_string"}}],"inLanguage":"en-US"},{"@type":"Organization","@id":"https:\/\/coexcorporation.com\/#organization","name":"COEX Corporation","url":"https:\/\/coexcorporation.com\/","logo":{"@type":"ImageObject","inLanguage":"en-US","@id":"https:\/\/coexcorporation.com\/#\/schema\/logo\/image\/","url":"https:\/\/coexcorporation.com\/wp-content\/uploads\/2021\/09\/COEX_Corp-SF_Baja.png","contentUrl":"https:\/\/coexcorporation.com\/wp-content\/uploads\/2021\/09\/COEX_Corp-SF_Baja.png","width":709,"height":321,"caption":"COEX Corporation"},"image":{"@id":"https:\/\/coexcorporation.com\/#\/schema\/logo\/image\/"},"sameAs":["https:\/\/www.facebook.com\/coexcorporation","https:\/\/x.com\/coexgroup","https:\/\/www.instagram.com\/coexcorporation\/","https:\/\/www.linkedin.com\/company\/coexcorporation\/","https:\/\/www.youtube.com\/c\/COEXCORPORATION"],"hasMerchantReturnPolicy":{"@type":"MerchantReturnPolicy","merchantReturnLink":"https:\/\/coexcorporation.com\/en\/reembolso_devoluciones\/"}}]},"product_price_amount":"9.9","product_price_currency":"USD","og_availability":"instock","product_availability":"instock","product_condition":"new"},"_links":{"self":[{"href":"https:\/\/coexcorporation.com\/en\/wp-json\/wp\/v2\/product\/9263","targetHints":{"allow":["GET"]}}],"collection":[{"href":"https:\/\/coexcorporation.com\/en\/wp-json\/wp\/v2\/product"}],"about":[{"href":"https:\/\/coexcorporation.com\/en\/wp-json\/wp\/v2\/types\/product"}],"replies":[{"embeddable":true,"href":"https:\/\/coexcorporation.com\/en\/wp-json\/wp\/v2\/comments?post=9263"}],"wp:featuredmedia":[{"embeddable":true,"href":"https:\/\/coexcorporation.com\/en\/wp-json\/wp\/v2\/media\/9271"}],"wp:attachment":[{"href":"https:\/\/coexcorporation.com\/en\/wp-json\/wp\/v2\/media?parent=9263"}],"wp:term":[{"taxonomy":"product_brand","embeddable":true,"href":"https:\/\/coexcorporation.com\/en\/wp-json\/wp\/v2\/product_brand?post=9263"},{"taxonomy":"product_cat","embeddable":true,"href":"https:\/\/coexcorporation.com\/en\/wp-json\/wp\/v2\/product_cat?post=9263"},{"taxonomy":"product_tag","embeddable":true,"href":"https:\/\/coexcorporation.com\/en\/wp-json\/wp\/v2\/product_tag?post=9263"}],"curies":[{"name":"wp","href":"https:\/\/api.w.org\/{rel}","templated":true}]}}