{"id":9107,"date":"2024-09-26T11:35:54","date_gmt":"2024-09-26T16:35:54","guid":{"rendered":"https:\/\/coexcorporation.com\/?post_type=product&#038;p=9107"},"modified":"2025-02-27T18:09:13","modified_gmt":"2025-02-27T23:09:13","slug":"membresia-3-meses","status":"publish","type":"product","link":"https:\/\/coexcorporation.com\/en\/product\/membresia-3-meses\/","title":{"rendered":"Membership 3 months"},"content":{"rendered":"<p>Our monthly membership plan offers access to a variety of web-based tools designed to strengthen your export capabilities. Includes:<\/p>\n<ul>\n<li>Access to Web Tools, such as:\n<ul>\n<li><a href=\"https:\/\/coexcorporation.com\/en\/product\/analisis-preliminar-de-mercados-productos\/\" target=\"_blank\" rel=\"noopener\">Preliminary Market Analysis - Products<\/a><\/li>\n<li><a href=\"https:\/\/coexcorporation.com\/en\/product\/diagnostico-exportador-servicios\/\" target=\"_blank\" rel=\"noopener\">Export Diagnosis - Services<\/a><\/li>\n<li><a href=\"https:\/\/coexcorporation.com\/en\/product\/diagnostico-exportador-productos\/\" target=\"_blank\" rel=\"noopener\">Export Diagnosis - Products<\/a><\/li>\n<li><a href=\"https:\/\/coexcorporation.com\/en\/product\/diagnostico-ferias-eventos-internacionales\/\" target=\"_blank\" rel=\"noopener\">Diagnosis of International Fairs and Events<\/a><\/li>\n<li>Export Cost Matrix (Coming Soon)<\/li>\n<li>Check List Exporter (Coming Soon)<\/li>\n<li>New tools<\/li>\n<\/ul>\n<\/li>\n<li>Access to available market studies\/analysis (Coming Soon)\n<ul>\n<li>By product category<\/li>\n<li>By country of interest<\/li>\n<li>By date of analysis<\/li>\n<\/ul>\n<\/li>\n<li>Export links of interest<\/li>\n<li data-start=\"98\" data-end=\"149\"><a href=\"https:\/\/coexcorporation.com\/en\/newsletter-linkedin\/\" target=\"_blank\" rel=\"noopener\">Access to the LinkedIn newsletter \"Comex for all\".<\/a><\/li>\n<li data-start=\"150\" data-end=\"190\"><a href=\"https:\/\/coexcorporation.com\/en\/categoria-evento\/entrevistas\/\" target=\"_blank\" rel=\"noopener\">Videos of international interviews<\/a>.\n<ul>\n<li data-start=\"191\" data-end=\"235\">Summaries and key moments of interviews.<\/li>\n<li data-start=\"236\" data-end=\"282\">Interaction with <strong>our AI<\/strong> for interviews.<\/li>\n<\/ul>\n<\/li>\n<li data-start=\"283\" data-end=\"329\">Ability to comment on web content.<\/li>\n<li data-start=\"330\" data-end=\"366\">Participation in online events.<\/li>\n<\/ul>","protected":false},"excerpt":{"rendered":"<h5><strong>Unlimited access to internationalization tools, market analysis and more!<\/strong><\/h5>\n<p>Access key export tools, market analysis, exclusive content and online events - everything you need to strengthen your internationalization strategy in one place!<\/p>","protected":false},"featured_media":9252,"comment_status":"open","ping_status":"closed","template":"","meta":{"content-type":"","_monsterinsights_skip_tracking":false,"_monsterinsights_sitenote_active":false,"_monsterinsights_sitenote_note":"","_monsterinsights_sitenote_category":0},"product_brand":[],"product_cat":[365],"product_tag":[402,401,400],"class_list":{"0":"post-9107","1":"product","2":"type-product","3":"status-publish","4":"has-post-thumbnail","6":"product_cat-suscripcion","7":"product_tag-comercio-internacional","8":"product_tag-herramientas","9":"product_tag-internacionalizacion","11":"first","12":"instock","13":"sale","14":"virtual","15":"sold-individually","16":"purchasable","17":"product-type-simple"},"yoast_head":"<!-- This site is optimized with the Yoast SEO Premium plugin v23.5 (Yoast SEO v27.5) - https:\/\/yoast.com\/product\/yoast-seo-premium-wordpress\/ -->\n<title>Membres\u00eda 3 meses &#187; COEX Corporation<\/title>\n<meta name=\"robots\" content=\"index, follow, max-snippet:-1, max-image-preview:large, max-video-preview:-1\" \/>\n<link rel=\"canonical\" href=\"https:\/\/coexcorporation.com\/en\/product\/membresia-3-meses\/\" \/>\n<meta property=\"og:locale\" content=\"en_US\" \/>\n<meta property=\"og:type\" content=\"article\" \/>\n<meta property=\"og:title\" content=\"Membres\u00eda 3 meses\" \/>\n<meta property=\"og:description\" content=\"\u00a1Acceso ilimitado a herramientas para la internacionalizaci\u00f3n, an\u00e1lisis de mercados y m\u00e1s! Accede a herramientas exportadoras clave, an\u00e1lisis de mercados, contenido exclusivo y eventos online. \u00a1Todo lo que necesitas para fortalecer tu estrategia de internacionalizaci\u00f3n en un solo lugar!\" \/>\n<meta property=\"og:url\" content=\"https:\/\/coexcorporation.com\/en\/product\/membresia-3-meses\/\" \/>\n<meta property=\"og:site_name\" content=\"COEX Corporation\" \/>\n<meta property=\"article:publisher\" content=\"https:\/\/www.facebook.com\/coexcorporation\" \/>\n<meta property=\"article:modified_time\" content=\"2025-02-27T23:09:13+00:00\" \/>\n<meta property=\"og:image\" content=\"https:\/\/coexcorporation.com\/wp-content\/uploads\/2024\/09\/Membresia-COEX-3-Meses.webp\" \/>\n\t<meta property=\"og:image:width\" content=\"1783\" \/>\n\t<meta property=\"og:image:height\" content=\"1103\" \/>\n\t<meta property=\"og:image:type\" content=\"image\/webp\" \/>\n<meta name=\"twitter:card\" content=\"summary_large_image\" \/>\n<meta name=\"twitter:site\" content=\"@coexgroup\" \/>\n<meta name=\"twitter:label1\" content=\"Price\" \/>\n\t<meta name=\"twitter:data1\" content=\"&#036;&nbsp;44,9\" \/>\n\t<meta name=\"twitter:label2\" content=\"Availability\" \/>\n\t<meta name=\"twitter:data2\" content=\"In stock\" \/>\n<script type=\"application\/ld+json\" class=\"yoast-schema-graph\">{\"@context\":\"https:\\\/\\\/schema.org\",\"@graph\":[{\"@type\":\"WebPage\",\"@id\":\"https:\\\/\\\/coexcorporation.com\\\/producto\\\/membresia-3-meses\\\/\",\"url\":\"https:\\\/\\\/coexcorporation.com\\\/producto\\\/membresia-3-meses\\\/\",\"name\":\"Membres\u00eda 3 meses &#187; COEX Corporation\",\"isPartOf\":{\"@id\":\"https:\\\/\\\/coexcorporation.com\\\/#website\"},\"primaryImageOfPage\":{\"@id\":\"https:\\\/\\\/coexcorporation.com\\\/producto\\\/membresia-3-meses\\\/#primaryimage\"},\"image\":{\"@id\":\"https:\\\/\\\/coexcorporation.com\\\/producto\\\/membresia-3-meses\\\/#primaryimage\"},\"thumbnailUrl\":\"https:\\\/\\\/coexcorporation.com\\\/wp-content\\\/uploads\\\/2024\\\/09\\\/Membresia-COEX-3-Meses.webp\",\"datePublished\":\"2024-09-26T16:35:54+00:00\",\"dateModified\":\"2025-02-27T23:09:13+00:00\",\"breadcrumb\":{\"@id\":\"https:\\\/\\\/coexcorporation.com\\\/producto\\\/membresia-3-meses\\\/#breadcrumb\"},\"inLanguage\":\"en-US\",\"potentialAction\":[{\"@type\":\"ReadAction\",\"target\":[\"https:\\\/\\\/coexcorporation.com\\\/producto\\\/membresia-3-meses\\\/\"]}]},{\"@type\":\"ImageObject\",\"inLanguage\":\"en-US\",\"@id\":\"https:\\\/\\\/coexcorporation.com\\\/producto\\\/membresia-3-meses\\\/#primaryimage\",\"url\":\"https:\\\/\\\/coexcorporation.com\\\/wp-content\\\/uploads\\\/2024\\\/09\\\/Membresia-COEX-3-Meses.webp\",\"contentUrl\":\"https:\\\/\\\/coexcorporation.com\\\/wp-content\\\/uploads\\\/2024\\\/09\\\/Membresia-COEX-3-Meses.webp\",\"width\":1783,\"height\":1103},{\"@type\":\"BreadcrumbList\",\"@id\":\"https:\\\/\\\/coexcorporation.com\\\/producto\\\/membresia-3-meses\\\/#breadcrumb\",\"itemListElement\":[{\"@type\":\"ListItem\",\"position\":1,\"name\":\"Tienda\",\"item\":\"https:\\\/\\\/coexcorporation.com\\\/tienda\\\/\"},{\"@type\":\"ListItem\",\"position\":2,\"name\":\"Membres\u00eda 3 meses\"}]},{\"@type\":\"WebSite\",\"@id\":\"https:\\\/\\\/coexcorporation.com\\\/#website\",\"url\":\"https:\\\/\\\/coexcorporation.com\\\/\",\"name\":\"COEX Corporation\",\"description\":\"COEX\",\"publisher\":{\"@id\":\"https:\\\/\\\/coexcorporation.com\\\/#organization\"},\"potentialAction\":[{\"@type\":\"SearchAction\",\"target\":{\"@type\":\"EntryPoint\",\"urlTemplate\":\"https:\\\/\\\/coexcorporation.com\\\/?s={search_term_string}\"},\"query-input\":{\"@type\":\"PropertyValueSpecification\",\"valueRequired\":true,\"valueName\":\"search_term_string\"}}],\"inLanguage\":\"en-US\"},{\"@type\":\"Organization\",\"@id\":\"https:\\\/\\\/coexcorporation.com\\\/#organization\",\"name\":\"COEX Corporation\",\"url\":\"https:\\\/\\\/coexcorporation.com\\\/\",\"logo\":{\"@type\":\"ImageObject\",\"inLanguage\":\"en-US\",\"@id\":\"https:\\\/\\\/coexcorporation.com\\\/#\\\/schema\\\/logo\\\/image\\\/\",\"url\":\"https:\\\/\\\/coexcorporation.com\\\/wp-content\\\/uploads\\\/2021\\\/09\\\/COEX_Corp-SF_Baja.png\",\"contentUrl\":\"https:\\\/\\\/coexcorporation.com\\\/wp-content\\\/uploads\\\/2021\\\/09\\\/COEX_Corp-SF_Baja.png\",\"width\":709,\"height\":321,\"caption\":\"COEX Corporation\"},\"image\":{\"@id\":\"https:\\\/\\\/coexcorporation.com\\\/#\\\/schema\\\/logo\\\/image\\\/\"},\"sameAs\":[\"https:\\\/\\\/www.facebook.com\\\/coexcorporation\",\"https:\\\/\\\/x.com\\\/coexgroup\",\"https:\\\/\\\/www.instagram.com\\\/coexcorporation\\\/\",\"https:\\\/\\\/www.linkedin.com\\\/company\\\/coexcorporation\\\/\",\"https:\\\/\\\/www.youtube.com\\\/c\\\/COEXCORPORATION\"],\"hasMerchantReturnPolicy\":{\"@type\":\"MerchantReturnPolicy\",\"merchantReturnLink\":\"https:\\\/\\\/coexcorporation.com\\\/en\\\/reembolso_devoluciones\\\/\"}}]}<\/script>\n<meta property=\"product:price:amount\" content=\"44.9\" \/>\n<meta property=\"product:price:currency\" content=\"USD\" \/>\n<meta property=\"og:availability\" content=\"instock\" \/>\n<meta property=\"product:availability\" content=\"instock\" \/>\n<meta property=\"product:condition\" content=\"new\" \/>\n<!-- \/ Yoast SEO Premium plugin. -->","yoast_head_json":{"title":"Membres\u00eda 3 meses &#187; COEX Corporation","robots":{"index":"index","follow":"follow","max-snippet":"max-snippet:-1","max-image-preview":"max-image-preview:large","max-video-preview":"max-video-preview:-1"},"canonical":"https:\/\/coexcorporation.com\/en\/product\/membresia-3-meses\/","og_locale":"en_US","og_type":"article","og_title":"Membres\u00eda 3 meses","og_description":"\u00a1Acceso ilimitado a herramientas para la internacionalizaci\u00f3n, an\u00e1lisis de mercados y m\u00e1s! Accede a herramientas exportadoras clave, an\u00e1lisis de mercados, contenido exclusivo y eventos online. \u00a1Todo lo que necesitas para fortalecer tu estrategia de internacionalizaci\u00f3n en un solo lugar!","og_url":"https:\/\/coexcorporation.com\/en\/product\/membresia-3-meses\/","og_site_name":"COEX Corporation","article_publisher":"https:\/\/www.facebook.com\/coexcorporation","article_modified_time":"2025-02-27T23:09:13+00:00","og_image":[{"width":1783,"height":1103,"url":"https:\/\/coexcorporation.com\/wp-content\/uploads\/2024\/09\/Membresia-COEX-3-Meses.webp","type":"image\/webp"}],"twitter_card":"summary_large_image","twitter_site":"@coexgroup","twitter_misc":{"Price":"&#36;&nbsp;44,9","Availability":"In stock"},"schema":{"@context":"https:\/\/schema.org","@graph":[{"@type":"WebPage","@id":"https:\/\/coexcorporation.com\/producto\/membresia-3-meses\/","url":"https:\/\/coexcorporation.com\/producto\/membresia-3-meses\/","name":"Membres\u00eda 3 meses &#187; COEX Corporation","isPartOf":{"@id":"https:\/\/coexcorporation.com\/#website"},"primaryImageOfPage":{"@id":"https:\/\/coexcorporation.com\/producto\/membresia-3-meses\/#primaryimage"},"image":{"@id":"https:\/\/coexcorporation.com\/producto\/membresia-3-meses\/#primaryimage"},"thumbnailUrl":"https:\/\/coexcorporation.com\/wp-content\/uploads\/2024\/09\/Membresia-COEX-3-Meses.webp","datePublished":"2024-09-26T16:35:54+00:00","dateModified":"2025-02-27T23:09:13+00:00","breadcrumb":{"@id":"https:\/\/coexcorporation.com\/producto\/membresia-3-meses\/#breadcrumb"},"inLanguage":"en-US","potentialAction":[{"@type":"ReadAction","target":["https:\/\/coexcorporation.com\/producto\/membresia-3-meses\/"]}]},{"@type":"ImageObject","inLanguage":"en-US","@id":"https:\/\/coexcorporation.com\/producto\/membresia-3-meses\/#primaryimage","url":"https:\/\/coexcorporation.com\/wp-content\/uploads\/2024\/09\/Membresia-COEX-3-Meses.webp","contentUrl":"https:\/\/coexcorporation.com\/wp-content\/uploads\/2024\/09\/Membresia-COEX-3-Meses.webp","width":1783,"height":1103},{"@type":"BreadcrumbList","@id":"https:\/\/coexcorporation.com\/producto\/membresia-3-meses\/#breadcrumb","itemListElement":[{"@type":"ListItem","position":1,"name":"Tienda","item":"https:\/\/coexcorporation.com\/tienda\/"},{"@type":"ListItem","position":2,"name":"Membres\u00eda 3 meses"}]},{"@type":"WebSite","@id":"https:\/\/coexcorporation.com\/#website","url":"https:\/\/coexcorporation.com\/","name":"COEX Corporation","description":"COEX","publisher":{"@id":"https:\/\/coexcorporation.com\/#organization"},"potentialAction":[{"@type":"SearchAction","target":{"@type":"EntryPoint","urlTemplate":"https:\/\/coexcorporation.com\/?s={search_term_string}"},"query-input":{"@type":"PropertyValueSpecification","valueRequired":true,"valueName":"search_term_string"}}],"inLanguage":"en-US"},{"@type":"Organization","@id":"https:\/\/coexcorporation.com\/#organization","name":"COEX Corporation","url":"https:\/\/coexcorporation.com\/","logo":{"@type":"ImageObject","inLanguage":"en-US","@id":"https:\/\/coexcorporation.com\/#\/schema\/logo\/image\/","url":"https:\/\/coexcorporation.com\/wp-content\/uploads\/2021\/09\/COEX_Corp-SF_Baja.png","contentUrl":"https:\/\/coexcorporation.com\/wp-content\/uploads\/2021\/09\/COEX_Corp-SF_Baja.png","width":709,"height":321,"caption":"COEX Corporation"},"image":{"@id":"https:\/\/coexcorporation.com\/#\/schema\/logo\/image\/"},"sameAs":["https:\/\/www.facebook.com\/coexcorporation","https:\/\/x.com\/coexgroup","https:\/\/www.instagram.com\/coexcorporation\/","https:\/\/www.linkedin.com\/company\/coexcorporation\/","https:\/\/www.youtube.com\/c\/COEXCORPORATION"],"hasMerchantReturnPolicy":{"@type":"MerchantReturnPolicy","merchantReturnLink":"https:\/\/coexcorporation.com\/en\/reembolso_devoluciones\/"}}]},"product_price_amount":"44.9","product_price_currency":"USD","og_availability":"instock","product_availability":"instock","product_condition":"new"},"_links":{"self":[{"href":"https:\/\/coexcorporation.com\/en\/wp-json\/wp\/v2\/product\/9107","targetHints":{"allow":["GET"]}}],"collection":[{"href":"https:\/\/coexcorporation.com\/en\/wp-json\/wp\/v2\/product"}],"about":[{"href":"https:\/\/coexcorporation.com\/en\/wp-json\/wp\/v2\/types\/product"}],"replies":[{"embeddable":true,"href":"https:\/\/coexcorporation.com\/en\/wp-json\/wp\/v2\/comments?post=9107"}],"wp:featuredmedia":[{"embeddable":true,"href":"https:\/\/coexcorporation.com\/en\/wp-json\/wp\/v2\/media\/9252"}],"wp:attachment":[{"href":"https:\/\/coexcorporation.com\/en\/wp-json\/wp\/v2\/media?parent=9107"}],"wp:term":[{"taxonomy":"product_brand","embeddable":true,"href":"https:\/\/coexcorporation.com\/en\/wp-json\/wp\/v2\/product_brand?post=9107"},{"taxonomy":"product_cat","embeddable":true,"href":"https:\/\/coexcorporation.com\/en\/wp-json\/wp\/v2\/product_cat?post=9107"},{"taxonomy":"product_tag","embeddable":true,"href":"https:\/\/coexcorporation.com\/en\/wp-json\/wp\/v2\/product_tag?post=9107"}],"curies":[{"name":"wp","href":"https:\/\/api.w.org\/{rel}","templated":true}]}}