{"id":263,"date":"2021-09-17T02:56:44","date_gmt":"2021-09-17T02:56:44","guid":{"rendered":"https:\/\/coexcorporation.com\/?page_id=263"},"modified":"2025-05-31T14:53:54","modified_gmt":"2025-05-31T19:53:54","slug":"quienes-somos","status":"publish","type":"page","link":"https:\/\/coexcorporation.com\/en\/nosotros\/quienes-somos\/","title":{"rendered":"Who We Are?"},"content":{"rendered":"<div data-elementor-type=\"wp-page\" data-elementor-id=\"263\" class=\"elementor elementor-263\" data-elementor-post-type=\"page\">\n\t\t\t\t\t\t<section class=\"elementor-section elementor-top-section elementor-element elementor-element-a35488c elementor-section-boxed elementor-section-height-default elementor-section-height-default\" data-id=\"a35488c\" data-element_type=\"section\" data-e-type=\"section\" data-settings=\"{&quot;jet_parallax_layout_list&quot;:[]}\">\n\t\t\t\t\t\t<div class=\"elementor-container elementor-column-gap-default\">\n\t\t\t\t\t<div class=\"elementor-column elementor-col-100 elementor-top-column elementor-element elementor-element-f1e47d7\" data-id=\"f1e47d7\" data-element_type=\"column\" data-e-type=\"column\">\n\t\t\t<div class=\"elementor-widget-wrap elementor-element-populated\">\n\t\t\t\t\t\t<div class=\"elementor-element elementor-element-e5ef056 elementor-widget elementor-widget-text-editor\" data-id=\"e5ef056\" data-element_type=\"widget\" data-e-type=\"widget\" data-widget_type=\"text-editor.default\">\n\t\t\t\t<div class=\"elementor-widget-container\">\n\t\t\t\t\t\t\t\t\t<p>We are a company with more than 15 years of experience in international trade with a group of high level professionals, we count with <strong>partners in 30 countries<\/strong>\u00a0in the world, which makes us a solid company ready to provide quality solutions.<\/p>\t\t\t\t\t\t\t\t<\/div>\n\t\t\t\t<\/div>\n\t\t\t\t\t<\/div>\n\t\t<\/div>\n\t\t\t\t\t<\/div>\n\t\t<\/section>\n\t\t\t\t<section class=\"elementor-section elementor-top-section elementor-element elementor-element-e55123b elementor-section-boxed elementor-section-height-default elementor-section-height-default\" data-id=\"e55123b\" data-element_type=\"section\" data-e-type=\"section\" data-settings=\"{&quot;jet_parallax_layout_list&quot;:[]}\">\n\t\t\t\t\t\t<div class=\"elementor-container elementor-column-gap-default\">\n\t\t\t\t\t<div class=\"elementor-column elementor-col-100 elementor-top-column elementor-element elementor-element-aa8e406\" data-id=\"aa8e406\" data-element_type=\"column\" data-e-type=\"column\">\n\t\t\t<div class=\"elementor-widget-wrap elementor-element-populated\">\n\t\t\t\t\t\t<div class=\"elementor-element elementor-element-a6ee203 elementor-widget elementor-widget-text-editor\" data-id=\"a6ee203\" data-element_type=\"widget\" data-e-type=\"widget\" data-widget_type=\"text-editor.default\">\n\t\t\t\t<div class=\"elementor-widget-container\">\n\t\t\t\t\t\t\t\t\t<p>\"Promoting the internationalization of business dreams\".<\/p>\t\t\t\t\t\t\t\t<\/div>\n\t\t\t\t<\/div>\n\t\t\t\t<div class=\"elementor-element elementor-element-80023e6 elementor-widget elementor-widget-heading\" data-id=\"80023e6\" data-element_type=\"widget\" data-e-type=\"widget\" data-widget_type=\"heading.default\">\n\t\t\t\t<div class=\"elementor-widget-container\">\n\t\t\t\t\t<h2 class=\"elementor-heading-title elementor-size-default\">Our Mission<\/h2>\t\t\t\t<\/div>\n\t\t\t\t<\/div>\n\t\t\t\t<div class=\"elementor-element elementor-element-7fea16b elementor-widget elementor-widget-text-editor\" data-id=\"7fea16b\" data-element_type=\"widget\" data-e-type=\"widget\" data-widget_type=\"text-editor.default\">\n\t\t\t\t<div class=\"elementor-widget-container\">\n\t\t\t\t\t\t\t\t\t<p>To build valuable connections that allow the strengthening and simplification of international trade processes, facilitating global business between companies through different actions focused on building bridges within the business ecosystem; thus, taking advantage of the tools, mechanisms and trade agreements that enhance fair opportunities for entrepreneurs in global markets.<\/p>\t\t\t\t\t\t\t\t<\/div>\n\t\t\t\t<\/div>\n\t\t\t\t<div class=\"elementor-element elementor-element-f742027 elementor-widget elementor-widget-heading\" data-id=\"f742027\" data-element_type=\"widget\" data-e-type=\"widget\" data-widget_type=\"heading.default\">\n\t\t\t\t<div class=\"elementor-widget-container\">\n\t\t\t\t\t<h2 class=\"elementor-heading-title elementor-size-default\">Our Vision<\/h2>\t\t\t\t<\/div>\n\t\t\t\t<\/div>\n\t\t\t\t<div class=\"elementor-element elementor-element-ceef27c elementor-widget elementor-widget-text-editor\" data-id=\"ceef27c\" data-element_type=\"widget\" data-e-type=\"widget\" data-widget_type=\"text-editor.default\">\n\t\t\t\t<div class=\"elementor-widget-container\">\n\t\t\t\t\t\t\t\t\t<p>To be by 2025 one of the most recognized Latin American companies for promoting, simplifying and facilitating the internationalization of goods and services, framed in cutting-edge and technological strategies that contribute to the economic development of our customers, suppliers and collaborators.<\/p>\t\t\t\t\t\t\t\t<\/div>\n\t\t\t\t<\/div>\n\t\t\t\t<div class=\"elementor-element elementor-element-5c7f1db elementor-widget elementor-widget-heading\" data-id=\"5c7f1db\" data-element_type=\"widget\" data-e-type=\"widget\" data-widget_type=\"heading.default\">\n\t\t\t\t<div class=\"elementor-widget-container\">\n\t\t\t\t\t<h2 class=\"elementor-heading-title elementor-size-default\">Our operating structure<\/h2>\t\t\t\t<\/div>\n\t\t\t\t<\/div>\n\t\t\t\t<div class=\"elementor-element elementor-element-c18101b dce_masking-none elementor-widget elementor-widget-image\" data-id=\"c18101b\" data-element_type=\"widget\" data-e-type=\"widget\" data-widget_type=\"image.default\">\n\t\t\t\t<div class=\"elementor-widget-container\">\n\t\t\t\t\t\t\t\t\t\t\t\t\t\t\t<img fetchpriority=\"high\" decoding=\"async\" width=\"800\" height=\"427\" src=\"https:\/\/coexcorporation.com\/wp-content\/uploads\/2025\/01\/Estructura-COEX-2022-1024x546.png\" class=\"attachment-large size-large wp-image-10224\" alt=\"\" srcset=\"https:\/\/coexcorporation.com\/wp-content\/uploads\/2025\/01\/Estructura-COEX-2022-1024x546.png 1024w, https:\/\/coexcorporation.com\/wp-content\/uploads\/2025\/01\/Estructura-COEX-2022-300x160.png 300w, https:\/\/coexcorporation.com\/wp-content\/uploads\/2025\/01\/Estructura-COEX-2022-768x410.png 768w, https:\/\/coexcorporation.com\/wp-content\/uploads\/2025\/01\/Estructura-COEX-2022-1536x819.png 1536w, https:\/\/coexcorporation.com\/wp-content\/uploads\/2025\/01\/Estructura-COEX-2022-2048x1093.png 2048w, https:\/\/coexcorporation.com\/wp-content\/uploads\/2025\/01\/Estructura-COEX-2022-18x10.png 18w, https:\/\/coexcorporation.com\/wp-content\/uploads\/2025\/01\/Estructura-COEX-2022-600x320.png 600w\" sizes=\"(max-width: 800px) 100vw, 800px\" \/>\t\t\t\t\t\t\t\t\t\t\t\t\t\t\t<\/div>\n\t\t\t\t<\/div>\n\t\t\t\t<div class=\"elementor-element elementor-element-fe87bf5 elementor-widget elementor-widget-text-editor\" data-id=\"fe87bf5\" data-element_type=\"widget\" data-e-type=\"widget\" data-widget_type=\"text-editor.default\">\n\t\t\t\t<div class=\"elementor-widget-container\">\n\t\t\t\t\t\t\t\t\t<p><strong>BIC Reports<\/strong><\/p><p>In compliance with our obligations as a Benefit and Collective Interest Company (BIC), we hereby inform you that we have timely sent the Report <a href=\"https:\/\/coexcorporation.com\/wp-content\/uploads\/2025\/05\/1.-Informe-de-Gestion-BIC-2024-COEX-CORPORATION-BIC.pdf\">Annual BIC 2024<\/a>which evidences our commitment to the generation of social, environmental and economic value. This report reflects the actions undertaken during the last year to contribute to the well-being of our stakeholders and move towards a more sustainable and responsible business model.<\/p>\t\t\t\t\t\t\t\t<\/div>\n\t\t\t\t<\/div>\n\t\t\t\t\t<\/div>\n\t\t<\/div>\n\t\t\t\t\t<\/div>\n\t\t<\/section>\n\t\t\t\t<\/div>","protected":false},"excerpt":{"rendered":"<p>Somos una compa\u00f1\u00eda con m\u00e1s de 15 a\u00f1os de experiencia en comercio internacional con un grupo de profesionales de alto nivel, contamos con partners en 30 pa\u00edses\u00a0del mundo, lo que nos hace una compa\u00f1\u00eda s\u00f3lida y dispuesta a dar soluciones de calidad. \u201cPromover la internacionalizaci\u00f3n de los sue\u00f1os empresariales\u201d Nuestra Misi\u00f3n Construir conexiones de valor [&hellip;]<\/p>\n","protected":false},"author":1,"featured_media":1972,"parent":103,"menu_order":1,"comment_status":"closed","ping_status":"closed","template":"","meta":{"content-type":"","_monsterinsights_skip_tracking":false,"_monsterinsights_sitenote_active":false,"_monsterinsights_sitenote_note":"","_monsterinsights_sitenote_category":0,"footnotes":""},"class_list":["post-263","page","type-page","status-publish","has-post-thumbnail","hentry"],"yoast_head":"<!-- This site is optimized with the Yoast SEO Premium plugin v23.5 (Yoast SEO v27.2) - https:\/\/yoast.com\/product\/yoast-seo-premium-wordpress\/ -->\n<title>\u00bfQui\u00e9nes somos? &#187; COEX Corporation<\/title>\n<meta name=\"description\" content=\"Somos un grupo de profesionales que buscamos el fortalecimiento y la simplificaci\u00f3n de los procesos de comercio internacional\" \/>\n<meta name=\"robots\" content=\"index, follow, max-snippet:-1, max-image-preview:large, max-video-preview:-1\" \/>\n<link rel=\"canonical\" href=\"https:\/\/coexcorporation.com\/en\/nosotros\/quienes-somos\/\" \/>\n<meta property=\"og:locale\" content=\"en_US\" \/>\n<meta property=\"og:type\" content=\"article\" \/>\n<meta property=\"og:title\" content=\"\u00bfQui\u00e9nes somos?\" \/>\n<meta property=\"og:description\" content=\"Somos un grupo de profesionales que buscamos el fortalecimiento y la simplificaci\u00f3n de los procesos de comercio internacional\" \/>\n<meta property=\"og:url\" content=\"https:\/\/coexcorporation.com\/en\/nosotros\/quienes-somos\/\" \/>\n<meta property=\"og:site_name\" content=\"COEX Corporation\" \/>\n<meta property=\"article:publisher\" content=\"https:\/\/www.facebook.com\/coexcorporation\" \/>\n<meta property=\"article:modified_time\" content=\"2025-05-31T19:53:54+00:00\" \/>\n<meta property=\"og:image\" content=\"https:\/\/coexcorporation.com\/wp-content\/uploads\/2021\/10\/Grupo-de-personas.jpg\" \/>\n\t<meta property=\"og:image:width\" content=\"500\" \/>\n\t<meta property=\"og:image:height\" content=\"334\" \/>\n\t<meta property=\"og:image:type\" content=\"image\/jpeg\" \/>\n<meta name=\"twitter:card\" content=\"summary_large_image\" \/>\n<meta name=\"twitter:description\" content=\"Somos un grupo de profesionales que buscamos el fortalecimiento y la simplificaci\u00f3n de los procesos de comercio internacional\" \/>\n<meta name=\"twitter:site\" content=\"@coexgroup\" \/>\n<meta name=\"twitter:label1\" content=\"Est. reading time\" \/>\n\t<meta name=\"twitter:data1\" content=\"2 minutes\" \/>\n<script type=\"application\/ld+json\" class=\"yoast-schema-graph\">{\"@context\":\"https:\/\/schema.org\",\"@graph\":[{\"@type\":[\"WebPage\",\"AboutPage\"],\"@id\":\"https:\/\/coexcorporation.com\/nosotros\/quienes-somos\/\",\"url\":\"https:\/\/coexcorporation.com\/nosotros\/quienes-somos\/\",\"name\":\"\u00bfQui\u00e9nes somos? &#187; COEX Corporation\",\"isPartOf\":{\"@id\":\"https:\/\/coexcorporation.com\/#website\"},\"primaryImageOfPage\":{\"@id\":\"https:\/\/coexcorporation.com\/nosotros\/quienes-somos\/#primaryimage\"},\"image\":{\"@id\":\"https:\/\/coexcorporation.com\/nosotros\/quienes-somos\/#primaryimage\"},\"thumbnailUrl\":\"https:\/\/coexcorporation.com\/wp-content\/uploads\/2021\/10\/Grupo-de-personas.jpg\",\"datePublished\":\"2021-09-17T02:56:44+00:00\",\"dateModified\":\"2025-05-31T19:53:54+00:00\",\"description\":\"Somos un grupo de profesionales que buscamos el fortalecimiento y la simplificaci\u00f3n de los procesos de comercio internacional\",\"breadcrumb\":{\"@id\":\"https:\/\/coexcorporation.com\/nosotros\/quienes-somos\/#breadcrumb\"},\"inLanguage\":\"en-US\",\"potentialAction\":[{\"@type\":\"ReadAction\",\"target\":[\"https:\/\/coexcorporation.com\/nosotros\/quienes-somos\/\"]}]},{\"@type\":\"ImageObject\",\"inLanguage\":\"en-US\",\"@id\":\"https:\/\/coexcorporation.com\/nosotros\/quienes-somos\/#primaryimage\",\"url\":\"https:\/\/coexcorporation.com\/wp-content\/uploads\/2021\/10\/Grupo-de-personas.jpg\",\"contentUrl\":\"https:\/\/coexcorporation.com\/wp-content\/uploads\/2021\/10\/Grupo-de-personas.jpg\",\"width\":500,\"height\":334},{\"@type\":\"BreadcrumbList\",\"@id\":\"https:\/\/coexcorporation.com\/nosotros\/quienes-somos\/#breadcrumb\",\"itemListElement\":[{\"@type\":\"ListItem\",\"position\":1,\"name\":\"Nosotros\",\"item\":\"https:\/\/coexcorporation.com\/nosotros\/\"},{\"@type\":\"ListItem\",\"position\":2,\"name\":\"\u00bfQui\u00e9nes somos?\"}]},{\"@type\":\"WebSite\",\"@id\":\"https:\/\/coexcorporation.com\/#website\",\"url\":\"https:\/\/coexcorporation.com\/\",\"name\":\"COEX Corporation\",\"description\":\"COEX\",\"publisher\":{\"@id\":\"https:\/\/coexcorporation.com\/#organization\"},\"potentialAction\":[{\"@type\":\"SearchAction\",\"target\":{\"@type\":\"EntryPoint\",\"urlTemplate\":\"https:\/\/coexcorporation.com\/?s={search_term_string}\"},\"query-input\":{\"@type\":\"PropertyValueSpecification\",\"valueRequired\":true,\"valueName\":\"search_term_string\"}}],\"inLanguage\":\"en-US\"},{\"@type\":\"Organization\",\"@id\":\"https:\/\/coexcorporation.com\/#organization\",\"name\":\"COEX Corporation\",\"url\":\"https:\/\/coexcorporation.com\/\",\"logo\":{\"@type\":\"ImageObject\",\"inLanguage\":\"en-US\",\"@id\":\"https:\/\/coexcorporation.com\/#\/schema\/logo\/image\/\",\"url\":\"https:\/\/coexcorporation.com\/wp-content\/uploads\/2021\/09\/COEX_Corp-SF_Baja.png\",\"contentUrl\":\"https:\/\/coexcorporation.com\/wp-content\/uploads\/2021\/09\/COEX_Corp-SF_Baja.png\",\"width\":709,\"height\":321,\"caption\":\"COEX Corporation\"},\"image\":{\"@id\":\"https:\/\/coexcorporation.com\/#\/schema\/logo\/image\/\"},\"sameAs\":[\"https:\/\/www.facebook.com\/coexcorporation\",\"https:\/\/x.com\/coexgroup\",\"https:\/\/www.instagram.com\/coexcorporation\/\",\"https:\/\/www.linkedin.com\/company\/coexcorporation\/\",\"https:\/\/www.youtube.com\/c\/COEXCORPORATION\"],\"hasMerchantReturnPolicy\":{\"@type\":\"MerchantReturnPolicy\",\"merchantReturnLink\":\"https:\/\/coexcorporation.com\/en\/reembolso_devoluciones\/\"}}]}<\/script>\n<!-- \/ Yoast SEO Premium plugin. -->","yoast_head_json":{"title":"About us \" COEX Corporation","description":"We are a group of professionals who seek to strengthen and simplify international trade processes.","robots":{"index":"index","follow":"follow","max-snippet":"max-snippet:-1","max-image-preview":"max-image-preview:large","max-video-preview":"max-video-preview:-1"},"canonical":"https:\/\/coexcorporation.com\/en\/nosotros\/quienes-somos\/","og_locale":"en_US","og_type":"article","og_title":"\u00bfQui\u00e9nes somos?","og_description":"Somos un grupo de profesionales que buscamos el fortalecimiento y la simplificaci\u00f3n de los procesos de comercio internacional","og_url":"https:\/\/coexcorporation.com\/en\/nosotros\/quienes-somos\/","og_site_name":"COEX Corporation","article_publisher":"https:\/\/www.facebook.com\/coexcorporation","article_modified_time":"2025-05-31T19:53:54+00:00","og_image":[{"width":500,"height":334,"url":"https:\/\/coexcorporation.com\/wp-content\/uploads\/2021\/10\/Grupo-de-personas.jpg","type":"image\/jpeg"}],"twitter_card":"summary_large_image","twitter_description":"Somos un grupo de profesionales que buscamos el fortalecimiento y la simplificaci\u00f3n de los procesos de comercio internacional","twitter_site":"@coexgroup","twitter_misc":{"Est. reading time":"2 minutes"},"schema":{"@context":"https:\/\/schema.org","@graph":[{"@type":["WebPage","AboutPage"],"@id":"https:\/\/coexcorporation.com\/nosotros\/quienes-somos\/","url":"https:\/\/coexcorporation.com\/nosotros\/quienes-somos\/","name":"About us \" COEX Corporation","isPartOf":{"@id":"https:\/\/coexcorporation.com\/#website"},"primaryImageOfPage":{"@id":"https:\/\/coexcorporation.com\/nosotros\/quienes-somos\/#primaryimage"},"image":{"@id":"https:\/\/coexcorporation.com\/nosotros\/quienes-somos\/#primaryimage"},"thumbnailUrl":"https:\/\/coexcorporation.com\/wp-content\/uploads\/2021\/10\/Grupo-de-personas.jpg","datePublished":"2021-09-17T02:56:44+00:00","dateModified":"2025-05-31T19:53:54+00:00","description":"We are a group of professionals who seek to strengthen and simplify international trade processes.","breadcrumb":{"@id":"https:\/\/coexcorporation.com\/nosotros\/quienes-somos\/#breadcrumb"},"inLanguage":"en-US","potentialAction":[{"@type":"ReadAction","target":["https:\/\/coexcorporation.com\/nosotros\/quienes-somos\/"]}]},{"@type":"ImageObject","inLanguage":"en-US","@id":"https:\/\/coexcorporation.com\/nosotros\/quienes-somos\/#primaryimage","url":"https:\/\/coexcorporation.com\/wp-content\/uploads\/2021\/10\/Grupo-de-personas.jpg","contentUrl":"https:\/\/coexcorporation.com\/wp-content\/uploads\/2021\/10\/Grupo-de-personas.jpg","width":500,"height":334},{"@type":"BreadcrumbList","@id":"https:\/\/coexcorporation.com\/nosotros\/quienes-somos\/#breadcrumb","itemListElement":[{"@type":"ListItem","position":1,"name":"Nosotros","item":"https:\/\/coexcorporation.com\/nosotros\/"},{"@type":"ListItem","position":2,"name":"\u00bfQui\u00e9nes somos?"}]},{"@type":"WebSite","@id":"https:\/\/coexcorporation.com\/#website","url":"https:\/\/coexcorporation.com\/","name":"COEX Corporation","description":"COEX","publisher":{"@id":"https:\/\/coexcorporation.com\/#organization"},"potentialAction":[{"@type":"SearchAction","target":{"@type":"EntryPoint","urlTemplate":"https:\/\/coexcorporation.com\/?s={search_term_string}"},"query-input":{"@type":"PropertyValueSpecification","valueRequired":true,"valueName":"search_term_string"}}],"inLanguage":"en-US"},{"@type":"Organization","@id":"https:\/\/coexcorporation.com\/#organization","name":"COEX Corporation","url":"https:\/\/coexcorporation.com\/","logo":{"@type":"ImageObject","inLanguage":"en-US","@id":"https:\/\/coexcorporation.com\/#\/schema\/logo\/image\/","url":"https:\/\/coexcorporation.com\/wp-content\/uploads\/2021\/09\/COEX_Corp-SF_Baja.png","contentUrl":"https:\/\/coexcorporation.com\/wp-content\/uploads\/2021\/09\/COEX_Corp-SF_Baja.png","width":709,"height":321,"caption":"COEX Corporation"},"image":{"@id":"https:\/\/coexcorporation.com\/#\/schema\/logo\/image\/"},"sameAs":["https:\/\/www.facebook.com\/coexcorporation","https:\/\/x.com\/coexgroup","https:\/\/www.instagram.com\/coexcorporation\/","https:\/\/www.linkedin.com\/company\/coexcorporation\/","https:\/\/www.youtube.com\/c\/COEXCORPORATION"],"hasMerchantReturnPolicy":{"@type":"MerchantReturnPolicy","merchantReturnLink":"https:\/\/coexcorporation.com\/en\/reembolso_devoluciones\/"}}]}},"_links":{"self":[{"href":"https:\/\/coexcorporation.com\/en\/wp-json\/wp\/v2\/pages\/263","targetHints":{"allow":["GET"]}}],"collection":[{"href":"https:\/\/coexcorporation.com\/en\/wp-json\/wp\/v2\/pages"}],"about":[{"href":"https:\/\/coexcorporation.com\/en\/wp-json\/wp\/v2\/types\/page"}],"author":[{"embeddable":true,"href":"https:\/\/coexcorporation.com\/en\/wp-json\/wp\/v2\/users\/1"}],"replies":[{"embeddable":true,"href":"https:\/\/coexcorporation.com\/en\/wp-json\/wp\/v2\/comments?post=263"}],"version-history":[{"count":6,"href":"https:\/\/coexcorporation.com\/en\/wp-json\/wp\/v2\/pages\/263\/revisions"}],"predecessor-version":[{"id":11401,"href":"https:\/\/coexcorporation.com\/en\/wp-json\/wp\/v2\/pages\/263\/revisions\/11401"}],"up":[{"embeddable":true,"href":"https:\/\/coexcorporation.com\/en\/wp-json\/wp\/v2\/pages\/103"}],"wp:featuredmedia":[{"embeddable":true,"href":"https:\/\/coexcorporation.com\/en\/wp-json\/wp\/v2\/media\/1972"}],"wp:attachment":[{"href":"https:\/\/coexcorporation.com\/en\/wp-json\/wp\/v2\/media?parent=263"}],"curies":[{"name":"wp","href":"https:\/\/api.w.org\/{rel}","templated":true}]}}