{"id":241,"date":"2021-09-17T02:37:11","date_gmt":"2021-09-17T02:37:11","guid":{"rendered":"https:\/\/coexcorporation.com\/?page_id=241"},"modified":"2024-03-05T12:04:43","modified_gmt":"2024-03-05T17:04:43","slug":"por-que-elegirnos","status":"publish","type":"page","link":"https:\/\/coexcorporation.com\/en\/nosotros\/por-que-elegirnos\/","title":{"rendered":"Why Choose Us?"},"content":{"rendered":"<div data-elementor-type=\"wp-page\" data-elementor-id=\"241\" class=\"elementor elementor-241\" data-elementor-post-type=\"page\">\n\t\t\t\t\t\t<section class=\"elementor-section elementor-top-section elementor-element elementor-element-0b20aaf elementor-section-boxed elementor-section-height-default elementor-section-height-default\" data-id=\"0b20aaf\" data-element_type=\"section\" data-e-type=\"section\" data-settings=\"{&quot;jet_parallax_layout_list&quot;:[]}\">\n\t\t\t\t\t\t<div class=\"elementor-container elementor-column-gap-default\">\n\t\t\t\t\t<div class=\"elementor-column elementor-col-100 elementor-top-column elementor-element elementor-element-1746fc8\" data-id=\"1746fc8\" data-element_type=\"column\" data-e-type=\"column\">\n\t\t\t<div class=\"elementor-widget-wrap elementor-element-populated\">\n\t\t\t\t\t\t<div class=\"elementor-element elementor-element-8704393 elementor-widget elementor-widget-text-editor\" data-id=\"8704393\" data-element_type=\"widget\" data-e-type=\"widget\" data-widget_type=\"text-editor.default\">\n\t\t\t\t<div class=\"elementor-widget-container\">\n\t\t\t\t\t\t\t\t\t<p><strong>COEX Corporation<\/strong> is a Colombian international trade consulting company with more than 14 years of experience in the global market.<\/p><p>We have partners in 30 countries around the world: <strong>Mexico<\/strong> | <strong>Costa Rica<\/strong> | <strong>Panama<\/strong> | <strong>Peru<\/strong> | <strong>Ecuador<\/strong> | <strong>Chile<\/strong> | <strong>Argentina<\/strong> | <strong>Brazil<\/strong> |<strong>Bolivia<\/strong> | <strong>Paraguay<\/strong> | <strong>Uruguay<\/strong> | <strong>United Kingdom<\/strong> | <strong>Spain<\/strong> | <strong>Taiwan<\/strong> | <strong>India<\/strong> | <strong>Italy<\/strong> | <strong>Australia<\/strong> | <strong>Egypt<\/strong> | <strong>Guatemala | Indonesia | Dominican Rep. | Nicaragua | El Salvador | United States | Italy | Slovenia | Romania | Czech Republic | China | England | United Kingdom | United Kingdom | United States | Italy | Slovenia | Romania | Czech Rep.<\/strong><\/p>\t\t\t\t\t\t\t\t<\/div>\n\t\t\t\t<\/div>\n\t\t\t\t\t<\/div>\n\t\t<\/div>\n\t\t\t\t\t<\/div>\n\t\t<\/section>\n\t\t\t\t<section class=\"elementor-section elementor-top-section elementor-element elementor-element-9d2fb67 elementor-section-boxed elementor-section-height-default elementor-section-height-default\" data-id=\"9d2fb67\" data-element_type=\"section\" data-e-type=\"section\" data-settings=\"{&quot;jet_parallax_layout_list&quot;:[]}\">\n\t\t\t\t\t\t<div class=\"elementor-container elementor-column-gap-default\">\n\t\t\t\t\t<div class=\"elementor-column elementor-col-100 elementor-top-column elementor-element elementor-element-253823e\" data-id=\"253823e\" data-element_type=\"column\" data-e-type=\"column\">\n\t\t\t<div class=\"elementor-widget-wrap elementor-element-populated\">\n\t\t\t\t\t\t<div class=\"elementor-element elementor-element-ba93280 elementor-widget elementor-widget-igmap\" data-id=\"ba93280\" data-element_type=\"widget\" data-e-type=\"widget\" data-widget_type=\"igmap.default\">\n\t\t\t\t<div class=\"elementor-widget-container\">\n\t\t\t\t\t<div class=\"igmap-elementor-widget\"><div class=\"map_wrapper\" id=\"map_wrapper_1671\">\n<div class=\"map_box\" style=\"max-width:2000px\">\n<div class=\"map_aspect_ratio\" style=\"padding-top:56%\" data-padding-top=\"56%\" data-padding-top-mobile=\"0%\">\n<div class=\"map_container\">\n<div class=\"map_render map_loading\" id=\"map_1671\"><\/div>\n<\/div>\n<\/div>\n<\/div>\n<\/div><\/div>\t\t\t\t<\/div>\n\t\t\t\t<\/div>\n\t\t\t\t\t<\/div>\n\t\t<\/div>\n\t\t\t\t\t<\/div>\n\t\t<\/section>\n\t\t\t\t<section class=\"elementor-section elementor-top-section elementor-element elementor-element-7296480 elementor-section-boxed elementor-section-height-default elementor-section-height-default\" data-id=\"7296480\" data-element_type=\"section\" data-e-type=\"section\" data-settings=\"{&quot;jet_parallax_layout_list&quot;:[]}\">\n\t\t\t\t\t\t<div class=\"elementor-container elementor-column-gap-default\">\n\t\t\t\t\t<div class=\"elementor-column elementor-col-33 elementor-top-column elementor-element elementor-element-c63288c\" data-id=\"c63288c\" data-element_type=\"column\" data-e-type=\"column\" data-settings=\"{&quot;background_background&quot;:&quot;classic&quot;}\">\n\t\t\t<div class=\"elementor-widget-wrap elementor-element-populated\">\n\t\t\t\t\t\t<div class=\"elementor-element elementor-element-3edd16e dce_masking-none elementor-position-top elementor-widget elementor-widget-image-box\" data-id=\"3edd16e\" data-element_type=\"widget\" data-e-type=\"widget\" data-widget_type=\"image-box.default\">\n\t\t\t\t<div class=\"elementor-widget-container\">\n\t\t\t\t\t<div class=\"elementor-image-box-wrapper\"><figure class=\"elementor-image-box-img\"><a href=\"https:\/\/www.mincit.gov.co\/minindustria\/sociedades-bic\" target=\"_blank\" tabindex=\"-1\"><img fetchpriority=\"high\" decoding=\"async\" width=\"1014\" height=\"431\" src=\"https:\/\/coexcorporation.com\/wp-content\/uploads\/2021\/10\/Imagen-Sociedades-BIC.png\" class=\"attachment-full size-full wp-image-1684\" alt=\"\" srcset=\"https:\/\/coexcorporation.com\/wp-content\/uploads\/2021\/10\/Imagen-Sociedades-BIC.png 1014w, https:\/\/coexcorporation.com\/wp-content\/uploads\/2021\/10\/Imagen-Sociedades-BIC-600x255.png 600w, https:\/\/coexcorporation.com\/wp-content\/uploads\/2021\/10\/Imagen-Sociedades-BIC-300x128.png 300w, https:\/\/coexcorporation.com\/wp-content\/uploads\/2021\/10\/Imagen-Sociedades-BIC-768x326.png 768w\" sizes=\"(max-width: 1014px) 100vw, 1014px\" \/><\/a><\/figure><div class=\"elementor-image-box-content\"><h3 class=\"elementor-image-box-title\"><a href=\"https:\/\/www.mincit.gov.co\/minindustria\/sociedades-bic\" target=\"_blank\">BIC Companies<\/a><\/h3><p class=\"elementor-image-box-description\">We are part of the new generation of BIC companies, socially responsible companies.\u00a0<\/p><\/div><\/div>\t\t\t\t<\/div>\n\t\t\t\t<\/div>\n\t\t\t\t\t<\/div>\n\t\t<\/div>\n\t\t\t\t<div class=\"elementor-column elementor-col-33 elementor-top-column elementor-element elementor-element-679943a\" data-id=\"679943a\" data-element_type=\"column\" data-e-type=\"column\" data-settings=\"{&quot;background_background&quot;:&quot;classic&quot;}\">\n\t\t\t<div class=\"elementor-widget-wrap elementor-element-populated\">\n\t\t\t\t\t\t<div class=\"elementor-element elementor-element-5c4c4e1 dce_masking-none elementor-position-top elementor-widget elementor-widget-image-box\" data-id=\"5c4c4e1\" data-element_type=\"widget\" data-e-type=\"widget\" data-widget_type=\"image-box.default\">\n\t\t\t\t<div class=\"elementor-widget-container\">\n\t\t\t\t\t<div class=\"elementor-image-box-wrapper\"><figure class=\"elementor-image-box-img\"><a href=\"https:\/\/www.colombia.co\/marca-colombia\/\" target=\"_blank\" tabindex=\"-1\"><img decoding=\"async\" width=\"1000\" height=\"980\" src=\"https:\/\/coexcorporation.com\/wp-content\/uploads\/2021\/10\/Marca_pais_Colombia_logo.svg_-e1634777358933.png\" class=\"attachment-full size-full wp-image-1783\" alt=\"\" srcset=\"https:\/\/coexcorporation.com\/wp-content\/uploads\/2021\/10\/Marca_pais_Colombia_logo.svg_-e1634777358933.png 1000w, https:\/\/coexcorporation.com\/wp-content\/uploads\/2021\/10\/Marca_pais_Colombia_logo.svg_-e1634777358933-600x588.png 600w\" sizes=\"(max-width: 1000px) 100vw, 1000px\" \/><\/a><\/figure><div class=\"elementor-image-box-content\"><h3 class=\"elementor-image-box-title\"><a href=\"https:\/\/www.colombia.co\/marca-colombia\/\" target=\"_blank\">Country Brand<\/a><\/h3><p class=\"elementor-image-box-description\">Our company has the endorsement of Procolombia for the use and promotion of the CO brand, which represents the authenticity and quality of Colombian companies to the world.<\/p><\/div><\/div>\t\t\t\t<\/div>\n\t\t\t\t<\/div>\n\t\t\t\t\t<\/div>\n\t\t<\/div>\n\t\t\t\t<div class=\"elementor-column elementor-col-33 elementor-top-column elementor-element elementor-element-2803651\" data-id=\"2803651\" data-element_type=\"column\" data-e-type=\"column\" data-settings=\"{&quot;background_background&quot;:&quot;classic&quot;}\">\n\t\t\t<div class=\"elementor-widget-wrap elementor-element-populated\">\n\t\t\t\t\t\t<div class=\"elementor-element elementor-element-f9d9b0f dce_masking-none elementor-position-top elementor-widget elementor-widget-image-box\" data-id=\"f9d9b0f\" data-element_type=\"widget\" data-e-type=\"widget\" data-widget_type=\"image-box.default\">\n\t\t\t\t<div class=\"elementor-widget-container\">\n\t\t\t\t\t<div class=\"elementor-image-box-wrapper\"><figure class=\"elementor-image-box-img\"><a href=\"https:\/\/compralonuestro.co\/\" target=\"_blank\" tabindex=\"-1\"><img decoding=\"async\" width=\"759\" height=\"274\" src=\"https:\/\/coexcorporation.com\/wp-content\/uploads\/2021\/10\/logo-compra-lo-nuestro.png\" class=\"attachment-full size-full wp-image-1747\" alt=\"\" srcset=\"https:\/\/coexcorporation.com\/wp-content\/uploads\/2021\/10\/logo-compra-lo-nuestro.png 759w, https:\/\/coexcorporation.com\/wp-content\/uploads\/2021\/10\/logo-compra-lo-nuestro-600x217.png 600w, https:\/\/coexcorporation.com\/wp-content\/uploads\/2021\/10\/logo-compra-lo-nuestro-300x108.png 300w\" sizes=\"(max-width: 759px) 100vw, 759px\" \/><\/a><\/figure><div class=\"elementor-image-box-content\"><h3 class=\"elementor-image-box-title\"><a href=\"https:\/\/compralonuestro.co\/\" target=\"_blank\">Buy Lo Nuestro<\/a><\/h3><p class=\"elementor-image-box-description\">We value 100% Colombian products, for this reason we have adopted the Compra Lo Nuestro seal.<\/p><\/div><\/div>\t\t\t\t<\/div>\n\t\t\t\t<\/div>\n\t\t\t\t\t<\/div>\n\t\t<\/div>\n\t\t\t\t\t<\/div>\n\t\t<\/section>\n\t\t\t\t<\/div>","protected":false},"excerpt":{"rendered":"<p>COEX Corporation es una compa\u00f1\u00eda Colombiana de consultor\u00eda en comercio internacional que cuenta con m\u00e1s de 14 a\u00f1os de experiencia en el mercado global. Contamos con Partners en 30 pa\u00edses del mundo: M\u00e9xico | Costa Rica | Panam\u00e1 | Per\u00fa | Ecuador | Chile | Argentina | Brasil |Bolivia | Paraguay | Uruguay | Reino [&hellip;]<\/p>\n","protected":false},"author":1,"featured_media":1980,"parent":103,"menu_order":2,"comment_status":"closed","ping_status":"closed","template":"","meta":{"content-type":"","_monsterinsights_skip_tracking":false,"_monsterinsights_sitenote_active":false,"_monsterinsights_sitenote_note":"","_monsterinsights_sitenote_category":0,"footnotes":""},"class_list":["post-241","page","type-page","status-publish","has-post-thumbnail","hentry"],"yoast_head":"<!-- This site is optimized with the Yoast SEO Premium plugin v23.5 (Yoast SEO v27.2) - https:\/\/yoast.com\/product\/yoast-seo-premium-wordpress\/ -->\n<title>\u00bfPor qu\u00e9 elegirnos? &#187; COEX Corporation<\/title>\n<meta name=\"description\" content=\"Contamos con m\u00e1s de 14 a\u00f1os de experiencia en el mercado global y Partners en 24 pa\u00edses del mundo. Somos Marca Pa\u00eds y Compra Lo Nuestro\" \/>\n<meta name=\"robots\" content=\"index, follow, max-snippet:-1, max-image-preview:large, max-video-preview:-1\" \/>\n<link rel=\"canonical\" href=\"https:\/\/coexcorporation.com\/en\/nosotros\/por-que-elegirnos\/\" \/>\n<meta property=\"og:locale\" content=\"en_US\" \/>\n<meta property=\"og:type\" content=\"article\" \/>\n<meta property=\"og:title\" content=\"\u00bfPor qu\u00e9 elegirnos? &#187; COEX Corporation\" \/>\n<meta property=\"og:description\" content=\"Contamos con m\u00e1s de 14 a\u00f1os de experiencia en el mercado global y Partners en 24 pa\u00edses del mundo. Somos Marca Pa\u00eds y Compra Lo Nuestro\" \/>\n<meta property=\"og:url\" content=\"https:\/\/coexcorporation.com\/en\/nosotros\/por-que-elegirnos\/\" \/>\n<meta property=\"og:site_name\" content=\"COEX Corporation\" \/>\n<meta property=\"article:publisher\" content=\"https:\/\/www.facebook.com\/coexcorporation\" \/>\n<meta property=\"article:modified_time\" content=\"2024-03-05T17:04:43+00:00\" \/>\n<meta property=\"og:image\" content=\"https:\/\/coexcorporation.com\/wp-content\/uploads\/2021\/10\/finance-gf94d2ab09_640.jpg\" \/>\n\t<meta property=\"og:image:width\" content=\"640\" \/>\n\t<meta property=\"og:image:height\" content=\"422\" \/>\n\t<meta property=\"og:image:type\" content=\"image\/jpeg\" \/>\n<meta name=\"twitter:card\" content=\"summary_large_image\" \/>\n<meta name=\"twitter:title\" content=\"\u00bfPor qu\u00e9 elegirnos? &#187; COEX Corporation\" \/>\n<meta name=\"twitter:description\" content=\"Contamos con m\u00e1s de 14 a\u00f1os de experiencia en el mercado global y Partners en 24 pa\u00edses del mundo. Somos Marca Pa\u00eds y Compra Lo Nuestro\" \/>\n<meta name=\"twitter:image\" content=\"https:\/\/coexcorporation.com\/wp-content\/uploads\/2021\/10\/finance-gf94d2ab09_640.jpg\" \/>\n<meta name=\"twitter:site\" content=\"@coexgroup\" \/>\n<meta name=\"twitter:label1\" content=\"Est. reading time\" \/>\n\t<meta name=\"twitter:data1\" content=\"2 minutes\" \/>\n<script type=\"application\/ld+json\" class=\"yoast-schema-graph\">{\"@context\":\"https:\/\/schema.org\",\"@graph\":[{\"@type\":[\"WebPage\",\"AboutPage\"],\"@id\":\"https:\/\/coexcorporation.com\/nosotros\/por-que-elegirnos\/\",\"url\":\"https:\/\/coexcorporation.com\/nosotros\/por-que-elegirnos\/\",\"name\":\"\u00bfPor qu\u00e9 elegirnos? &#187; COEX Corporation\",\"isPartOf\":{\"@id\":\"https:\/\/coexcorporation.com\/#website\"},\"primaryImageOfPage\":{\"@id\":\"https:\/\/coexcorporation.com\/nosotros\/por-que-elegirnos\/#primaryimage\"},\"image\":{\"@id\":\"https:\/\/coexcorporation.com\/nosotros\/por-que-elegirnos\/#primaryimage\"},\"thumbnailUrl\":\"https:\/\/coexcorporation.com\/wp-content\/uploads\/2021\/10\/finance-gf94d2ab09_640.jpg\",\"datePublished\":\"2021-09-17T02:37:11+00:00\",\"dateModified\":\"2024-03-05T17:04:43+00:00\",\"description\":\"Contamos con m\u00e1s de 14 a\u00f1os de experiencia en el mercado global y Partners en 24 pa\u00edses del mundo. Somos Marca Pa\u00eds y Compra Lo Nuestro\",\"breadcrumb\":{\"@id\":\"https:\/\/coexcorporation.com\/nosotros\/por-que-elegirnos\/#breadcrumb\"},\"inLanguage\":\"en-US\",\"potentialAction\":[{\"@type\":\"ReadAction\",\"target\":[\"https:\/\/coexcorporation.com\/nosotros\/por-que-elegirnos\/\"]}]},{\"@type\":\"ImageObject\",\"inLanguage\":\"en-US\",\"@id\":\"https:\/\/coexcorporation.com\/nosotros\/por-que-elegirnos\/#primaryimage\",\"url\":\"https:\/\/coexcorporation.com\/wp-content\/uploads\/2021\/10\/finance-gf94d2ab09_640.jpg\",\"contentUrl\":\"https:\/\/coexcorporation.com\/wp-content\/uploads\/2021\/10\/finance-gf94d2ab09_640.jpg\",\"width\":640,\"height\":422},{\"@type\":\"BreadcrumbList\",\"@id\":\"https:\/\/coexcorporation.com\/nosotros\/por-que-elegirnos\/#breadcrumb\",\"itemListElement\":[{\"@type\":\"ListItem\",\"position\":1,\"name\":\"Nosotros\",\"item\":\"https:\/\/coexcorporation.com\/nosotros\/\"},{\"@type\":\"ListItem\",\"position\":2,\"name\":\"\u00bfPor qu\u00e9 elegirnos?\"}]},{\"@type\":\"WebSite\",\"@id\":\"https:\/\/coexcorporation.com\/#website\",\"url\":\"https:\/\/coexcorporation.com\/\",\"name\":\"COEX Corporation\",\"description\":\"COEX\",\"publisher\":{\"@id\":\"https:\/\/coexcorporation.com\/#organization\"},\"potentialAction\":[{\"@type\":\"SearchAction\",\"target\":{\"@type\":\"EntryPoint\",\"urlTemplate\":\"https:\/\/coexcorporation.com\/?s={search_term_string}\"},\"query-input\":{\"@type\":\"PropertyValueSpecification\",\"valueRequired\":true,\"valueName\":\"search_term_string\"}}],\"inLanguage\":\"en-US\"},{\"@type\":\"Organization\",\"@id\":\"https:\/\/coexcorporation.com\/#organization\",\"name\":\"COEX Corporation\",\"url\":\"https:\/\/coexcorporation.com\/\",\"logo\":{\"@type\":\"ImageObject\",\"inLanguage\":\"en-US\",\"@id\":\"https:\/\/coexcorporation.com\/#\/schema\/logo\/image\/\",\"url\":\"https:\/\/coexcorporation.com\/wp-content\/uploads\/2021\/09\/COEX_Corp-SF_Baja.png\",\"contentUrl\":\"https:\/\/coexcorporation.com\/wp-content\/uploads\/2021\/09\/COEX_Corp-SF_Baja.png\",\"width\":709,\"height\":321,\"caption\":\"COEX Corporation\"},\"image\":{\"@id\":\"https:\/\/coexcorporation.com\/#\/schema\/logo\/image\/\"},\"sameAs\":[\"https:\/\/www.facebook.com\/coexcorporation\",\"https:\/\/x.com\/coexgroup\",\"https:\/\/www.instagram.com\/coexcorporation\/\",\"https:\/\/www.linkedin.com\/company\/coexcorporation\/\",\"https:\/\/www.youtube.com\/c\/COEXCORPORATION\"],\"hasMerchantReturnPolicy\":{\"@type\":\"MerchantReturnPolicy\",\"merchantReturnLink\":\"https:\/\/coexcorporation.com\/en\/reembolso_devoluciones\/\"}}]}<\/script>\n<!-- \/ Yoast SEO Premium plugin. -->","yoast_head_json":{"title":"Why choose us? \"COEX Corporation","description":"We have more than 14 years of experience in the global market and Partners in 24 countries around the world. We are a Country Brand and Buy What's Ours","robots":{"index":"index","follow":"follow","max-snippet":"max-snippet:-1","max-image-preview":"max-image-preview:large","max-video-preview":"max-video-preview:-1"},"canonical":"https:\/\/coexcorporation.com\/en\/nosotros\/por-que-elegirnos\/","og_locale":"en_US","og_type":"article","og_title":"\u00bfPor qu\u00e9 elegirnos? &#187; COEX Corporation","og_description":"Contamos con m\u00e1s de 14 a\u00f1os de experiencia en el mercado global y Partners en 24 pa\u00edses del mundo. Somos Marca Pa\u00eds y Compra Lo Nuestro","og_url":"https:\/\/coexcorporation.com\/en\/nosotros\/por-que-elegirnos\/","og_site_name":"COEX Corporation","article_publisher":"https:\/\/www.facebook.com\/coexcorporation","article_modified_time":"2024-03-05T17:04:43+00:00","og_image":[{"width":640,"height":422,"url":"https:\/\/coexcorporation.com\/wp-content\/uploads\/2021\/10\/finance-gf94d2ab09_640.jpg","type":"image\/jpeg"}],"twitter_card":"summary_large_image","twitter_title":"\u00bfPor qu\u00e9 elegirnos? &#187; COEX Corporation","twitter_description":"Contamos con m\u00e1s de 14 a\u00f1os de experiencia en el mercado global y Partners en 24 pa\u00edses del mundo. Somos Marca Pa\u00eds y Compra Lo Nuestro","twitter_image":"https:\/\/coexcorporation.com\/wp-content\/uploads\/2021\/10\/finance-gf94d2ab09_640.jpg","twitter_site":"@coexgroup","twitter_misc":{"Est. reading time":"2 minutes"},"schema":{"@context":"https:\/\/schema.org","@graph":[{"@type":["WebPage","AboutPage"],"@id":"https:\/\/coexcorporation.com\/nosotros\/por-que-elegirnos\/","url":"https:\/\/coexcorporation.com\/nosotros\/por-que-elegirnos\/","name":"Why choose us? \"COEX Corporation","isPartOf":{"@id":"https:\/\/coexcorporation.com\/#website"},"primaryImageOfPage":{"@id":"https:\/\/coexcorporation.com\/nosotros\/por-que-elegirnos\/#primaryimage"},"image":{"@id":"https:\/\/coexcorporation.com\/nosotros\/por-que-elegirnos\/#primaryimage"},"thumbnailUrl":"https:\/\/coexcorporation.com\/wp-content\/uploads\/2021\/10\/finance-gf94d2ab09_640.jpg","datePublished":"2021-09-17T02:37:11+00:00","dateModified":"2024-03-05T17:04:43+00:00","description":"We have more than 14 years of experience in the global market and Partners in 24 countries around the world. We are a Country Brand and Buy What's Ours","breadcrumb":{"@id":"https:\/\/coexcorporation.com\/nosotros\/por-que-elegirnos\/#breadcrumb"},"inLanguage":"en-US","potentialAction":[{"@type":"ReadAction","target":["https:\/\/coexcorporation.com\/nosotros\/por-que-elegirnos\/"]}]},{"@type":"ImageObject","inLanguage":"en-US","@id":"https:\/\/coexcorporation.com\/nosotros\/por-que-elegirnos\/#primaryimage","url":"https:\/\/coexcorporation.com\/wp-content\/uploads\/2021\/10\/finance-gf94d2ab09_640.jpg","contentUrl":"https:\/\/coexcorporation.com\/wp-content\/uploads\/2021\/10\/finance-gf94d2ab09_640.jpg","width":640,"height":422},{"@type":"BreadcrumbList","@id":"https:\/\/coexcorporation.com\/nosotros\/por-que-elegirnos\/#breadcrumb","itemListElement":[{"@type":"ListItem","position":1,"name":"Nosotros","item":"https:\/\/coexcorporation.com\/nosotros\/"},{"@type":"ListItem","position":2,"name":"\u00bfPor qu\u00e9 elegirnos?"}]},{"@type":"WebSite","@id":"https:\/\/coexcorporation.com\/#website","url":"https:\/\/coexcorporation.com\/","name":"COEX Corporation","description":"COEX","publisher":{"@id":"https:\/\/coexcorporation.com\/#organization"},"potentialAction":[{"@type":"SearchAction","target":{"@type":"EntryPoint","urlTemplate":"https:\/\/coexcorporation.com\/?s={search_term_string}"},"query-input":{"@type":"PropertyValueSpecification","valueRequired":true,"valueName":"search_term_string"}}],"inLanguage":"en-US"},{"@type":"Organization","@id":"https:\/\/coexcorporation.com\/#organization","name":"COEX Corporation","url":"https:\/\/coexcorporation.com\/","logo":{"@type":"ImageObject","inLanguage":"en-US","@id":"https:\/\/coexcorporation.com\/#\/schema\/logo\/image\/","url":"https:\/\/coexcorporation.com\/wp-content\/uploads\/2021\/09\/COEX_Corp-SF_Baja.png","contentUrl":"https:\/\/coexcorporation.com\/wp-content\/uploads\/2021\/09\/COEX_Corp-SF_Baja.png","width":709,"height":321,"caption":"COEX Corporation"},"image":{"@id":"https:\/\/coexcorporation.com\/#\/schema\/logo\/image\/"},"sameAs":["https:\/\/www.facebook.com\/coexcorporation","https:\/\/x.com\/coexgroup","https:\/\/www.instagram.com\/coexcorporation\/","https:\/\/www.linkedin.com\/company\/coexcorporation\/","https:\/\/www.youtube.com\/c\/COEXCORPORATION"],"hasMerchantReturnPolicy":{"@type":"MerchantReturnPolicy","merchantReturnLink":"https:\/\/coexcorporation.com\/en\/reembolso_devoluciones\/"}}]}},"_links":{"self":[{"href":"https:\/\/coexcorporation.com\/en\/wp-json\/wp\/v2\/pages\/241","targetHints":{"allow":["GET"]}}],"collection":[{"href":"https:\/\/coexcorporation.com\/en\/wp-json\/wp\/v2\/pages"}],"about":[{"href":"https:\/\/coexcorporation.com\/en\/wp-json\/wp\/v2\/types\/page"}],"author":[{"embeddable":true,"href":"https:\/\/coexcorporation.com\/en\/wp-json\/wp\/v2\/users\/1"}],"replies":[{"embeddable":true,"href":"https:\/\/coexcorporation.com\/en\/wp-json\/wp\/v2\/comments?post=241"}],"version-history":[{"count":0,"href":"https:\/\/coexcorporation.com\/en\/wp-json\/wp\/v2\/pages\/241\/revisions"}],"up":[{"embeddable":true,"href":"https:\/\/coexcorporation.com\/en\/wp-json\/wp\/v2\/pages\/103"}],"wp:featuredmedia":[{"embeddable":true,"href":"https:\/\/coexcorporation.com\/en\/wp-json\/wp\/v2\/media\/1980"}],"wp:attachment":[{"href":"https:\/\/coexcorporation.com\/en\/wp-json\/wp\/v2\/media?parent=241"}],"curies":[{"name":"wp","href":"https:\/\/api.w.org\/{rel}","templated":true}]}}