{"id":2322,"date":"2021-10-13T23:14:38","date_gmt":"2021-10-14T04:14:38","guid":{"rendered":"https:\/\/coexcorporation.com\/?page_id=2322"},"modified":"2023-10-31T09:12:08","modified_gmt":"2023-10-31T14:12:08","slug":"misiones-comerciales","status":"publish","type":"page","link":"https:\/\/coexcorporation.com\/en\/servicios-coex-2\/misiones-comerciales\/","title":{"rendered":"Trade Missions"},"content":{"rendered":"<div data-elementor-type=\"wp-page\" data-elementor-id=\"2322\" class=\"elementor elementor-2322\" data-elementor-post-type=\"page\">\n\t\t\t\t\t\t<section class=\"elementor-section elementor-top-section elementor-element elementor-element-da1e362 elementor-section-boxed elementor-section-height-default elementor-section-height-default\" data-id=\"da1e362\" data-element_type=\"section\" data-e-type=\"section\" data-settings=\"{&quot;jet_parallax_layout_list&quot;:[]}\">\n\t\t\t\t\t\t<div class=\"elementor-container elementor-column-gap-default\">\n\t\t\t\t\t<div class=\"elementor-column elementor-col-100 elementor-top-column elementor-element elementor-element-2779ca8\" data-id=\"2779ca8\" data-element_type=\"column\" data-e-type=\"column\">\n\t\t\t<div class=\"elementor-widget-wrap elementor-element-populated\">\n\t\t\t\t\t\t<div class=\"elementor-element elementor-element-98755b7 dce_masking-none elementor-widget elementor-widget-image\" data-id=\"98755b7\" data-element_type=\"widget\" data-e-type=\"widget\" data-widget_type=\"image.default\">\n\t\t\t\t<div class=\"elementor-widget-container\">\n\t\t\t\t\t\t\t\t\t\t\t\t\t\t\t<img fetchpriority=\"high\" decoding=\"async\" width=\"768\" height=\"402\" src=\"https:\/\/coexcorporation.com\/wp-content\/uploads\/2021\/10\/pngwing.com-15-e1634795606245-768x402.png\" class=\"attachment-medium_large size-medium_large wp-image-3720\" alt=\"\" srcset=\"https:\/\/coexcorporation.com\/wp-content\/uploads\/2021\/10\/pngwing.com-15-e1634795606245-768x402.png 768w, https:\/\/coexcorporation.com\/wp-content\/uploads\/2021\/10\/pngwing.com-15-e1634795606245-600x314.png 600w, https:\/\/coexcorporation.com\/wp-content\/uploads\/2021\/10\/pngwing.com-15-e1634795606245-300x157.png 300w, https:\/\/coexcorporation.com\/wp-content\/uploads\/2021\/10\/pngwing.com-15-e1634795606245.png 942w\" sizes=\"(max-width: 768px) 100vw, 768px\" \/>\t\t\t\t\t\t\t\t\t\t\t\t\t\t\t<\/div>\n\t\t\t\t<\/div>\n\t\t\t\t\t<\/div>\n\t\t<\/div>\n\t\t\t\t\t<\/div>\n\t\t<\/section>\n\t\t\t\t<section class=\"elementor-section elementor-top-section elementor-element elementor-element-5657c77 elementor-section-boxed elementor-section-height-default elementor-section-height-default\" data-id=\"5657c77\" data-element_type=\"section\" data-e-type=\"section\" data-settings=\"{&quot;jet_parallax_layout_list&quot;:[]}\">\n\t\t\t\t\t\t<div class=\"elementor-container elementor-column-gap-default\">\n\t\t\t\t\t<div class=\"elementor-column elementor-col-100 elementor-top-column elementor-element elementor-element-2e0ab9b\" data-id=\"2e0ab9b\" data-element_type=\"column\" data-e-type=\"column\">\n\t\t\t<div class=\"elementor-widget-wrap elementor-element-populated\">\n\t\t\t\t\t\t<div class=\"elementor-element elementor-element-76be5f9 elementor-position-inline-start elementor-view-default elementor-mobile-position-block-start elementor-widget elementor-widget-icon-box\" data-id=\"76be5f9\" data-element_type=\"widget\" data-e-type=\"widget\" data-widget_type=\"icon-box.default\">\n\t\t\t\t<div class=\"elementor-widget-container\">\n\t\t\t\t\t\t\t<div class=\"elementor-icon-box-wrapper\">\n\n\t\t\t\t\t\t<div class=\"elementor-icon-box-icon\">\n\t\t\t\t<span  class=\"elementor-icon\">\n\t\t\t\t<svg aria-hidden=\"true\" class=\"e-font-icon-svg e-far-comments\" viewbox=\"0 0 576 512\" xmlns=\"http:\/\/www.w3.org\/2000\/svg\"><path d=\"M532 386.2c27.5-27.1 44-61.1 44-98.2 0-80-76.5-146.1-176.2-157.9C368.3 72.5 294.3 32 208 32 93.1 32 0 103.6 0 192c0 37 16.5 71 44 98.2-15.3 30.7-37.3 54.5-37.7 54.9-6.3 6.7-8.1 16.5-4.4 25 3.6 8.5 12 14 21.2 14 53.5 0 96.7-20.2 125.2-38.8 9.2 2.1 18.7 3.7 28.4 4.9C208.1 407.6 281.8 448 368 448c20.8 0 40.8-2.4 59.8-6.8C456.3 459.7 499.4 480 553 480c9.2 0 17.5-5.5 21.2-14 3.6-8.5 1.9-18.3-4.4-25-.4-.3-22.5-24.1-37.8-54.8zm-392.8-92.3L122.1 305c-14.1 9.1-28.5 16.3-43.1 21.4 2.7-4.7 5.4-9.7 8-14.8l15.5-31.1L77.7 256C64.2 242.6 48 220.7 48 192c0-60.7 73.3-112 160-112s160 51.3 160 112-73.3 112-160 112c-16.5 0-33-1.9-49-5.6l-19.8-4.5zM498.3 352l-24.7 24.4 15.5 31.1c2.6 5.1 5.3 10.1 8 14.8-14.6-5.1-29-12.3-43.1-21.4l-17.1-11.1-19.9 4.6c-16 3.7-32.5 5.6-49 5.6-54 0-102.2-20.1-131.3-49.7C338 339.5 416 272.9 416 192c0-3.4-.4-6.7-.7-10C479.7 196.5 528 238.8 528 288c0 28.7-16.2 50.6-29.7 64z\"><\/path><\/svg>\t\t\t\t<\/span>\n\t\t\t<\/div>\n\t\t\t\n\t\t\t\t\t\t<div class=\"elementor-icon-box-content\">\n\n\t\t\t\t\t\t\t\t\t<h3 class=\"elementor-icon-box-title\">\n\t\t\t\t\t\t<span  >\n\t\t\t\t\t\t\tTrade missions\t\t\t\t\t\t<\/span>\n\t\t\t\t\t<\/h3>\n\t\t\t\t\n\t\t\t\t\n\t\t\t<\/div>\n\t\t\t\n\t\t<\/div>\n\t\t\t\t\t\t<\/div>\n\t\t\t\t<\/div>\n\t\t\t\t<div class=\"elementor-element elementor-element-5a6b94a elementor-widget elementor-widget-text-editor\" data-id=\"5a6b94a\" data-element_type=\"widget\" data-e-type=\"widget\" data-widget_type=\"text-editor.default\">\n\t\t\t\t<div class=\"elementor-widget-container\">\n\t\t\t\t\t\t\t\t\t<p>Trade missions are strategic initiatives that seek to promote international trade and the expansion of business globally. These missions involve the participation of companies, government and trade organizations, as well as business delegations that visit other countries to establish business contacts, explore new market opportunities and promote their products or services.<\/p>\t\t\t\t\t\t\t\t<\/div>\n\t\t\t\t<\/div>\n\t\t\t\t<div class=\"elementor-element elementor-element-f1c3871 elementor-widget elementor-widget-text-editor\" data-id=\"f1c3871\" data-element_type=\"widget\" data-e-type=\"widget\" data-widget_type=\"text-editor.default\">\n\t\t\t\t<div class=\"elementor-widget-container\">\n\t\t\t\t\t\t\t\t\t<p>Our mission is to facilitate companies' access to international markets and support the strengthening of global business relationships. Through our trade mission management solutions, we provide:<\/p><ol><li><p><strong>Identification of Opportunities:<\/strong> We identify international markets that present opportunities for your products or services, taking into account current trends and market needs.<\/p><\/li><li><p><strong>Strategic Planning:<\/strong> We design a detailed action plan for your trade mission, including destination selection, meeting scheduling, and travel logistics.<\/p><\/li><li><p><strong>Contact with Local Stakeholders:<\/strong> We establish strategic contacts with local stakeholders, such as chambers of commerce, governmental organizations, and potential business partners.<\/p><\/li><li><p><strong>Counseling and Preparation:<\/strong> We provide advice on legal, customs and cultural aspects to ensure a smooth transition into new markets.<\/p><\/li><li><p><strong>Accompaniment during the Mission:<\/strong> Our team of experts will accompany you throughout the entire process, from arrival at your destination to the conclusion of your business meetings.<\/p><\/li><li><p><strong>Evaluation of Results:<\/strong> We analyze mission performance and provide strategic feedback for future international expansion.<\/p><\/li><\/ol>\t\t\t\t\t\t\t\t<\/div>\n\t\t\t\t<\/div>\n\t\t\t\t\t<\/div>\n\t\t<\/div>\n\t\t\t\t\t<\/div>\n\t\t<\/section>\n\t\t\t\t<\/div>","protected":false},"excerpt":{"rendered":"<p>Misiones comerciales Las misiones comerciales son iniciativas estrat\u00e9gicas que buscan fomentar el comercio internacional y la expansi\u00f3n de los negocios a nivel global. Estas misiones involucran la participaci\u00f3n de empresas, organizaciones gubernamentales y comerciales, as\u00ed como delegaciones empresariales que visitan otros pa\u00edses con el prop\u00f3sito de establecer contactos comerciales, explorar nuevas oportunidades de mercado y [&hellip;]<\/p>\n","protected":false},"author":1,"featured_media":3720,"parent":199,"menu_order":6,"comment_status":"closed","ping_status":"closed","template":"","meta":{"content-type":"","_monsterinsights_skip_tracking":false,"_monsterinsights_sitenote_active":false,"_monsterinsights_sitenote_note":"","_monsterinsights_sitenote_category":0,"footnotes":""},"class_list":["post-2322","page","type-page","status-publish","has-post-thumbnail","hentry"],"yoast_head":"<!-- This site is optimized with the Yoast SEO Premium plugin v23.5 (Yoast SEO v27.2) - https:\/\/yoast.com\/product\/yoast-seo-premium-wordpress\/ -->\n<title>Misiones Comerciales &#187; COEX Corporation<\/title>\n<meta name=\"description\" content=\"Llevamos empresarios a pa\u00edses comercialmente potenciales seg\u00fan su inter\u00e9s de negocio. Conoce los beneficios que te ofrecemos.\" \/>\n<meta name=\"robots\" content=\"index, follow, max-snippet:-1, max-image-preview:large, max-video-preview:-1\" \/>\n<link rel=\"canonical\" href=\"https:\/\/coexcorporation.com\/en\/servicios-coex-2\/misiones-comerciales\/\" \/>\n<meta property=\"og:locale\" content=\"en_US\" \/>\n<meta property=\"og:type\" content=\"article\" \/>\n<meta property=\"og:title\" content=\"Misiones Comerciales &#187; COEX Corporation\" \/>\n<meta property=\"og:description\" content=\"Llevamos empresarios a pa\u00edses comercialmente potenciales seg\u00fan su inter\u00e9s de negocio. Conoce los beneficios que te ofrecemos.\" \/>\n<meta property=\"og:url\" content=\"https:\/\/coexcorporation.com\/en\/servicios-coex-2\/misiones-comerciales\/\" \/>\n<meta property=\"og:site_name\" content=\"COEX Corporation\" \/>\n<meta property=\"article:publisher\" content=\"https:\/\/www.facebook.com\/coexcorporation\" \/>\n<meta property=\"article:modified_time\" content=\"2023-10-31T14:12:08+00:00\" \/>\n<meta property=\"og:image\" content=\"https:\/\/coexcorporation.com\/wp-content\/uploads\/2021\/10\/pngwing.com-15-e1634795606245.png\" \/>\n\t<meta property=\"og:image:width\" content=\"942\" \/>\n\t<meta property=\"og:image:height\" content=\"493\" \/>\n\t<meta property=\"og:image:type\" content=\"image\/png\" \/>\n<meta name=\"twitter:card\" content=\"summary_large_image\" \/>\n<meta name=\"twitter:title\" content=\"Misiones Comerciales &#187; COEX Corporation\" \/>\n<meta name=\"twitter:description\" content=\"Llevamos empresarios a pa\u00edses comercialmente potenciales seg\u00fan su inter\u00e9s de negocio. Conoce los beneficios que te ofrecemos.\" \/>\n<meta name=\"twitter:image\" content=\"https:\/\/coexcorporation.com\/wp-content\/uploads\/2021\/10\/pngwing.com-15-e1634795606245.png\" \/>\n<meta name=\"twitter:site\" content=\"@coexgroup\" \/>\n<meta name=\"twitter:label1\" content=\"Est. reading time\" \/>\n\t<meta name=\"twitter:data1\" content=\"2 minutes\" \/>\n<script type=\"application\/ld+json\" class=\"yoast-schema-graph\">{\"@context\":\"https:\/\/schema.org\",\"@graph\":[{\"@type\":\"WebPage\",\"@id\":\"https:\/\/coexcorporation.com\/servicios-coex-2\/misiones-comerciales\/\",\"url\":\"https:\/\/coexcorporation.com\/servicios-coex-2\/misiones-comerciales\/\",\"name\":\"Misiones Comerciales &#187; COEX Corporation\",\"isPartOf\":{\"@id\":\"https:\/\/coexcorporation.com\/#website\"},\"primaryImageOfPage\":{\"@id\":\"https:\/\/coexcorporation.com\/servicios-coex-2\/misiones-comerciales\/#primaryimage\"},\"image\":{\"@id\":\"https:\/\/coexcorporation.com\/servicios-coex-2\/misiones-comerciales\/#primaryimage\"},\"thumbnailUrl\":\"https:\/\/coexcorporation.com\/wp-content\/uploads\/2021\/10\/pngwing.com-15-e1634795606245.png\",\"datePublished\":\"2021-10-14T04:14:38+00:00\",\"dateModified\":\"2023-10-31T14:12:08+00:00\",\"description\":\"Llevamos empresarios a pa\u00edses comercialmente potenciales seg\u00fan su inter\u00e9s de negocio. Conoce los beneficios que te ofrecemos.\",\"breadcrumb\":{\"@id\":\"https:\/\/coexcorporation.com\/servicios-coex-2\/misiones-comerciales\/#breadcrumb\"},\"inLanguage\":\"en-US\",\"potentialAction\":[{\"@type\":\"ReadAction\",\"target\":[\"https:\/\/coexcorporation.com\/servicios-coex-2\/misiones-comerciales\/\"]}]},{\"@type\":\"ImageObject\",\"inLanguage\":\"en-US\",\"@id\":\"https:\/\/coexcorporation.com\/servicios-coex-2\/misiones-comerciales\/#primaryimage\",\"url\":\"https:\/\/coexcorporation.com\/wp-content\/uploads\/2021\/10\/pngwing.com-15-e1634795606245.png\",\"contentUrl\":\"https:\/\/coexcorporation.com\/wp-content\/uploads\/2021\/10\/pngwing.com-15-e1634795606245.png\",\"width\":942,\"height\":493},{\"@type\":\"BreadcrumbList\",\"@id\":\"https:\/\/coexcorporation.com\/servicios-coex-2\/misiones-comerciales\/#breadcrumb\",\"itemListElement\":[{\"@type\":\"ListItem\",\"position\":1,\"name\":\"Servicios COEX\",\"item\":\"https:\/\/coexcorporation.com\/servicios-coex-2\/\"},{\"@type\":\"ListItem\",\"position\":2,\"name\":\"Misiones Comerciales\"}]},{\"@type\":\"WebSite\",\"@id\":\"https:\/\/coexcorporation.com\/#website\",\"url\":\"https:\/\/coexcorporation.com\/\",\"name\":\"COEX Corporation\",\"description\":\"COEX\",\"publisher\":{\"@id\":\"https:\/\/coexcorporation.com\/#organization\"},\"potentialAction\":[{\"@type\":\"SearchAction\",\"target\":{\"@type\":\"EntryPoint\",\"urlTemplate\":\"https:\/\/coexcorporation.com\/?s={search_term_string}\"},\"query-input\":{\"@type\":\"PropertyValueSpecification\",\"valueRequired\":true,\"valueName\":\"search_term_string\"}}],\"inLanguage\":\"en-US\"},{\"@type\":\"Organization\",\"@id\":\"https:\/\/coexcorporation.com\/#organization\",\"name\":\"COEX Corporation\",\"url\":\"https:\/\/coexcorporation.com\/\",\"logo\":{\"@type\":\"ImageObject\",\"inLanguage\":\"en-US\",\"@id\":\"https:\/\/coexcorporation.com\/#\/schema\/logo\/image\/\",\"url\":\"https:\/\/coexcorporation.com\/wp-content\/uploads\/2021\/09\/COEX_Corp-SF_Baja.png\",\"contentUrl\":\"https:\/\/coexcorporation.com\/wp-content\/uploads\/2021\/09\/COEX_Corp-SF_Baja.png\",\"width\":709,\"height\":321,\"caption\":\"COEX Corporation\"},\"image\":{\"@id\":\"https:\/\/coexcorporation.com\/#\/schema\/logo\/image\/\"},\"sameAs\":[\"https:\/\/www.facebook.com\/coexcorporation\",\"https:\/\/x.com\/coexgroup\",\"https:\/\/www.instagram.com\/coexcorporation\/\",\"https:\/\/www.linkedin.com\/company\/coexcorporation\/\",\"https:\/\/www.youtube.com\/c\/COEXCORPORATION\"],\"hasMerchantReturnPolicy\":{\"@type\":\"MerchantReturnPolicy\",\"merchantReturnLink\":\"https:\/\/coexcorporation.com\/en\/reembolso_devoluciones\/\"}}]}<\/script>\n<!-- \/ Yoast SEO Premium plugin. -->","yoast_head_json":{"title":"Misiones Comerciales &#187; COEX Corporation","description":"Llevamos empresarios a pa\u00edses comercialmente potenciales seg\u00fan su inter\u00e9s de negocio. Conoce los beneficios que te ofrecemos.","robots":{"index":"index","follow":"follow","max-snippet":"max-snippet:-1","max-image-preview":"max-image-preview:large","max-video-preview":"max-video-preview:-1"},"canonical":"https:\/\/coexcorporation.com\/en\/servicios-coex-2\/misiones-comerciales\/","og_locale":"en_US","og_type":"article","og_title":"Misiones Comerciales &#187; COEX Corporation","og_description":"Llevamos empresarios a pa\u00edses comercialmente potenciales seg\u00fan su inter\u00e9s de negocio. Conoce los beneficios que te ofrecemos.","og_url":"https:\/\/coexcorporation.com\/en\/servicios-coex-2\/misiones-comerciales\/","og_site_name":"COEX Corporation","article_publisher":"https:\/\/www.facebook.com\/coexcorporation","article_modified_time":"2023-10-31T14:12:08+00:00","og_image":[{"width":942,"height":493,"url":"https:\/\/coexcorporation.com\/wp-content\/uploads\/2021\/10\/pngwing.com-15-e1634795606245.png","type":"image\/png"}],"twitter_card":"summary_large_image","twitter_title":"Misiones Comerciales &#187; COEX Corporation","twitter_description":"Llevamos empresarios a pa\u00edses comercialmente potenciales seg\u00fan su inter\u00e9s de negocio. Conoce los beneficios que te ofrecemos.","twitter_image":"https:\/\/coexcorporation.com\/wp-content\/uploads\/2021\/10\/pngwing.com-15-e1634795606245.png","twitter_site":"@coexgroup","twitter_misc":{"Est. reading time":"2 minutes"},"schema":{"@context":"https:\/\/schema.org","@graph":[{"@type":"WebPage","@id":"https:\/\/coexcorporation.com\/servicios-coex-2\/misiones-comerciales\/","url":"https:\/\/coexcorporation.com\/servicios-coex-2\/misiones-comerciales\/","name":"Misiones Comerciales &#187; COEX Corporation","isPartOf":{"@id":"https:\/\/coexcorporation.com\/#website"},"primaryImageOfPage":{"@id":"https:\/\/coexcorporation.com\/servicios-coex-2\/misiones-comerciales\/#primaryimage"},"image":{"@id":"https:\/\/coexcorporation.com\/servicios-coex-2\/misiones-comerciales\/#primaryimage"},"thumbnailUrl":"https:\/\/coexcorporation.com\/wp-content\/uploads\/2021\/10\/pngwing.com-15-e1634795606245.png","datePublished":"2021-10-14T04:14:38+00:00","dateModified":"2023-10-31T14:12:08+00:00","description":"Llevamos empresarios a pa\u00edses comercialmente potenciales seg\u00fan su inter\u00e9s de negocio. Conoce los beneficios que te ofrecemos.","breadcrumb":{"@id":"https:\/\/coexcorporation.com\/servicios-coex-2\/misiones-comerciales\/#breadcrumb"},"inLanguage":"en-US","potentialAction":[{"@type":"ReadAction","target":["https:\/\/coexcorporation.com\/servicios-coex-2\/misiones-comerciales\/"]}]},{"@type":"ImageObject","inLanguage":"en-US","@id":"https:\/\/coexcorporation.com\/servicios-coex-2\/misiones-comerciales\/#primaryimage","url":"https:\/\/coexcorporation.com\/wp-content\/uploads\/2021\/10\/pngwing.com-15-e1634795606245.png","contentUrl":"https:\/\/coexcorporation.com\/wp-content\/uploads\/2021\/10\/pngwing.com-15-e1634795606245.png","width":942,"height":493},{"@type":"BreadcrumbList","@id":"https:\/\/coexcorporation.com\/servicios-coex-2\/misiones-comerciales\/#breadcrumb","itemListElement":[{"@type":"ListItem","position":1,"name":"Servicios COEX","item":"https:\/\/coexcorporation.com\/servicios-coex-2\/"},{"@type":"ListItem","position":2,"name":"Misiones Comerciales"}]},{"@type":"WebSite","@id":"https:\/\/coexcorporation.com\/#website","url":"https:\/\/coexcorporation.com\/","name":"COEX Corporation","description":"COEX","publisher":{"@id":"https:\/\/coexcorporation.com\/#organization"},"potentialAction":[{"@type":"SearchAction","target":{"@type":"EntryPoint","urlTemplate":"https:\/\/coexcorporation.com\/?s={search_term_string}"},"query-input":{"@type":"PropertyValueSpecification","valueRequired":true,"valueName":"search_term_string"}}],"inLanguage":"en-US"},{"@type":"Organization","@id":"https:\/\/coexcorporation.com\/#organization","name":"COEX Corporation","url":"https:\/\/coexcorporation.com\/","logo":{"@type":"ImageObject","inLanguage":"en-US","@id":"https:\/\/coexcorporation.com\/#\/schema\/logo\/image\/","url":"https:\/\/coexcorporation.com\/wp-content\/uploads\/2021\/09\/COEX_Corp-SF_Baja.png","contentUrl":"https:\/\/coexcorporation.com\/wp-content\/uploads\/2021\/09\/COEX_Corp-SF_Baja.png","width":709,"height":321,"caption":"COEX Corporation"},"image":{"@id":"https:\/\/coexcorporation.com\/#\/schema\/logo\/image\/"},"sameAs":["https:\/\/www.facebook.com\/coexcorporation","https:\/\/x.com\/coexgroup","https:\/\/www.instagram.com\/coexcorporation\/","https:\/\/www.linkedin.com\/company\/coexcorporation\/","https:\/\/www.youtube.com\/c\/COEXCORPORATION"],"hasMerchantReturnPolicy":{"@type":"MerchantReturnPolicy","merchantReturnLink":"https:\/\/coexcorporation.com\/en\/reembolso_devoluciones\/"}}]}},"_links":{"self":[{"href":"https:\/\/coexcorporation.com\/en\/wp-json\/wp\/v2\/pages\/2322","targetHints":{"allow":["GET"]}}],"collection":[{"href":"https:\/\/coexcorporation.com\/en\/wp-json\/wp\/v2\/pages"}],"about":[{"href":"https:\/\/coexcorporation.com\/en\/wp-json\/wp\/v2\/types\/page"}],"author":[{"embeddable":true,"href":"https:\/\/coexcorporation.com\/en\/wp-json\/wp\/v2\/users\/1"}],"replies":[{"embeddable":true,"href":"https:\/\/coexcorporation.com\/en\/wp-json\/wp\/v2\/comments?post=2322"}],"version-history":[{"count":0,"href":"https:\/\/coexcorporation.com\/en\/wp-json\/wp\/v2\/pages\/2322\/revisions"}],"up":[{"embeddable":true,"href":"https:\/\/coexcorporation.com\/en\/wp-json\/wp\/v2\/pages\/199"}],"wp:featuredmedia":[{"embeddable":true,"href":"https:\/\/coexcorporation.com\/en\/wp-json\/wp\/v2\/media\/3720"}],"wp:attachment":[{"href":"https:\/\/coexcorporation.com\/en\/wp-json\/wp\/v2\/media?parent=2322"}],"curies":[{"name":"wp","href":"https:\/\/api.w.org\/{rel}","templated":true}]}}