{"id":204,"date":"2021-09-16T23:33:31","date_gmt":"2021-09-17T04:33:31","guid":{"rendered":"https:\/\/coexcorporation.com\/?page_id=204"},"modified":"2023-11-19T21:32:24","modified_gmt":"2023-11-20T02:32:24","slug":"enterate","status":"publish","type":"page","link":"https:\/\/coexcorporation.com\/en\/enterate\/","title":{"rendered":"Stay Informed!"},"content":{"rendered":"<div data-elementor-type=\"wp-page\" data-elementor-id=\"204\" class=\"elementor elementor-204\" data-elementor-post-type=\"page\">\n\t\t\t\t\t\t<section class=\"elementor-section elementor-top-section elementor-element elementor-element-97efe16 elementor-section-boxed elementor-section-height-default elementor-section-height-default\" data-id=\"97efe16\" data-element_type=\"section\" data-e-type=\"section\" data-settings=\"{&quot;jet_parallax_layout_list&quot;:[]}\">\n\t\t\t\t\t\t<div class=\"elementor-container elementor-column-gap-default\">\n\t\t\t\t\t<div class=\"elementor-column elementor-col-33 elementor-top-column elementor-element elementor-element-6121cc3\" data-id=\"6121cc3\" data-element_type=\"column\" data-e-type=\"column\">\n\t\t\t<div class=\"elementor-widget-wrap elementor-element-populated\">\n\t\t\t\t\t\t<div class=\"elementor-element elementor-element-237fc7d dce_masking-none elementor-position-top elementor-widget elementor-widget-image-box\" data-id=\"237fc7d\" data-element_type=\"widget\" data-e-type=\"widget\" data-widget_type=\"image-box.default\">\n\t\t\t\t<div class=\"elementor-widget-container\">\n\t\t\t\t\t<div class=\"elementor-image-box-wrapper\"><figure class=\"elementor-image-box-img\"><a href=\"https:\/\/coexcorporation.com\/en\/eventos\/\" target=\"_blank\" tabindex=\"-1\"><img fetchpriority=\"high\" decoding=\"async\" width=\"640\" height=\"427\" src=\"https:\/\/coexcorporation.com\/wp-content\/uploads\/2021\/10\/Calendario.jpg\" class=\"elementor-animation-shrink attachment-full size-full wp-image-2219\" alt=\"\" srcset=\"https:\/\/coexcorporation.com\/wp-content\/uploads\/2021\/10\/Calendario.jpg 640w, https:\/\/coexcorporation.com\/wp-content\/uploads\/2021\/10\/Calendario-600x400.jpg 600w, https:\/\/coexcorporation.com\/wp-content\/uploads\/2021\/10\/Calendario-300x200.jpg 300w\" sizes=\"(max-width: 640px) 100vw, 640px\" \/><\/a><\/figure><div class=\"elementor-image-box-content\"><h3 class=\"elementor-image-box-title\"><a href=\"https:\/\/coexcorporation.com\/en\/eventos\/\" target=\"_blank\">Events<\/a><\/h3><p class=\"elementor-image-box-description\">Find out about the events we have scheduled for you, don't miss the opportunity to learn from the experts, we are waiting for you!<\/p><\/div><\/div>\t\t\t\t<\/div>\n\t\t\t\t<\/div>\n\t\t\t\t\t<\/div>\n\t\t<\/div>\n\t\t\t\t<div class=\"elementor-column elementor-col-33 elementor-top-column elementor-element elementor-element-852bfee\" data-id=\"852bfee\" data-element_type=\"column\" data-e-type=\"column\">\n\t\t\t<div class=\"elementor-widget-wrap elementor-element-populated\">\n\t\t\t\t\t\t<div class=\"elementor-element elementor-element-5369453 dce_masking-none elementor-position-top elementor-widget elementor-widget-image-box\" data-id=\"5369453\" data-element_type=\"widget\" data-e-type=\"widget\" data-widget_type=\"image-box.default\">\n\t\t\t\t<div class=\"elementor-widget-container\">\n\t\t\t\t\t<div class=\"elementor-image-box-wrapper\"><figure class=\"elementor-image-box-img\"><a href=\"https:\/\/coexcorporation.com\/en\/categoria-evento\/entrevistas\/\" tabindex=\"-1\"><img decoding=\"async\" width=\"896\" height=\"598\" src=\"https:\/\/coexcorporation.com\/wp-content\/uploads\/2021\/09\/podcast-5138085_1280.jpg\" class=\"elementor-animation-shrink attachment-full size-full wp-image-2191\" alt=\"\" srcset=\"https:\/\/coexcorporation.com\/wp-content\/uploads\/2021\/09\/podcast-5138085_1280.jpg 896w, https:\/\/coexcorporation.com\/wp-content\/uploads\/2021\/09\/podcast-5138085_1280-600x400.jpg 600w, https:\/\/coexcorporation.com\/wp-content\/uploads\/2021\/09\/podcast-5138085_1280-300x200.jpg 300w, https:\/\/coexcorporation.com\/wp-content\/uploads\/2021\/09\/podcast-5138085_1280-768x513.jpg 768w\" sizes=\"(max-width: 896px) 100vw, 896px\" \/><\/a><\/figure><div class=\"elementor-image-box-content\"><h3 class=\"elementor-image-box-title\"><a href=\"https:\/\/coexcorporation.com\/en\/categoria-evento\/entrevistas\/\">Interviews<\/a><\/h3><p class=\"elementor-image-box-description\">A space created to inform entrepreneurs about various business opportunities through interviews with experts from different countries around the world.<\/p><\/div><\/div>\t\t\t\t<\/div>\n\t\t\t\t<\/div>\n\t\t\t\t\t<\/div>\n\t\t<\/div>\n\t\t\t\t<div class=\"elementor-column elementor-col-33 elementor-top-column elementor-element elementor-element-b9f138b\" data-id=\"b9f138b\" data-element_type=\"column\" data-e-type=\"column\">\n\t\t\t<div class=\"elementor-widget-wrap elementor-element-populated\">\n\t\t\t\t\t\t<div class=\"elementor-element elementor-element-ce3c926 dce_masking-none elementor-position-top elementor-widget elementor-widget-image-box\" data-id=\"ce3c926\" data-element_type=\"widget\" data-e-type=\"widget\" data-widget_type=\"image-box.default\">\n\t\t\t\t<div class=\"elementor-widget-container\">\n\t\t\t\t\t<div class=\"elementor-image-box-wrapper\"><figure class=\"elementor-image-box-img\"><a href=\"https:\/\/coexcorporation.com\/en\/category\/blog\/\" tabindex=\"-1\"><img decoding=\"async\" width=\"830\" height=\"554\" src=\"https:\/\/coexcorporation.com\/wp-content\/uploads\/2021\/09\/workspace-766045_1280.jpg\" class=\"elementor-animation-shrink attachment-full size-full wp-image-2193\" alt=\"\" srcset=\"https:\/\/coexcorporation.com\/wp-content\/uploads\/2021\/09\/workspace-766045_1280.jpg 830w, https:\/\/coexcorporation.com\/wp-content\/uploads\/2021\/09\/workspace-766045_1280-600x400.jpg 600w, https:\/\/coexcorporation.com\/wp-content\/uploads\/2021\/09\/workspace-766045_1280-300x200.jpg 300w, https:\/\/coexcorporation.com\/wp-content\/uploads\/2021\/09\/workspace-766045_1280-768x513.jpg 768w\" sizes=\"(max-width: 830px) 100vw, 830px\" \/><\/a><\/figure><div class=\"elementor-image-box-content\"><h3 class=\"elementor-image-box-title\"><a href=\"https:\/\/coexcorporation.com\/en\/category\/blog\/\">Blog<\/a><\/h3><p class=\"elementor-image-box-description\">Here you will find valuable articles and information for your international trade operations and tools for your international business.<\/p><\/div><\/div>\t\t\t\t<\/div>\n\t\t\t\t<\/div>\n\t\t\t\t\t<\/div>\n\t\t<\/div>\n\t\t\t\t\t<\/div>\n\t\t<\/section>\n\t\t\t\t<section class=\"elementor-section elementor-top-section elementor-element elementor-element-2e52493 elementor-section-boxed elementor-section-height-default elementor-section-height-default\" data-id=\"2e52493\" data-element_type=\"section\" data-e-type=\"section\" data-settings=\"{&quot;jet_parallax_layout_list&quot;:[]}\">\n\t\t\t\t\t\t<div class=\"elementor-container elementor-column-gap-default\">\n\t\t\t\t\t<div class=\"elementor-column elementor-col-33 elementor-top-column elementor-element elementor-element-931657b\" data-id=\"931657b\" data-element_type=\"column\" data-e-type=\"column\">\n\t\t\t<div class=\"elementor-widget-wrap elementor-element-populated\">\n\t\t\t\t\t\t<div class=\"elementor-element elementor-element-6011397 dce_masking-none elementor-position-top elementor-widget elementor-widget-image-box\" data-id=\"6011397\" data-element_type=\"widget\" data-e-type=\"widget\" data-widget_type=\"image-box.default\">\n\t\t\t\t<div class=\"elementor-widget-container\">\n\t\t\t\t\t<div class=\"elementor-image-box-wrapper\"><figure class=\"elementor-image-box-img\"><a href=\"https:\/\/coexcorporation.com\/en\/category\/normativa\/\" tabindex=\"-1\"><img loading=\"lazy\" decoding=\"async\" width=\"700\" height=\"467\" src=\"https:\/\/coexcorporation.com\/wp-content\/uploads\/2021\/10\/Normatividad.jpg\" class=\"elementor-animation-shrink attachment-full size-full wp-image-2229\" alt=\"\" srcset=\"https:\/\/coexcorporation.com\/wp-content\/uploads\/2021\/10\/Normatividad.jpg 700w, https:\/\/coexcorporation.com\/wp-content\/uploads\/2021\/10\/Normatividad-600x400.jpg 600w, https:\/\/coexcorporation.com\/wp-content\/uploads\/2021\/10\/Normatividad-300x200.jpg 300w\" sizes=\"(max-width: 700px) 100vw, 700px\" \/><\/a><\/figure><div class=\"elementor-image-box-content\"><h3 class=\"elementor-image-box-title\"><a href=\"https:\/\/coexcorporation.com\/en\/category\/normativa\/\">Regulations<\/a><\/h3><p class=\"elementor-image-box-description\">Go ahead and take a firm step! Get to know the aspects of the legislation applicable to your COMEX operations. <\/p><\/div><\/div>\t\t\t\t<\/div>\n\t\t\t\t<\/div>\n\t\t\t\t\t<\/div>\n\t\t<\/div>\n\t\t\t\t<div class=\"elementor-column elementor-col-33 elementor-top-column elementor-element elementor-element-d6167cd\" data-id=\"d6167cd\" data-element_type=\"column\" data-e-type=\"column\">\n\t\t\t<div class=\"elementor-widget-wrap elementor-element-populated\">\n\t\t\t\t\t\t<div class=\"elementor-element elementor-element-ced29ed dce_masking-none elementor-position-top elementor-widget elementor-widget-image-box\" data-id=\"ced29ed\" data-element_type=\"widget\" data-e-type=\"widget\" data-widget_type=\"image-box.default\">\n\t\t\t\t<div class=\"elementor-widget-container\">\n\t\t\t\t\t<div class=\"elementor-image-box-wrapper\"><figure class=\"elementor-image-box-img\"><a href=\"https:\/\/coexcorporation.com\/en\/category\/ebooks\/\" tabindex=\"-1\"><img loading=\"lazy\" decoding=\"async\" width=\"640\" height=\"426\" src=\"https:\/\/coexcorporation.com\/wp-content\/uploads\/2021\/10\/ebook.jpg\" class=\"elementor-animation-shrink attachment-full size-full wp-image-2290\" alt=\"\" srcset=\"https:\/\/coexcorporation.com\/wp-content\/uploads\/2021\/10\/ebook.jpg 640w, https:\/\/coexcorporation.com\/wp-content\/uploads\/2021\/10\/ebook-600x399.jpg 600w, https:\/\/coexcorporation.com\/wp-content\/uploads\/2021\/10\/ebook-300x200.jpg 300w\" sizes=\"(max-width: 640px) 100vw, 640px\" \/><\/a><\/figure><div class=\"elementor-image-box-content\"><h3 class=\"elementor-image-box-title\"><a href=\"https:\/\/coexcorporation.com\/en\/category\/ebooks\/\">eBooks<\/a><\/h3><p class=\"elementor-image-box-description\">Learn through our e-books all the tools and simplified steps to perform your international operations.<\/p><\/div><\/div>\t\t\t\t<\/div>\n\t\t\t\t<\/div>\n\t\t\t\t\t<\/div>\n\t\t<\/div>\n\t\t\t\t<div class=\"elementor-column elementor-col-33 elementor-top-column elementor-element elementor-element-7a6ea27\" data-id=\"7a6ea27\" data-element_type=\"column\" data-e-type=\"column\">\n\t\t\t<div class=\"elementor-widget-wrap elementor-element-populated\">\n\t\t\t\t\t\t<div class=\"elementor-element elementor-element-3a52d79 dce_masking-none elementor-position-top elementor-widget elementor-widget-image-box\" data-id=\"3a52d79\" data-element_type=\"widget\" data-e-type=\"widget\" data-widget_type=\"image-box.default\">\n\t\t\t\t<div class=\"elementor-widget-container\">\n\t\t\t\t\t<div class=\"elementor-image-box-wrapper\"><figure class=\"elementor-image-box-img\"><a href=\"https:\/\/coexcorporation.com\/en\/category\/cursos\/\" tabindex=\"-1\"><img loading=\"lazy\" decoding=\"async\" width=\"2560\" height=\"1707\" src=\"https:\/\/coexcorporation.com\/wp-content\/uploads\/2022\/05\/Mujer-curso-virtual-scaled.jpg\" class=\"elementor-animation-shrink attachment-full size-full wp-image-5499\" alt=\"\" srcset=\"https:\/\/coexcorporation.com\/wp-content\/uploads\/2022\/05\/Mujer-curso-virtual-scaled.jpg 2560w, https:\/\/coexcorporation.com\/wp-content\/uploads\/2022\/05\/Mujer-curso-virtual-scaled-600x400.jpg 600w, https:\/\/coexcorporation.com\/wp-content\/uploads\/2022\/05\/Mujer-curso-virtual-300x200.jpg 300w, https:\/\/coexcorporation.com\/wp-content\/uploads\/2022\/05\/Mujer-curso-virtual-1024x683.jpg 1024w, https:\/\/coexcorporation.com\/wp-content\/uploads\/2022\/05\/Mujer-curso-virtual-768x512.jpg 768w, https:\/\/coexcorporation.com\/wp-content\/uploads\/2022\/05\/Mujer-curso-virtual-391x260.jpg 391w, https:\/\/coexcorporation.com\/wp-content\/uploads\/2022\/05\/Mujer-curso-virtual-1536x1024.jpg 1536w, https:\/\/coexcorporation.com\/wp-content\/uploads\/2022\/05\/Mujer-curso-virtual-2048x1365.jpg 2048w\" sizes=\"(max-width: 2560px) 100vw, 2560px\" \/><\/a><\/figure><div class=\"elementor-image-box-content\"><h3 class=\"elementor-image-box-title\"><a href=\"https:\/\/coexcorporation.com\/en\/category\/cursos\/\">Courses<\/a><\/h3><p class=\"elementor-image-box-description\">More than 32,000 entrepreneurs in Latin America have already received our training, get to know them!<\/p><\/div><\/div>\t\t\t\t<\/div>\n\t\t\t\t<\/div>\n\t\t\t\t\t<\/div>\n\t\t<\/div>\n\t\t\t\t\t<\/div>\n\t\t<\/section>\n\t\t\t\t<\/div>","protected":false},"excerpt":{"rendered":"<p>Eventos Ent\u00e9rate de los eventos que tenemos programados para ti, no te pierdas de la oportunidad de aprender de la mano de los expertos. \u00a1Te esperamos! Entrevistas Un espacio creado para dar a conocer a los empresarios diversas oportunidades de negocio a trav\u00e9s de entrevistas con expertos de diferentes pa\u00edses del mundo. Blog Aqu\u00ed encontrar\u00e1s [&hellip;]<\/p>\n","protected":false},"author":1,"featured_media":2219,"parent":0,"menu_order":4,"comment_status":"closed","ping_status":"closed","template":"","meta":{"content-type":"","_monsterinsights_skip_tracking":false,"_monsterinsights_sitenote_active":false,"_monsterinsights_sitenote_note":"","_monsterinsights_sitenote_category":0,"footnotes":""},"class_list":["post-204","page","type-page","status-publish","has-post-thumbnail","hentry"],"yoast_head":"<!-- This site is optimized with the Yoast SEO Premium plugin v23.5 (Yoast SEO v27.2) - https:\/\/yoast.com\/product\/yoast-seo-premium-wordpress\/ -->\n<title>\u00a1Ent\u00e9rate! &#187; COEX Corporation<\/title>\n<meta name=\"description\" content=\"Ent\u00e9rate de los eventos que tenemos programados para ti, no te pierdas de la oportunidad de aprender con los expertos. \u00a1Te esperamos!\" \/>\n<meta name=\"robots\" content=\"index, follow, max-snippet:-1, max-image-preview:large, max-video-preview:-1\" \/>\n<link rel=\"canonical\" href=\"https:\/\/coexcorporation.com\/en\/enterate\/\" \/>\n<meta property=\"og:locale\" content=\"en_US\" \/>\n<meta property=\"og:type\" content=\"article\" \/>\n<meta property=\"og:title\" content=\"\u00a1Ent\u00e9rate! &#187; COEX Corporation\" \/>\n<meta property=\"og:description\" content=\"Ent\u00e9rate de los eventos que tenemos programados para ti, no te pierdas de la oportunidad de aprender con los expertos. \u00a1Te esperamos!\" \/>\n<meta property=\"og:url\" content=\"https:\/\/coexcorporation.com\/en\/enterate\/\" \/>\n<meta property=\"og:site_name\" content=\"COEX Corporation\" \/>\n<meta property=\"article:publisher\" content=\"https:\/\/www.facebook.com\/coexcorporation\" \/>\n<meta property=\"article:modified_time\" content=\"2023-11-20T02:32:24+00:00\" \/>\n<meta property=\"og:image\" content=\"https:\/\/coexcorporation.com\/wp-content\/uploads\/2021\/10\/Calendario.jpg\" \/>\n\t<meta property=\"og:image:width\" content=\"640\" \/>\n\t<meta property=\"og:image:height\" content=\"427\" \/>\n\t<meta property=\"og:image:type\" content=\"image\/jpeg\" \/>\n<meta name=\"twitter:card\" content=\"summary_large_image\" \/>\n<meta name=\"twitter:title\" content=\"\u00a1Ent\u00e9rate! &#187; COEX Corporation\" \/>\n<meta name=\"twitter:description\" content=\"Ent\u00e9rate de los eventos que tenemos programados para ti, no te pierdas de la oportunidad de aprender con los expertos. \u00a1Te esperamos!\" \/>\n<meta name=\"twitter:image\" content=\"https:\/\/coexcorporation.com\/wp-content\/uploads\/2021\/10\/Calendario.jpg\" \/>\n<meta name=\"twitter:site\" content=\"@coexgroup\" \/>\n<meta name=\"twitter:label1\" content=\"Est. reading time\" \/>\n\t<meta name=\"twitter:data1\" content=\"2 minutes\" \/>\n<script type=\"application\/ld+json\" class=\"yoast-schema-graph\">{\"@context\":\"https:\/\/schema.org\",\"@graph\":[{\"@type\":\"WebPage\",\"@id\":\"https:\/\/coexcorporation.com\/enterate\/\",\"url\":\"https:\/\/coexcorporation.com\/enterate\/\",\"name\":\"\u00a1Ent\u00e9rate! &#187; COEX Corporation\",\"isPartOf\":{\"@id\":\"https:\/\/coexcorporation.com\/#website\"},\"primaryImageOfPage\":{\"@id\":\"https:\/\/coexcorporation.com\/enterate\/#primaryimage\"},\"image\":{\"@id\":\"https:\/\/coexcorporation.com\/enterate\/#primaryimage\"},\"thumbnailUrl\":\"https:\/\/coexcorporation.com\/wp-content\/uploads\/2021\/10\/Calendario.jpg\",\"datePublished\":\"2021-09-17T04:33:31+00:00\",\"dateModified\":\"2023-11-20T02:32:24+00:00\",\"description\":\"Ent\u00e9rate de los eventos que tenemos programados para ti, no te pierdas de la oportunidad de aprender con los expertos. \u00a1Te esperamos!\",\"inLanguage\":\"en-US\",\"potentialAction\":[{\"@type\":\"ReadAction\",\"target\":[\"https:\/\/coexcorporation.com\/enterate\/\"]}]},{\"@type\":\"ImageObject\",\"inLanguage\":\"en-US\",\"@id\":\"https:\/\/coexcorporation.com\/enterate\/#primaryimage\",\"url\":\"https:\/\/coexcorporation.com\/wp-content\/uploads\/2021\/10\/Calendario.jpg\",\"contentUrl\":\"https:\/\/coexcorporation.com\/wp-content\/uploads\/2021\/10\/Calendario.jpg\",\"width\":640,\"height\":427},{\"@type\":\"WebSite\",\"@id\":\"https:\/\/coexcorporation.com\/#website\",\"url\":\"https:\/\/coexcorporation.com\/\",\"name\":\"COEX Corporation\",\"description\":\"COEX\",\"publisher\":{\"@id\":\"https:\/\/coexcorporation.com\/#organization\"},\"potentialAction\":[{\"@type\":\"SearchAction\",\"target\":{\"@type\":\"EntryPoint\",\"urlTemplate\":\"https:\/\/coexcorporation.com\/?s={search_term_string}\"},\"query-input\":{\"@type\":\"PropertyValueSpecification\",\"valueRequired\":true,\"valueName\":\"search_term_string\"}}],\"inLanguage\":\"en-US\"},{\"@type\":\"Organization\",\"@id\":\"https:\/\/coexcorporation.com\/#organization\",\"name\":\"COEX Corporation\",\"url\":\"https:\/\/coexcorporation.com\/\",\"logo\":{\"@type\":\"ImageObject\",\"inLanguage\":\"en-US\",\"@id\":\"https:\/\/coexcorporation.com\/#\/schema\/logo\/image\/\",\"url\":\"https:\/\/coexcorporation.com\/wp-content\/uploads\/2021\/09\/COEX_Corp-SF_Baja.png\",\"contentUrl\":\"https:\/\/coexcorporation.com\/wp-content\/uploads\/2021\/09\/COEX_Corp-SF_Baja.png\",\"width\":709,\"height\":321,\"caption\":\"COEX Corporation\"},\"image\":{\"@id\":\"https:\/\/coexcorporation.com\/#\/schema\/logo\/image\/\"},\"sameAs\":[\"https:\/\/www.facebook.com\/coexcorporation\",\"https:\/\/x.com\/coexgroup\",\"https:\/\/www.instagram.com\/coexcorporation\/\",\"https:\/\/www.linkedin.com\/company\/coexcorporation\/\",\"https:\/\/www.youtube.com\/c\/COEXCORPORATION\"],\"hasMerchantReturnPolicy\":{\"@type\":\"MerchantReturnPolicy\",\"merchantReturnLink\":\"https:\/\/coexcorporation.com\/en\/reembolso_devoluciones\/\"}}]}<\/script>\n<!-- \/ Yoast SEO Premium plugin. -->","yoast_head_json":{"title":"Find out more! \"COEX Corporation","description":"Find out about the events we have scheduled for you, don't miss the opportunity to learn with the experts, we are waiting for you!","robots":{"index":"index","follow":"follow","max-snippet":"max-snippet:-1","max-image-preview":"max-image-preview:large","max-video-preview":"max-video-preview:-1"},"canonical":"https:\/\/coexcorporation.com\/en\/enterate\/","og_locale":"en_US","og_type":"article","og_title":"\u00a1Ent\u00e9rate! &#187; COEX Corporation","og_description":"Ent\u00e9rate de los eventos que tenemos programados para ti, no te pierdas de la oportunidad de aprender con los expertos. \u00a1Te esperamos!","og_url":"https:\/\/coexcorporation.com\/en\/enterate\/","og_site_name":"COEX Corporation","article_publisher":"https:\/\/www.facebook.com\/coexcorporation","article_modified_time":"2023-11-20T02:32:24+00:00","og_image":[{"width":640,"height":427,"url":"https:\/\/coexcorporation.com\/wp-content\/uploads\/2021\/10\/Calendario.jpg","type":"image\/jpeg"}],"twitter_card":"summary_large_image","twitter_title":"\u00a1Ent\u00e9rate! &#187; COEX Corporation","twitter_description":"Ent\u00e9rate de los eventos que tenemos programados para ti, no te pierdas de la oportunidad de aprender con los expertos. \u00a1Te esperamos!","twitter_image":"https:\/\/coexcorporation.com\/wp-content\/uploads\/2021\/10\/Calendario.jpg","twitter_site":"@coexgroup","twitter_misc":{"Est. reading time":"2 minutes"},"schema":{"@context":"https:\/\/schema.org","@graph":[{"@type":"WebPage","@id":"https:\/\/coexcorporation.com\/enterate\/","url":"https:\/\/coexcorporation.com\/enterate\/","name":"Find out more! \"COEX Corporation","isPartOf":{"@id":"https:\/\/coexcorporation.com\/#website"},"primaryImageOfPage":{"@id":"https:\/\/coexcorporation.com\/enterate\/#primaryimage"},"image":{"@id":"https:\/\/coexcorporation.com\/enterate\/#primaryimage"},"thumbnailUrl":"https:\/\/coexcorporation.com\/wp-content\/uploads\/2021\/10\/Calendario.jpg","datePublished":"2021-09-17T04:33:31+00:00","dateModified":"2023-11-20T02:32:24+00:00","description":"Find out about the events we have scheduled for you, don't miss the opportunity to learn with the experts, we are waiting for you!","inLanguage":"en-US","potentialAction":[{"@type":"ReadAction","target":["https:\/\/coexcorporation.com\/enterate\/"]}]},{"@type":"ImageObject","inLanguage":"en-US","@id":"https:\/\/coexcorporation.com\/enterate\/#primaryimage","url":"https:\/\/coexcorporation.com\/wp-content\/uploads\/2021\/10\/Calendario.jpg","contentUrl":"https:\/\/coexcorporation.com\/wp-content\/uploads\/2021\/10\/Calendario.jpg","width":640,"height":427},{"@type":"WebSite","@id":"https:\/\/coexcorporation.com\/#website","url":"https:\/\/coexcorporation.com\/","name":"COEX Corporation","description":"COEX","publisher":{"@id":"https:\/\/coexcorporation.com\/#organization"},"potentialAction":[{"@type":"SearchAction","target":{"@type":"EntryPoint","urlTemplate":"https:\/\/coexcorporation.com\/?s={search_term_string}"},"query-input":{"@type":"PropertyValueSpecification","valueRequired":true,"valueName":"search_term_string"}}],"inLanguage":"en-US"},{"@type":"Organization","@id":"https:\/\/coexcorporation.com\/#organization","name":"COEX Corporation","url":"https:\/\/coexcorporation.com\/","logo":{"@type":"ImageObject","inLanguage":"en-US","@id":"https:\/\/coexcorporation.com\/#\/schema\/logo\/image\/","url":"https:\/\/coexcorporation.com\/wp-content\/uploads\/2021\/09\/COEX_Corp-SF_Baja.png","contentUrl":"https:\/\/coexcorporation.com\/wp-content\/uploads\/2021\/09\/COEX_Corp-SF_Baja.png","width":709,"height":321,"caption":"COEX Corporation"},"image":{"@id":"https:\/\/coexcorporation.com\/#\/schema\/logo\/image\/"},"sameAs":["https:\/\/www.facebook.com\/coexcorporation","https:\/\/x.com\/coexgroup","https:\/\/www.instagram.com\/coexcorporation\/","https:\/\/www.linkedin.com\/company\/coexcorporation\/","https:\/\/www.youtube.com\/c\/COEXCORPORATION"],"hasMerchantReturnPolicy":{"@type":"MerchantReturnPolicy","merchantReturnLink":"https:\/\/coexcorporation.com\/en\/reembolso_devoluciones\/"}}]}},"_links":{"self":[{"href":"https:\/\/coexcorporation.com\/en\/wp-json\/wp\/v2\/pages\/204","targetHints":{"allow":["GET"]}}],"collection":[{"href":"https:\/\/coexcorporation.com\/en\/wp-json\/wp\/v2\/pages"}],"about":[{"href":"https:\/\/coexcorporation.com\/en\/wp-json\/wp\/v2\/types\/page"}],"author":[{"embeddable":true,"href":"https:\/\/coexcorporation.com\/en\/wp-json\/wp\/v2\/users\/1"}],"replies":[{"embeddable":true,"href":"https:\/\/coexcorporation.com\/en\/wp-json\/wp\/v2\/comments?post=204"}],"version-history":[{"count":0,"href":"https:\/\/coexcorporation.com\/en\/wp-json\/wp\/v2\/pages\/204\/revisions"}],"wp:featuredmedia":[{"embeddable":true,"href":"https:\/\/coexcorporation.com\/en\/wp-json\/wp\/v2\/media\/2219"}],"wp:attachment":[{"href":"https:\/\/coexcorporation.com\/en\/wp-json\/wp\/v2\/media?parent=204"}],"curies":[{"name":"wp","href":"https:\/\/api.w.org\/{rel}","templated":true}]}}