{"id":10887,"date":"2025-02-20T16:07:18","date_gmt":"2025-02-20T21:07:18","guid":{"rendered":"https:\/\/coexcorporation.com\/newsletter\/"},"modified":"2025-02-28T11:24:43","modified_gmt":"2025-02-28T16:24:43","slug":"newsletter-linkedin","status":"publish","type":"page","link":"https:\/\/coexcorporation.com\/en\/newsletter-linkedin\/","title":{"rendered":"LinkedIn Newsletter"},"content":{"rendered":"<div data-elementor-type=\"wp-page\" data-elementor-id=\"10887\" class=\"elementor elementor-10887\" data-elementor-post-type=\"page\">\n\t\t\t\t<div class=\"elementor-element elementor-element-3311a39 e-flex e-con-boxed e-con e-parent\" data-id=\"3311a39\" data-element_type=\"container\" data-e-type=\"container\" data-settings=\"{&quot;jet_parallax_layout_list&quot;:[]}\">\n\t\t\t\t\t<div class=\"e-con-inner\">\n\t\t\t\t<div class=\"elementor-element elementor-element-9f3b8b5 elementor-widget elementor-widget-heading\" data-id=\"9f3b8b5\" data-element_type=\"widget\" data-e-type=\"widget\" data-widget_type=\"heading.default\">\n\t\t\t\t<div class=\"elementor-widget-container\">\n\t\t\t\t\t<h2 class=\"elementor-heading-title elementor-size-default\">COMEX for all<\/h2>\t\t\t\t<\/div>\n\t\t\t\t<\/div>\n\t\t\t\t<div class=\"elementor-element elementor-element-b0a19bd elementor-widget elementor-widget-text-editor\" data-id=\"b0a19bd\" data-element_type=\"widget\" data-e-type=\"widget\" data-widget_type=\"text-editor.default\">\n\t\t\t\t<div class=\"elementor-widget-container\">\n\t\t\t\t\t\t\t\t\t<p>\"Comex for Everyone\" on LinkedIn is a periodic publication that focuses on various aspects of the. <strong>foreign trade<\/strong>. Through its editions, it provides industry professionals with up-to-date information on global trends, changes in international regulations and analysis of emerging markets.<\/p><p>In addition, it provides <strong>practical advice for companies<\/strong> that are looking to expand internationally, including <span style=\"text-decoration: underline;\">export and import strategies<\/span>and successful case studies. This resource is valuable for those who wish to stay informed and competitive in the dynamic world of global trade.<\/p>\t\t\t\t\t\t\t\t<\/div>\n\t\t\t\t<\/div>\n\t\t\t\t<div class=\"elementor-element elementor-element-e4b4337 elementor-widget elementor-widget-html\" data-id=\"e4b4337\" data-element_type=\"widget\" data-e-type=\"widget\" data-widget_type=\"html.default\">\n\t\t\t\t<div class=\"elementor-widget-container\">\n\t\t\t\t\t<style>\r\n      .libutton {\r\n        display: flex;\r\n        flex-direction: column;\r\n        justify-content: center;\r\n        padding: 7px;\r\n        text-align: center;\r\n        outline: none;\r\n        text-decoration: none !important;\r\n        color: #ffffff !important;\r\n        width: 200px;\r\n        height: 32px;\r\n        border-radius: 16px;\r\n        background-color: #0A66C2;\r\n        font-family: \"SF Pro Text\", Helvetica, sans-serif;\r\n      }\r\n    <\/style>\r\n<a class=\"libutton\" href=\"https:\/\/www.linkedin.com\/build-relation\/newsletter-follow?entityUrn=7008850660569858049\" target=\"_blank\">Subscribe on LinkedIn<\/a>\t\t\t\t<\/div>\n\t\t\t\t<\/div>\n\t\t\t\t<div class=\"elementor-element elementor-element-7d1cad8 elementor-widget elementor-widget-html\" data-id=\"7d1cad8\" data-element_type=\"widget\" data-e-type=\"widget\" data-widget_type=\"html.default\">\n\t\t\t\t<div class=\"elementor-widget-container\">\n\t\t\t\t\t\t\t<div class=\"woocommerce\">\n\t\t\t<div class=\"woocommerce-info wc-memberships-restriction-message wc-memberships-message wc-memberships-content-restricted-message\">\n\t\t\t\tYou need a membership to access this content.\t\t    <\/div>\n\t\t<\/div>\n\t\t\t\t\t\t<\/div>\n\t\t\t\t<\/div>\n\t\t\t\t\t<\/div>\n\t\t\t\t<\/div>\n\t\t<div class=\"elementor-element elementor-element-3ecaa45 e-flex e-con-boxed e-con e-parent\" data-id=\"3ecaa45\" data-element_type=\"container\" data-e-type=\"container\" data-settings=\"{&quot;jet_parallax_layout_list&quot;:[]}\">\n\t\t\t\t\t<div class=\"e-con-inner\">\n\t\t\t\t<div class=\"elementor-element elementor-element-0896697 elementor-widget elementor-widget-jet-woo-products\" data-id=\"0896697\" data-element_type=\"widget\" data-e-type=\"widget\" data-settings=\"{&quot;columns_tablet&quot;:&quot;3&quot;,&quot;columns_mobile&quot;:&quot;2&quot;,&quot;columns&quot;:4}\" data-widget_type=\"jet-woo-products.default\">\n\t\t\t\t<div class=\"elementor-widget-container\">\n\t\t\t\t\t<div class=\"elementor-jet-woo-products jet-woo-builder\"><div class=\"jet-woo-products jet-woo-products--preset-1 col-row disable-rows-gap\" data-mobile-hover=\"\" >\n<div class=\"jet-woo-products__item jet-woo-builder-product\" data-product-id=\"9108\">\n\t<div class=\"jet-woo-products__inner-box\"  >\n\t\t\n<div class=\"jet-woo-product-thumbnail\">\n\t\n\t<a href=\"https:\/\/coexcorporation.com\/en\/product\/membresia-1-ano\/\"><img fetchpriority=\"high\" decoding=\"async\" width=\"300\" height=\"300\" src=\"https:\/\/coexcorporation.com\/wp-content\/uploads\/2024\/02\/Membresia-COEX-1-Ano-300x300.webp\" class=\"attachment-woocommerce_thumbnail size-woocommerce_thumbnail\" alt=\"\" \/><\/a>\n\t<div class=\"jet-woo-product-img-overlay\"><\/div>\n\n\t<div class=\"jet-woo-product-badges\"><div class=\"jet-woo-product-badge jet-woo-product-badge__sale\">Sale!<\/div><\/div>\n\t<\/div>\n<div class=\"jet-woo-product-price\">\n\t<span class=\"price\"><del aria-hidden=\"true\"><span class=\"woocommerce-Price-amount amount\"><span class=\"woocommerce-Price-currencySymbol\">&#036;<\/span>&nbsp;200,0<\/span><\/del> <span class=\"screen-reader-text\" data-no-translation=\"\" data-trp-gettext=\"\">Original price was: &#036;&nbsp;200,0.<\/span><ins aria-hidden=\"true\"><span class=\"woocommerce-Price-amount amount\"><span class=\"woocommerce-Price-currencySymbol\">&#036;<\/span>&nbsp;99,9<\/span><\/ins><span class=\"screen-reader-text\" data-no-translation=\"\" data-trp-gettext=\"\">Current price is: &#036;&nbsp;99,9.<\/span><\/span>\n<\/div>\n<div class=\"jet-woo-product-button\">\n\t<a href=\"\/en\/wp-json\/wp\/v2\/pages\/10887?add-to-cart=9108\" aria-describedby=\"woocommerce_loop_add_to_cart_link_describedby_9108\" data-quantity=\"1\" class=\"button product_type_simple add_to_cart_button ajax_add_to_cart\" data-product_id=\"9108\" data-product_sku=\"\" aria-label=\"Add to cart: \u201cMembres\u00eda 1 a\u00f1o\u201d\" rel=\"nofollow\" data-no-translation=\"\" data-trp-gettext=\"\" data-no-translation-aria-label=\"\">Add to cart<\/a>\t<span id=\"woocommerce_loop_add_to_cart_link_describedby_9108\" class=\"screen-reader-text\">\n\t\t\t<\/span>\n<\/div>\n<div class=\"jet-woo-products-cqw-wrapper\">\n\t<\/div>\t<\/div>\n\n\t<\/div>\n<div class=\"jet-woo-products__item jet-woo-builder-product\" data-product-id=\"9107\">\n\t<div class=\"jet-woo-products__inner-box\"  >\n\t\t\n<div class=\"jet-woo-product-thumbnail\">\n\t\n\t<a href=\"https:\/\/coexcorporation.com\/en\/product\/membresia-3-meses\/\"><img decoding=\"async\" width=\"300\" height=\"300\" src=\"https:\/\/coexcorporation.com\/wp-content\/uploads\/2024\/09\/Membresia-COEX-3-Meses-300x300.webp\" class=\"attachment-woocommerce_thumbnail size-woocommerce_thumbnail\" alt=\"\" \/><\/a>\n\t<div class=\"jet-woo-product-img-overlay\"><\/div>\n\n\t<div class=\"jet-woo-product-badges\"><div class=\"jet-woo-product-badge jet-woo-product-badge__sale\">Sale!<\/div><\/div>\n\t<\/div>\n<div class=\"jet-woo-product-price\">\n\t<span class=\"price\"><del aria-hidden=\"true\"><span class=\"woocommerce-Price-amount amount\"><span class=\"woocommerce-Price-currencySymbol\">&#036;<\/span>&nbsp;60,0<\/span><\/del> <span class=\"screen-reader-text\" data-no-translation=\"\" data-trp-gettext=\"\">Original price was: &#036;&nbsp;60,0.<\/span><ins aria-hidden=\"true\"><span class=\"woocommerce-Price-amount amount\"><span class=\"woocommerce-Price-currencySymbol\">&#036;<\/span>&nbsp;44,9<\/span><\/ins><span class=\"screen-reader-text\" data-no-translation=\"\" data-trp-gettext=\"\">Current price is: &#036;&nbsp;44,9.<\/span><\/span>\n<\/div>\n<div class=\"jet-woo-product-button\">\n\t<a href=\"\/en\/wp-json\/wp\/v2\/pages\/10887?add-to-cart=9107\" aria-describedby=\"woocommerce_loop_add_to_cart_link_describedby_9107\" data-quantity=\"1\" class=\"button product_type_simple add_to_cart_button ajax_add_to_cart\" data-product_id=\"9107\" data-product_sku=\"\" aria-label=\"Add to cart: \u201cMembres\u00eda 3 meses\u201d\" rel=\"nofollow\" data-no-translation=\"\" data-trp-gettext=\"\" data-no-translation-aria-label=\"\">Add to cart<\/a>\t<span id=\"woocommerce_loop_add_to_cart_link_describedby_9107\" class=\"screen-reader-text\">\n\t\t\t<\/span>\n<\/div>\n<div class=\"jet-woo-products-cqw-wrapper\">\n\t<\/div>\t<\/div>\n\n\t<\/div>\n<div class=\"jet-woo-products__item jet-woo-builder-product\" data-product-id=\"7143\">\n\t<div class=\"jet-woo-products__inner-box\"  >\n\t\t\n<div class=\"jet-woo-product-thumbnail\">\n\t\n\t<a href=\"https:\/\/coexcorporation.com\/en\/product\/membresia-sin-costo\/\"><img decoding=\"async\" width=\"300\" height=\"300\" src=\"https:\/\/coexcorporation.com\/wp-content\/uploads\/2024\/02\/Membresia-COEX-Gratis-300x300.webp\" class=\"attachment-woocommerce_thumbnail size-woocommerce_thumbnail\" alt=\"\" \/><\/a>\n\t<div class=\"jet-woo-product-img-overlay\"><\/div>\n\n\t\n\t<\/div>\n<div class=\"jet-woo-product-price\">\n\t<span class=\"price\"><span class=\"woocommerce-Price-amount amount\"><span class=\"woocommerce-Price-currencySymbol\">&#036;<\/span>&nbsp;0,0<\/span><\/span>\n<\/div>\n<div class=\"jet-woo-product-button\">\n\t<a href=\"\/en\/wp-json\/wp\/v2\/pages\/10887?add-to-cart=7143\" aria-describedby=\"woocommerce_loop_add_to_cart_link_describedby_7143\" data-quantity=\"1\" class=\"button product_type_simple add_to_cart_button ajax_add_to_cart\" data-product_id=\"7143\" data-product_sku=\"\" aria-label=\"Add to cart: \u201cMembres\u00eda Sin Costo\u201d\" rel=\"nofollow\" data-no-translation=\"\" data-trp-gettext=\"\" data-no-translation-aria-label=\"\">Add to cart<\/a>\t<span id=\"woocommerce_loop_add_to_cart_link_describedby_7143\" class=\"screen-reader-text\">\n\t\t\t<\/span>\n<\/div>\n<div class=\"jet-woo-products-cqw-wrapper\">\n\t<\/div>\t<\/div>\n\n\t<\/div><\/div>\n<\/div>\t\t\t\t<\/div>\n\t\t\t\t<\/div>\n\t\t\t\t\t<\/div>\n\t\t\t\t<\/div>\n\t\t\t\t<\/div>","protected":false},"excerpt":{"rendered":"<p>COMEX para todos \u00abComex para todos\u00bb en LinkedIn es una publicaci\u00f3n peri\u00f3dica que se enfoca en diversos aspectos del comercio exterior. A trav\u00e9s de sus ediciones, ofrece a los profesionales del sector informaci\u00f3n actualizada sobre tendencias globales, cambios en regulaciones internacionales y an\u00e1lisis de mercados emergentes. Adem\u00e1s, proporciona consejos pr\u00e1cticos para empresas que buscan expandirse [&hellip;]<\/p>\n","protected":false},"author":1,"featured_media":0,"parent":0,"menu_order":9,"comment_status":"closed","ping_status":"closed","template":"","meta":{"content-type":"","_monsterinsights_skip_tracking":false,"_monsterinsights_sitenote_active":false,"_monsterinsights_sitenote_note":"","_monsterinsights_sitenote_category":0,"footnotes":""},"class_list":["post-10887","page","type-page","status-publish","hentry"],"yoast_head":"<!-- This site is optimized with the Yoast SEO Premium plugin v23.5 (Yoast SEO v27.5) - https:\/\/yoast.com\/product\/yoast-seo-premium-wordpress\/ -->\n<title>Newsletter LinkedIn &#187; COEX Corporation<\/title>\n<meta name=\"robots\" content=\"index, follow, max-snippet:-1, max-image-preview:large, max-video-preview:-1\" \/>\n<link rel=\"canonical\" href=\"https:\/\/coexcorporation.com\/en\/newsletter-linkedin\/\" \/>\n<meta property=\"og:locale\" content=\"en_US\" \/>\n<meta property=\"og:type\" content=\"article\" \/>\n<meta property=\"og:title\" content=\"Newsletter LinkedIn\" \/>\n<meta property=\"og:description\" content=\"COMEX para todos \u00abComex para todos\u00bb en LinkedIn es una publicaci\u00f3n peri\u00f3dica que se enfoca en diversos aspectos del comercio exterior. A trav\u00e9s de sus ediciones, ofrece a los profesionales del sector informaci\u00f3n actualizada sobre tendencias globales, cambios en regulaciones internacionales y an\u00e1lisis de mercados emergentes. Adem\u00e1s, proporciona consejos pr\u00e1cticos para empresas que buscan expandirse [&hellip;]\" \/>\n<meta property=\"og:url\" content=\"https:\/\/coexcorporation.com\/en\/newsletter-linkedin\/\" \/>\n<meta property=\"og:site_name\" content=\"COEX Corporation\" \/>\n<meta property=\"article:publisher\" content=\"https:\/\/www.facebook.com\/coexcorporation\" \/>\n<meta property=\"article:modified_time\" content=\"2025-02-28T16:24:43+00:00\" \/>\n<meta property=\"og:image\" content=\"https:\/\/coexcorporation.com\/wp-content\/uploads\/2024\/02\/Membresia-COEX-Gratis-300x300.webp\" \/>\n<meta name=\"twitter:card\" content=\"summary_large_image\" \/>\n<meta name=\"twitter:site\" content=\"@coexgroup\" \/>\n<meta name=\"twitter:label1\" content=\"Est. reading time\" \/>\n\t<meta name=\"twitter:data1\" content=\"1 minute\" \/>\n<script type=\"application\/ld+json\" class=\"yoast-schema-graph\">{\"@context\":\"https:\\\/\\\/schema.org\",\"@graph\":[{\"@type\":\"WebPage\",\"@id\":\"https:\\\/\\\/coexcorporation.com\\\/newsletter-linkedin\\\/\",\"url\":\"https:\\\/\\\/coexcorporation.com\\\/newsletter-linkedin\\\/\",\"name\":\"Newsletter LinkedIn &#187; COEX Corporation\",\"isPartOf\":{\"@id\":\"https:\\\/\\\/coexcorporation.com\\\/#website\"},\"primaryImageOfPage\":{\"@id\":\"https:\\\/\\\/coexcorporation.com\\\/newsletter-linkedin\\\/#primaryimage\"},\"image\":{\"@id\":\"https:\\\/\\\/coexcorporation.com\\\/newsletter-linkedin\\\/#primaryimage\"},\"thumbnailUrl\":\"https:\\\/\\\/coexcorporation.com\\\/wp-content\\\/uploads\\\/2024\\\/02\\\/Membresia-COEX-Gratis-300x300.webp\",\"datePublished\":\"2025-02-20T21:07:18+00:00\",\"dateModified\":\"2025-02-28T16:24:43+00:00\",\"inLanguage\":\"en-US\",\"potentialAction\":[{\"@type\":\"ReadAction\",\"target\":[\"https:\\\/\\\/coexcorporation.com\\\/newsletter-linkedin\\\/\"]}]},{\"@type\":\"ImageObject\",\"inLanguage\":\"en-US\",\"@id\":\"https:\\\/\\\/coexcorporation.com\\\/newsletter-linkedin\\\/#primaryimage\",\"url\":\"https:\\\/\\\/coexcorporation.com\\\/wp-content\\\/uploads\\\/2024\\\/02\\\/Membresia-COEX-Gratis-300x300.webp\",\"contentUrl\":\"https:\\\/\\\/coexcorporation.com\\\/wp-content\\\/uploads\\\/2024\\\/02\\\/Membresia-COEX-Gratis-300x300.webp\"},{\"@type\":\"WebSite\",\"@id\":\"https:\\\/\\\/coexcorporation.com\\\/#website\",\"url\":\"https:\\\/\\\/coexcorporation.com\\\/\",\"name\":\"COEX Corporation\",\"description\":\"COEX\",\"publisher\":{\"@id\":\"https:\\\/\\\/coexcorporation.com\\\/#organization\"},\"potentialAction\":[{\"@type\":\"SearchAction\",\"target\":{\"@type\":\"EntryPoint\",\"urlTemplate\":\"https:\\\/\\\/coexcorporation.com\\\/?s={search_term_string}\"},\"query-input\":{\"@type\":\"PropertyValueSpecification\",\"valueRequired\":true,\"valueName\":\"search_term_string\"}}],\"inLanguage\":\"en-US\"},{\"@type\":\"Organization\",\"@id\":\"https:\\\/\\\/coexcorporation.com\\\/#organization\",\"name\":\"COEX Corporation\",\"url\":\"https:\\\/\\\/coexcorporation.com\\\/\",\"logo\":{\"@type\":\"ImageObject\",\"inLanguage\":\"en-US\",\"@id\":\"https:\\\/\\\/coexcorporation.com\\\/#\\\/schema\\\/logo\\\/image\\\/\",\"url\":\"https:\\\/\\\/coexcorporation.com\\\/wp-content\\\/uploads\\\/2021\\\/09\\\/COEX_Corp-SF_Baja.png\",\"contentUrl\":\"https:\\\/\\\/coexcorporation.com\\\/wp-content\\\/uploads\\\/2021\\\/09\\\/COEX_Corp-SF_Baja.png\",\"width\":709,\"height\":321,\"caption\":\"COEX Corporation\"},\"image\":{\"@id\":\"https:\\\/\\\/coexcorporation.com\\\/#\\\/schema\\\/logo\\\/image\\\/\"},\"sameAs\":[\"https:\\\/\\\/www.facebook.com\\\/coexcorporation\",\"https:\\\/\\\/x.com\\\/coexgroup\",\"https:\\\/\\\/www.instagram.com\\\/coexcorporation\\\/\",\"https:\\\/\\\/www.linkedin.com\\\/company\\\/coexcorporation\\\/\",\"https:\\\/\\\/www.youtube.com\\\/c\\\/COEXCORPORATION\"],\"hasMerchantReturnPolicy\":{\"@type\":\"MerchantReturnPolicy\",\"merchantReturnLink\":\"https:\\\/\\\/coexcorporation.com\\\/en\\\/reembolso_devoluciones\\\/\"}}]}<\/script>\n<!-- \/ Yoast SEO Premium plugin. -->","yoast_head_json":{"title":"LinkedIn Newsletter \" COEX Corporation","robots":{"index":"index","follow":"follow","max-snippet":"max-snippet:-1","max-image-preview":"max-image-preview:large","max-video-preview":"max-video-preview:-1"},"canonical":"https:\/\/coexcorporation.com\/en\/newsletter-linkedin\/","og_locale":"en_US","og_type":"article","og_title":"Newsletter LinkedIn","og_description":"COMEX para todos \u00abComex para todos\u00bb en LinkedIn es una publicaci\u00f3n peri\u00f3dica que se enfoca en diversos aspectos del comercio exterior. A trav\u00e9s de sus ediciones, ofrece a los profesionales del sector informaci\u00f3n actualizada sobre tendencias globales, cambios en regulaciones internacionales y an\u00e1lisis de mercados emergentes. Adem\u00e1s, proporciona consejos pr\u00e1cticos para empresas que buscan expandirse [&hellip;]","og_url":"https:\/\/coexcorporation.com\/en\/newsletter-linkedin\/","og_site_name":"COEX Corporation","article_publisher":"https:\/\/www.facebook.com\/coexcorporation","article_modified_time":"2025-02-28T16:24:43+00:00","og_image":[{"url":"https:\/\/coexcorporation.com\/wp-content\/uploads\/2024\/02\/Membresia-COEX-Gratis-300x300.webp","type":"","width":"","height":""}],"twitter_card":"summary_large_image","twitter_site":"@coexgroup","twitter_misc":{"Est. reading time":"1 minute"},"schema":{"@context":"https:\/\/schema.org","@graph":[{"@type":"WebPage","@id":"https:\/\/coexcorporation.com\/newsletter-linkedin\/","url":"https:\/\/coexcorporation.com\/newsletter-linkedin\/","name":"LinkedIn Newsletter \" COEX Corporation","isPartOf":{"@id":"https:\/\/coexcorporation.com\/#website"},"primaryImageOfPage":{"@id":"https:\/\/coexcorporation.com\/newsletter-linkedin\/#primaryimage"},"image":{"@id":"https:\/\/coexcorporation.com\/newsletter-linkedin\/#primaryimage"},"thumbnailUrl":"https:\/\/coexcorporation.com\/wp-content\/uploads\/2024\/02\/Membresia-COEX-Gratis-300x300.webp","datePublished":"2025-02-20T21:07:18+00:00","dateModified":"2025-02-28T16:24:43+00:00","inLanguage":"en-US","potentialAction":[{"@type":"ReadAction","target":["https:\/\/coexcorporation.com\/newsletter-linkedin\/"]}]},{"@type":"ImageObject","inLanguage":"en-US","@id":"https:\/\/coexcorporation.com\/newsletter-linkedin\/#primaryimage","url":"https:\/\/coexcorporation.com\/wp-content\/uploads\/2024\/02\/Membresia-COEX-Gratis-300x300.webp","contentUrl":"https:\/\/coexcorporation.com\/wp-content\/uploads\/2024\/02\/Membresia-COEX-Gratis-300x300.webp"},{"@type":"WebSite","@id":"https:\/\/coexcorporation.com\/#website","url":"https:\/\/coexcorporation.com\/","name":"COEX Corporation","description":"COEX","publisher":{"@id":"https:\/\/coexcorporation.com\/#organization"},"potentialAction":[{"@type":"SearchAction","target":{"@type":"EntryPoint","urlTemplate":"https:\/\/coexcorporation.com\/?s={search_term_string}"},"query-input":{"@type":"PropertyValueSpecification","valueRequired":true,"valueName":"search_term_string"}}],"inLanguage":"en-US"},{"@type":"Organization","@id":"https:\/\/coexcorporation.com\/#organization","name":"COEX Corporation","url":"https:\/\/coexcorporation.com\/","logo":{"@type":"ImageObject","inLanguage":"en-US","@id":"https:\/\/coexcorporation.com\/#\/schema\/logo\/image\/","url":"https:\/\/coexcorporation.com\/wp-content\/uploads\/2021\/09\/COEX_Corp-SF_Baja.png","contentUrl":"https:\/\/coexcorporation.com\/wp-content\/uploads\/2021\/09\/COEX_Corp-SF_Baja.png","width":709,"height":321,"caption":"COEX Corporation"},"image":{"@id":"https:\/\/coexcorporation.com\/#\/schema\/logo\/image\/"},"sameAs":["https:\/\/www.facebook.com\/coexcorporation","https:\/\/x.com\/coexgroup","https:\/\/www.instagram.com\/coexcorporation\/","https:\/\/www.linkedin.com\/company\/coexcorporation\/","https:\/\/www.youtube.com\/c\/COEXCORPORATION"],"hasMerchantReturnPolicy":{"@type":"MerchantReturnPolicy","merchantReturnLink":"https:\/\/coexcorporation.com\/en\/reembolso_devoluciones\/"}}]}},"_links":{"self":[{"href":"https:\/\/coexcorporation.com\/en\/wp-json\/wp\/v2\/pages\/10887","targetHints":{"allow":["GET"]}}],"collection":[{"href":"https:\/\/coexcorporation.com\/en\/wp-json\/wp\/v2\/pages"}],"about":[{"href":"https:\/\/coexcorporation.com\/en\/wp-json\/wp\/v2\/types\/page"}],"author":[{"embeddable":true,"href":"https:\/\/coexcorporation.com\/en\/wp-json\/wp\/v2\/users\/1"}],"replies":[{"embeddable":true,"href":"https:\/\/coexcorporation.com\/en\/wp-json\/wp\/v2\/comments?post=10887"}],"version-history":[{"count":16,"href":"https:\/\/coexcorporation.com\/en\/wp-json\/wp\/v2\/pages\/10887\/revisions"}],"predecessor-version":[{"id":11168,"href":"https:\/\/coexcorporation.com\/en\/wp-json\/wp\/v2\/pages\/10887\/revisions\/11168"}],"wp:attachment":[{"href":"https:\/\/coexcorporation.com\/en\/wp-json\/wp\/v2\/media?parent=10887"}],"curies":[{"name":"wp","href":"https:\/\/api.w.org\/{rel}","templated":true}]}}